{"id":25,"date":"2022-01-20T16:31:26","date_gmt":"2022-01-20T16:31:26","guid":{"rendered":"https:\/\/staging.robvq.qc.ca\/gdep\/?page_id=25"},"modified":"2022-05-10T13:13:49","modified_gmt":"2022-05-10T13:13:49","slug":"accueil","status":"publish","type":"page","link":"https:\/\/robvq.qc.ca\/gdep\/","title":{"rendered":"Accueil"},"content":{"rendered":"<p>[et_pb_section fb_built=\u00a0\u00bb1&Prime; module_class=\u00a0\u00bbsection-title-h1&Prime; _builder_version=\u00a0\u00bb4.16&Prime; global_colors_info=\u00a0\u00bb{}\u00a0\u00bb][et_pb_row _builder_version=\u00a0\u00bb4.16&Prime; global_colors_info=\u00a0\u00bb{}\u00a0\u00bb][et_pb_column type=\u00a0\u00bb4_4&Prime; _builder_version=\u00a0\u00bb4.16&Prime; global_colors_info=\u00a0\u00bb{}\u00a0\u00bb][et_pb_text admin_label=\u00a0\u00bbTitre de la page\u00a0\u00bb _builder_version=\u00a0\u00bb4.16&Prime; global_colors_info=\u00a0\u00bb{}\u00a0\u00bb]<\/p>\n<h1>La Gestion Durable des Eaux Pluviales, une solution pour l\u2019adaptation aux changements climatiques<\/h1>\n<p>[\/et_pb_text][\/et_pb_column][\/et_pb_row][\/et_pb_section][et_pb_section fb_built=\u00a0\u00bb1&Prime; module_class=\u00a0\u00bbsection-h1-with-image\u00a0\u00bb _builder_version=\u00a0\u00bb4.16&Prime; global_colors_info=\u00a0\u00bb{}\u00a0\u00bb][et_pb_row _builder_version=\u00a0\u00bb4.16&Prime; global_colors_info=\u00a0\u00bb{}\u00a0\u00bb width__hover_enabled=\u00a0\u00bbon|desktop\u00a0\u00bb][et_pb_column type=\u00a0\u00bb4_4&Prime; _builder_version=\u00a0\u00bb4.16&Prime; global_colors_info=\u00a0\u00bb{}\u00a0\u00bb][et_pb_video src=\u00a0\u00bbhttps:\/\/robvq.qc.ca\/gdep\/wp-content\/uploads\/2022\/03\/ROBVQ_GDEP_leger.mp4&Prime; module_class=\u00a0\u00bblwp-video-autoplay\u00a0\u00bb _builder_version=\u00a0\u00bb4.16.0&Prime; _module_preset=\u00a0\u00bbdefault\u00a0\u00bb global_colors_info=\u00a0\u00bb{}\u00a0\u00bb][\/et_pb_video][\/et_pb_column][\/et_pb_row][et_pb_row _builder_version=\u00a0\u00bb4.16&Prime; global_colors_info=\u00a0\u00bb{}\u00a0\u00bb width__hover_enabled=\u00a0\u00bbon|desktop\u00a0\u00bb][et_pb_column type=\u00a0\u00bb4_4&Prime; _builder_version=\u00a0\u00bb4.16&Prime; global_colors_info=\u00a0\u00bb{}\u00a0\u00bb][et_pb_text _builder_version=\u00a0\u00bb4.16&Prime; global_colors_info=\u00a0\u00bb{}\u00a0\u00bb]<\/p>\n<p><strong>Cette plateforme s\u2019adresse aux instances de gestion territoriale que sont les municipalit\u00e9s et MRC<br \/>du Qu\u00e9bec.<\/strong><\/p>\n<p>Elle vise \u00e0 sensibiliser ces acteurs aux impacts des changements climatiques sur leur territoire et \u00e0 faciliter l\u2019adoption de pratiques de gestion durables des eaux pluviales comme strat\u00e9gie d\u2019adaptation \u00e0 ces al\u00e9as.<\/p>\n<p>[\/et_pb_text][\/et_pb_column][\/et_pb_row][\/et_pb_section][et_pb_section fb_built=\u00a0\u00bb1&Prime; module_class=\u00a0\u00bbsection-title-h2&Prime; _builder_version=\u00a0\u00bb4.16&Prime; collapsed=\u00a0\u00bboff\u00a0\u00bb global_colors_info=\u00a0\u00bb{}\u00a0\u00bb][et_pb_row _builder_version=\u00a0\u00bb4.16&Prime; global_colors_info=\u00a0\u00bb{}\u00a0\u00bb][et_pb_column type=\u00a0\u00bb4_4&Prime; _builder_version=\u00a0\u00bb4.16&Prime; global_colors_info=\u00a0\u00bb{}\u00a0\u00bb][et_pb_text admin_label=\u00a0\u00bbTitre H2&Prime; _builder_version=\u00a0\u00bb4.16&Prime; global_colors_info=\u00a0\u00bb{}\u00a0\u00bb]<\/p>\n<h2>Les changements climatiques au Qu\u00e9bec, une dure r\u00e9alit\u00e9<\/h2>\n<p>[\/et_pb_text][\/et_pb_column][\/et_pb_row][\/et_pb_section][et_pb_section fb_built=\u00a0\u00bb1&Prime; admin_label=\u00a0\u00bbSection &#8211; PRINTEMPS 2019&Prime; module_id=\u00a0\u00bbkey-fact-2019&Prime; module_class=\u00a0\u00bbsection-with-bg\u00a0\u00bb _builder_version=\u00a0\u00bb4.16&Prime; custom_css_main_element=\u00a0\u00bbpadding-top:0;||padding-bottom:0;\u00a0\u00bb collapsed=\u00a0\u00bboff\u00a0\u00bb global_colors_info=\u00a0\u00bb{}\u00a0\u00bb][et_pb_row _builder_version=\u00a0\u00bb4.16&Prime; custom_css_main_element=\u00a0\u00bbpadding-top:50px;\u00a0\u00bb global_colors_info=\u00a0\u00bb{}\u00a0\u00bb][et_pb_column type=\u00a0\u00bb4_4&Prime; _builder_version=\u00a0\u00bb4.16&Prime; global_colors_info=\u00a0\u00bb{}\u00a0\u00bb][et_pb_text admin_label=\u00a0\u00bbPrintemps 2019&Prime; module_class=\u00a0\u00bbtitle-key-fact\u00a0\u00bb _builder_version=\u00a0\u00bb4.16&Prime; global_colors_info=\u00a0\u00bb{}\u00a0\u00bb]<\/p>\n<p>INONDATIONS &#8211; PRINTEMPS 2019<\/p>\n<p>[\/et_pb_text][\/et_pb_column][\/et_pb_row][et_pb_row module_class=\u00a0\u00bbrow-custom\u00a0\u00bb _builder_version=\u00a0\u00bb4.16&Prime; custom_css_main_element=\u00a0\u00bbpadding-top:0;\u00a0\u00bb global_colors_info=\u00a0\u00bb{}\u00a0\u00bb][et_pb_column type=\u00a0\u00bb4_4&Prime; _builder_version=\u00a0\u00bb4.16&Prime; global_colors_info=\u00a0\u00bb{}\u00a0\u00bb][et_pb_number_counter title=\u00a0\u00bbr\u00e9gions administratives touch\u00e9es\u00a0\u00bb number=\u00a0\u00bb17&Prime; percent_sign=\u00a0\u00bboff\u00a0\u00bb admin_label=\u00a0\u00bbCompteur nombre &#8211; regions\u00a0\u00bb module_class=\u00a0\u00bbhomepage-counter region\u00a0\u00bb _builder_version=\u00a0\u00bb4.16&Prime; global_colors_info=\u00a0\u00bb{}\u00a0\u00bb][\/et_pb_number_counter][et_pb_number_counter title=\u00a0\u00bbr\u00e9sidences inond\u00e9es\u00a0\u00bb number=\u00a0\u00bb9 070&Prime; percent_sign=\u00a0\u00bboff\u00a0\u00bb admin_label=\u00a0\u00bbCompteur nombre &#8211; r\u00e9sidences inond\u00e9es\u00a0\u00bb module_class=\u00a0\u00bbhomepage-counter residence-1&Prime; _builder_version=\u00a0\u00bb4.16&Prime; global_colors_info=\u00a0\u00bb{}\u00a0\u00bb][\/et_pb_number_counter][et_pb_number_counter title=\u00a0\u00bbmunipalit\u00e9s affect\u00e9es\u00a0\u00bb number=\u00a0\u00bb240&Prime; percent_sign=\u00a0\u00bboff\u00a0\u00bb admin_label=\u00a0\u00bbCompteur nombre &#8211; municipalit\u00e9s\u00a0\u00bb module_class=\u00a0\u00bbhomepage-counter municipalite\u00a0\u00bb _builder_version=\u00a0\u00bb4.16&Prime; global_colors_info=\u00a0\u00bb{}\u00a0\u00bb][\/et_pb_number_counter][et_pb_number_counter title=\u00a0\u00bbr\u00e9sidences isol\u00e9es\u00a0\u00bb number=\u00a0\u00bb3 458&Prime; percent_sign=\u00a0\u00bboff\u00a0\u00bb admin_label=\u00a0\u00bbCompteur nombre &#8211; r\u00e9sidences isolees\u00a0\u00bb module_class=\u00a0\u00bbhomepage-counter residence-2&Prime; _builder_version=\u00a0\u00bb4.16&Prime; global_colors_info=\u00a0\u00bb{}\u00a0\u00bb][\/et_pb_number_counter][et_pb_number_counter title=\u00a0\u00bbroutes submerg\u00e9es\u00a0\u00bb number=\u00a0\u00bb760&Prime; percent_sign=\u00a0\u00bboff\u00a0\u00bb admin_label=\u00a0\u00bbCompteur nombre &#8211; routes\u00a0\u00bb module_class=\u00a0\u00bbhomepage-counter route\u00a0\u00bb _builder_version=\u00a0\u00bb4.16&Prime; global_colors_info=\u00a0\u00bb{}\u00a0\u00bb][\/et_pb_number_counter][et_pb_number_counter title=\u00a0\u00bbpersonnes \u00e9vacu\u00e9es\u00a0\u00bb number=\u00a0\u00bb10 000&Prime; percent_sign=\u00a0\u00bboff\u00a0\u00bb admin_label=\u00a0\u00bbCompteur nombre &#8211; personnes\u00a0\u00bb module_class=\u00a0\u00bbhomepage-counter evacuation\u00a0\u00bb _builder_version=\u00a0\u00bb4.16&Prime; global_colors_info=\u00a0\u00bb{}\u00a0\u00bb][\/et_pb_number_counter][\/et_pb_column][\/et_pb_row][\/et_pb_section][et_pb_section fb_built=\u00a0\u00bb1&Prime; admin_label=\u00a0\u00bbSection &#8211; PRINTEMPS 2017&Prime; module_id=\u00a0\u00bbkey-fact-2017&Prime; _builder_version=\u00a0\u00bb4.16&Prime; custom_css_main_element=\u00a0\u00bbpadding-top:0;\u00a0\u00bb collapsed=\u00a0\u00bboff\u00a0\u00bb global_colors_info=\u00a0\u00bb{}\u00a0\u00bb][et_pb_row _builder_version=\u00a0\u00bb4.16&Prime; custom_css_main_element=\u00a0\u00bbpadding-top:0;\u00a0\u00bb global_colors_info=\u00a0\u00bb{}\u00a0\u00bb][et_pb_column type=\u00a0\u00bb4_4&Prime; _builder_version=\u00a0\u00bb4.16&Prime; global_colors_info=\u00a0\u00bb{}\u00a0\u00bb][et_pb_text admin_label=\u00a0\u00bbPrintemps 2017&Prime; module_class=\u00a0\u00bbtitle-key-fact\u00a0\u00bb _builder_version=\u00a0\u00bb4.16&Prime; global_colors_info=\u00a0\u00bb{}\u00a0\u00bb]<\/p>\n<p>INONDATIONS &#8211; PRINTEMPS 2017<\/p>\n<p>[\/et_pb_text][\/et_pb_column][\/et_pb_row][et_pb_row module_class=\u00a0\u00bbrow-custom\u00a0\u00bb _builder_version=\u00a0\u00bb4.16&Prime; custom_css_main_element=\u00a0\u00bbpadding-top:0;||padding-bottom:0;\u00a0\u00bb global_colors_info=\u00a0\u00bb{}\u00a0\u00bb][et_pb_column type=\u00a0\u00bb4_4&Prime; _builder_version=\u00a0\u00bb4.16&Prime; global_colors_info=\u00a0\u00bb{}\u00a0\u00bb][et_pb_number_counter title=\u00a0\u00bbr\u00e9gions administratives touch\u00e9es\u00a0\u00bb number=\u00a0\u00bb15&Prime; percent_sign=\u00a0\u00bboff\u00a0\u00bb admin_label=\u00a0\u00bbCompteur nombre &#8211; regions\u00a0\u00bb module_class=\u00a0\u00bbhomepage-counter region\u00a0\u00bb _builder_version=\u00a0\u00bb4.16&Prime; global_colors_info=\u00a0\u00bb{}\u00a0\u00bb][\/et_pb_number_counter][et_pb_number_counter title=\u00a0\u00bbr\u00e9sidences inond\u00e9es\u00a0\u00bb number=\u00a0\u00bb5 400&Prime; percent_sign=\u00a0\u00bboff\u00a0\u00bb admin_label=\u00a0\u00bbCompteur nombre &#8211; r\u00e9sidences inond\u00e9es\u00a0\u00bb module_class=\u00a0\u00bbhomepage-counter residence-1&Prime; _builder_version=\u00a0\u00bb4.16&Prime; global_colors_info=\u00a0\u00bb{}\u00a0\u00bb][\/et_pb_number_counter][et_pb_number_counter title=\u00a0\u00bbmunipalit\u00e9s affect\u00e9es\u00a0\u00bb number=\u00a0\u00bb293&Prime; percent_sign=\u00a0\u00bboff\u00a0\u00bb admin_label=\u00a0\u00bbCompteur nombre &#8211; municipalit\u00e9s\u00a0\u00bb module_class=\u00a0\u00bbhomepage-counter municipalite\u00a0\u00bb _builder_version=\u00a0\u00bb4.16&Prime; global_colors_info=\u00a0\u00bb{}\u00a0\u00bb][\/et_pb_number_counter][et_pb_number_counter title=\u00a0\u00bbpersonnes \u00e9vacu\u00e9es\u00a0\u00bb number=\u00a0\u00bb4 000&Prime; percent_sign=\u00a0\u00bboff\u00a0\u00bb admin_label=\u00a0\u00bbCompteur nombre &#8211; personnes\u00a0\u00bb module_class=\u00a0\u00bbhomepage-counter evacuation\u00a0\u00bb _builder_version=\u00a0\u00bb4.16&Prime; global_colors_info=\u00a0\u00bb{}\u00a0\u00bb][\/et_pb_number_counter][et_pb_number_counter title=\u00a0\u00bbroutes submerg\u00e9es\u00a0\u00bb number=\u00a0\u00bb557&Prime; percent_sign=\u00a0\u00bboff\u00a0\u00bb admin_label=\u00a0\u00bbCompteur nombre &#8211; routes\u00a0\u00bb module_class=\u00a0\u00bbhomepage-counter route\u00a0\u00bb _builder_version=\u00a0\u00bb4.16&Prime; global_colors_info=\u00a0\u00bb{}\u00a0\u00bb][\/et_pb_number_counter][\/et_pb_column][\/et_pb_row][et_pb_row _builder_version=\u00a0\u00bb4.16&Prime; custom_css_main_element=\u00a0\u00bbpadding-top:0;\u00a0\u00bb global_colors_info=\u00a0\u00bb{}\u00a0\u00bb][et_pb_column type=\u00a0\u00bb4_4&Prime; _builder_version=\u00a0\u00bb4.16&Prime; global_colors_info=\u00a0\u00bb{}\u00a0\u00bb][et_pb_text admin_label=\u00a0\u00bbsources\u00a0\u00bb module_class=\u00a0\u00bbsource\u00a0\u00bb _builder_version=\u00a0\u00bb4.16&Prime; global_colors_info=\u00a0\u00bb{}\u00a0\u00bb]<\/p>\n<p>Sources:\u00a0<br \/>Gouvernement du Qu\u00e9bec, 2020, Des solutions durables pour mieux prot\u00e9ger nos milieux de vie, Plan de protection du territoire face aux inondations <br \/>Wikip\u00e9dia: <br \/>Inondations printani\u00e8res de 2017 au Qu\u00e9bec<br \/>Inondations printani\u00e8res de 2019 en Ontario, au Qu\u00e9bec et au Nouveau-Brunswick<\/p>\n<p>[\/et_pb_text][\/et_pb_column][\/et_pb_row][\/et_pb_section][et_pb_section fb_built=\u00a0\u00bb1&Prime; admin_label=\u00a0\u00bbEntete footer\u00a0\u00bb module_class=\u00a0\u00bbfooter-header\u00a0\u00bb _builder_version=\u00a0\u00bb4.0.11&Prime; background_enable_color=\u00a0\u00bboff\u00a0\u00bb global_module=\u00a0\u00bb65&Prime; saved_tabs=\u00a0\u00bball\u00a0\u00bb global_colors_info=\u00a0\u00bb{}\u00a0\u00bb][et_pb_row column_structure=\u00a0\u00bb3_5,2_5&Prime; _builder_version=\u00a0\u00bb4.16&Prime; global_colors_info=\u00a0\u00bb{}\u00a0\u00bb][et_pb_column type=\u00a0\u00bb3_5&Prime; _builder_version=\u00a0\u00bb4.16&Prime; global_colors_info=\u00a0\u00bb{}\u00a0\u00bb][et_pb_text admin_label=\u00a0\u00bbLes architectes du projet\u00a0\u00bb _builder_version=\u00a0\u00bb4.16&Prime; global_colors_info=\u00a0\u00bb{}\u00a0\u00bb]<\/p>\n<h2>Les architectes du projet<\/h2>\n<p>[\/et_pb_text][\/et_pb_column][et_pb_column type=\u00a0\u00bb2_5&Prime; _builder_version=\u00a0\u00bb4.16&Prime; global_colors_info=\u00a0\u00bb{}\u00a0\u00bb][et_pb_text admin_label=\u00a0\u00bbNous contacter\u00a0\u00bb _builder_version=\u00a0\u00bb4.16&Prime; global_colors_info=\u00a0\u00bb{}\u00a0\u00bb]<\/p>\n<h2>Nous contacter<\/h2>\n<p>[\/et_pb_text][\/et_pb_column][\/et_pb_row][\/et_pb_section]<\/p>\n","protected":false},"excerpt":{"rendered":"<p>La Gestion Durable des Eaux Pluviales, une solution pour l\u2019adaptation aux changements climatiquesCette plateforme s\u2019adresse aux instances de gestion territoriale que sont les municipalit\u00e9s et MRCdu Qu\u00e9bec. Elle vise \u00e0 sensibiliser ces acteurs aux impacts des changements climatiques sur leur territoire et \u00e0 faciliter l\u2019adoption de pratiques de gestion durables des eaux pluviales comme strat\u00e9gie [&hellip;]<\/p>\n","protected":false},"author":2,"featured_media":1289,"parent":0,"menu_order":0,"comment_status":"closed","ping_status":"closed","template":"","meta":{"_et_pb_use_builder":"on","_et_pb_old_content":"<!-- wp:divi\/placeholder \/-->","_et_gb_content_width":"","footnotes":""},"class_list":["post-25","page","type-page","status-publish","has-post-thumbnail","hentry"],"yoast_head":"<!-- This site is optimized with the Yoast SEO plugin v27.3 - https:\/\/yoast.com\/product\/yoast-seo-wordpress\/ -->\n<title>Accueil - GDEP - Gestion Des Eaux Pluviales<\/title>\n<meta name=\"robots\" content=\"index, follow, max-snippet:-1, max-image-preview:large, max-video-preview:-1\" \/>\n<link rel=\"canonical\" href=\"https:\/\/robvq.qc.ca\/gdep\/\" \/>\n<meta property=\"og:locale\" content=\"fr_FR\" \/>\n<meta property=\"og:type\" content=\"article\" \/>\n<meta property=\"og:title\" content=\"Accueil - GDEP - Gestion Des Eaux Pluviales\" \/>\n<meta property=\"og:description\" content=\"La Gestion Durable des Eaux Pluviales, une solution pour l\u2019adaptation aux changements climatiquesCette plateforme s\u2019adresse aux instances de gestion territoriale que sont les municipalit\u00e9s et MRCdu Qu\u00e9bec. Elle vise \u00e0 sensibiliser ces acteurs aux impacts des changements climatiques sur leur territoire et \u00e0 faciliter l\u2019adoption de pratiques de gestion durables des eaux pluviales comme strat\u00e9gie [&hellip;]\" \/>\n<meta property=\"og:url\" content=\"https:\/\/robvq.qc.ca\/gdep\/\" \/>\n<meta property=\"og:site_name\" content=\"GDEP - Gestion Des Eaux Pluviales\" \/>\n<meta property=\"article:modified_time\" content=\"2022-05-10T13:13:49+00:00\" \/>\n<meta property=\"og:image\" content=\"https:\/\/robvq.qc.ca\/gdep\/wp-content\/uploads\/2022\/05\/Bandeau_GDEP_Fb.png\" \/>\n\t<meta property=\"og:image:width\" content=\"1200\" \/>\n\t<meta property=\"og:image:height\" content=\"630\" \/>\n\t<meta property=\"og:image:type\" content=\"image\/png\" \/>\n<meta name=\"twitter:card\" content=\"summary_large_image\" \/>\n<meta name=\"twitter:label1\" content=\"Dur\u00e9e de lecture estim\u00e9e\" \/>\n\t<meta name=\"twitter:data1\" content=\"3 minutes\" \/>\n<script type=\"application\/ld+json\" class=\"yoast-schema-graph\">{\"@context\":\"https:\\\/\\\/schema.org\",\"@graph\":[{\"@type\":\"WebPage\",\"@id\":\"https:\\\/\\\/robvq.qc.ca\\\/gdep\\\/\",\"url\":\"https:\\\/\\\/robvq.qc.ca\\\/gdep\\\/\",\"name\":\"Accueil - GDEP - Gestion Des Eaux Pluviales\",\"isPartOf\":{\"@id\":\"https:\\\/\\\/robvq.qc.ca\\\/gdep\\\/#website\"},\"primaryImageOfPage\":{\"@id\":\"https:\\\/\\\/robvq.qc.ca\\\/gdep\\\/#primaryimage\"},\"image\":{\"@id\":\"https:\\\/\\\/robvq.qc.ca\\\/gdep\\\/#primaryimage\"},\"thumbnailUrl\":\"https:\\\/\\\/robvq.qc.ca\\\/gdep\\\/wp-content\\\/uploads\\\/2022\\\/05\\\/Bandeau_GDEP_Fb.png\",\"datePublished\":\"2022-01-20T16:31:26+00:00\",\"dateModified\":\"2022-05-10T13:13:49+00:00\",\"breadcrumb\":{\"@id\":\"https:\\\/\\\/robvq.qc.ca\\\/gdep\\\/#breadcrumb\"},\"inLanguage\":\"fr-FR\",\"potentialAction\":[{\"@type\":\"ReadAction\",\"target\":[\"https:\\\/\\\/robvq.qc.ca\\\/gdep\\\/\"]}]},{\"@type\":\"ImageObject\",\"inLanguage\":\"fr-FR\",\"@id\":\"https:\\\/\\\/robvq.qc.ca\\\/gdep\\\/#primaryimage\",\"url\":\"https:\\\/\\\/robvq.qc.ca\\\/gdep\\\/wp-content\\\/uploads\\\/2022\\\/05\\\/Bandeau_GDEP_Fb.png\",\"contentUrl\":\"https:\\\/\\\/robvq.qc.ca\\\/gdep\\\/wp-content\\\/uploads\\\/2022\\\/05\\\/Bandeau_GDEP_Fb.png\",\"width\":1200,\"height\":630},{\"@type\":\"BreadcrumbList\",\"@id\":\"https:\\\/\\\/robvq.qc.ca\\\/gdep\\\/#breadcrumb\",\"itemListElement\":[{\"@type\":\"ListItem\",\"position\":1,\"name\":\"Accueil\",\"item\":\"https:\\\/\\\/robvq.qc.ca\\\/gdep\\\/\"},{\"@type\":\"ListItem\",\"position\":2,\"name\":\"Accueil\"}]},{\"@type\":\"WebSite\",\"@id\":\"https:\\\/\\\/robvq.qc.ca\\\/gdep\\\/#website\",\"url\":\"https:\\\/\\\/robvq.qc.ca\\\/gdep\\\/\",\"name\":\"GDEP - Gestion Des Eaux Pluviales\",\"description\":\"\",\"potentialAction\":[{\"@type\":\"SearchAction\",\"target\":{\"@type\":\"EntryPoint\",\"urlTemplate\":\"https:\\\/\\\/robvq.qc.ca\\\/gdep\\\/?s={search_term_string}\"},\"query-input\":{\"@type\":\"PropertyValueSpecification\",\"valueRequired\":true,\"valueName\":\"search_term_string\"}}],\"inLanguage\":\"fr-FR\"}]}<\/script>\n<!-- \/ Yoast SEO plugin. -->","yoast_head_json":{"title":"Accueil - GDEP - Gestion Des Eaux Pluviales","robots":{"index":"index","follow":"follow","max-snippet":"max-snippet:-1","max-image-preview":"max-image-preview:large","max-video-preview":"max-video-preview:-1"},"canonical":"https:\/\/robvq.qc.ca\/gdep\/","og_locale":"fr_FR","og_type":"article","og_title":"Accueil - GDEP - Gestion Des Eaux Pluviales","og_description":"La Gestion Durable des Eaux Pluviales, une solution pour l\u2019adaptation aux changements climatiquesCette plateforme s\u2019adresse aux instances de gestion territoriale que sont les municipalit\u00e9s et MRCdu Qu\u00e9bec. Elle vise \u00e0 sensibiliser ces acteurs aux impacts des changements climatiques sur leur territoire et \u00e0 faciliter l\u2019adoption de pratiques de gestion durables des eaux pluviales comme strat\u00e9gie [&hellip;]","og_url":"https:\/\/robvq.qc.ca\/gdep\/","og_site_name":"GDEP - Gestion Des Eaux Pluviales","article_modified_time":"2022-05-10T13:13:49+00:00","og_image":[{"width":1200,"height":630,"url":"https:\/\/robvq.qc.ca\/gdep\/wp-content\/uploads\/2022\/05\/Bandeau_GDEP_Fb.png","type":"image\/png"}],"twitter_card":"summary_large_image","twitter_misc":{"Dur\u00e9e de lecture estim\u00e9e":"3 minutes"},"schema":{"@context":"https:\/\/schema.org","@graph":[{"@type":"WebPage","@id":"https:\/\/robvq.qc.ca\/gdep\/","url":"https:\/\/robvq.qc.ca\/gdep\/","name":"Accueil - GDEP - Gestion Des Eaux Pluviales","isPartOf":{"@id":"https:\/\/robvq.qc.ca\/gdep\/#website"},"primaryImageOfPage":{"@id":"https:\/\/robvq.qc.ca\/gdep\/#primaryimage"},"image":{"@id":"https:\/\/robvq.qc.ca\/gdep\/#primaryimage"},"thumbnailUrl":"https:\/\/robvq.qc.ca\/gdep\/wp-content\/uploads\/2022\/05\/Bandeau_GDEP_Fb.png","datePublished":"2022-01-20T16:31:26+00:00","dateModified":"2022-05-10T13:13:49+00:00","breadcrumb":{"@id":"https:\/\/robvq.qc.ca\/gdep\/#breadcrumb"},"inLanguage":"fr-FR","potentialAction":[{"@type":"ReadAction","target":["https:\/\/robvq.qc.ca\/gdep\/"]}]},{"@type":"ImageObject","inLanguage":"fr-FR","@id":"https:\/\/robvq.qc.ca\/gdep\/#primaryimage","url":"https:\/\/robvq.qc.ca\/gdep\/wp-content\/uploads\/2022\/05\/Bandeau_GDEP_Fb.png","contentUrl":"https:\/\/robvq.qc.ca\/gdep\/wp-content\/uploads\/2022\/05\/Bandeau_GDEP_Fb.png","width":1200,"height":630},{"@type":"BreadcrumbList","@id":"https:\/\/robvq.qc.ca\/gdep\/#breadcrumb","itemListElement":[{"@type":"ListItem","position":1,"name":"Accueil","item":"https:\/\/robvq.qc.ca\/gdep\/"},{"@type":"ListItem","position":2,"name":"Accueil"}]},{"@type":"WebSite","@id":"https:\/\/robvq.qc.ca\/gdep\/#website","url":"https:\/\/robvq.qc.ca\/gdep\/","name":"GDEP - Gestion Des Eaux Pluviales","description":"","potentialAction":[{"@type":"SearchAction","target":{"@type":"EntryPoint","urlTemplate":"https:\/\/robvq.qc.ca\/gdep\/?s={search_term_string}"},"query-input":{"@type":"PropertyValueSpecification","valueRequired":true,"valueName":"search_term_string"}}],"inLanguage":"fr-FR"}]}},"_links":{"self":[{"href":"https:\/\/robvq.qc.ca\/gdep\/wp-json\/wp\/v2\/pages\/25","targetHints":{"allow":["GET"]}}],"collection":[{"href":"https:\/\/robvq.qc.ca\/gdep\/wp-json\/wp\/v2\/pages"}],"about":[{"href":"https:\/\/robvq.qc.ca\/gdep\/wp-json\/wp\/v2\/types\/page"}],"author":[{"embeddable":true,"href":"https:\/\/robvq.qc.ca\/gdep\/wp-json\/wp\/v2\/users\/2"}],"replies":[{"embeddable":true,"href":"https:\/\/robvq.qc.ca\/gdep\/wp-json\/wp\/v2\/comments?post=25"}],"version-history":[{"count":112,"href":"https:\/\/robvq.qc.ca\/gdep\/wp-json\/wp\/v2\/pages\/25\/revisions"}],"predecessor-version":[{"id":1385,"href":"https:\/\/robvq.qc.ca\/gdep\/wp-json\/wp\/v2\/pages\/25\/revisions\/1385"}],"wp:featuredmedia":[{"embeddable":true,"href":"https:\/\/robvq.qc.ca\/gdep\/wp-json\/wp\/v2\/media\/1289"}],"wp:attachment":[{"href":"https:\/\/robvq.qc.ca\/gdep\/wp-json\/wp\/v2\/media?parent=25"}],"curies":[{"name":"wp","href":"https:\/\/api.w.org\/{rel}","templated":true}]}}