{"id":34,"date":"2022-01-20T16:34:25","date_gmt":"2022-01-20T16:34:25","guid":{"rendered":"https:\/\/staging.robvq.qc.ca\/gdep\/?page_id=34"},"modified":"2022-05-11T19:56:03","modified_gmt":"2022-05-11T19:56:03","slug":"soutiller","status":"publish","type":"page","link":"https:\/\/robvq.qc.ca\/gdep\/soutiller\/","title":{"rendered":"S&rsquo;outiller"},"content":{"rendered":"<p>[et_pb_section fb_built=\u00a0\u00bb1&Prime; module_class=\u00a0\u00bbsection-title-h1&Prime; _builder_version=\u00a0\u00bb4.16&Prime; global_colors_info=\u00a0\u00bb{}\u00a0\u00bb][et_pb_row _builder_version=\u00a0\u00bb4.16&Prime; global_colors_info=\u00a0\u00bb{}\u00a0\u00bb][et_pb_column type=\u00a0\u00bb4_4&Prime; _builder_version=\u00a0\u00bb4.16&Prime; global_colors_info=\u00a0\u00bb{}\u00a0\u00bb][et_pb_text admin_label=\u00a0\u00bbTitre H1&Prime; _builder_version=\u00a0\u00bb4.16&Prime; global_colors_info=\u00a0\u00bb{}\u00a0\u00bb]<\/p>\n<h1>S&rsquo;outiller<\/h1>\n<p>[\/et_pb_text][\/et_pb_column][\/et_pb_row][\/et_pb_section][et_pb_section fb_built=\u00a0\u00bb1&Prime; module_class=\u00a0\u00bb section-h1-with-image\u00a0\u00bb _builder_version=\u00a0\u00bb4.16&Prime; global_colors_info=\u00a0\u00bb{}\u00a0\u00bb][et_pb_row column_structure=\u00a0\u00bb1_2,1_2&Prime; _builder_version=\u00a0\u00bb4.16&Prime; global_colors_info=\u00a0\u00bb{}\u00a0\u00bb][et_pb_column type=\u00a0\u00bb1_2&Prime; _builder_version=\u00a0\u00bb4.16&Prime; global_colors_info=\u00a0\u00bb{}\u00a0\u00bb][et_pb_image src=\u00a0\u00bbhttps:\/\/robvq.qc.ca\/gdep\/wp-content\/uploads\/2022\/02\/outils_intro.jpg\u00a0\u00bb _builder_version=\u00a0\u00bb4.16&Prime; global_colors_info=\u00a0\u00bb{}\u00a0\u00bb][\/et_pb_image][et_pb_text admin_label=\u00a0\u00bbCr\u00e9dit Photo\u00a0\u00bb module_class=\u00a0\u00bbimage-caption\u00a0\u00bb _builder_version=\u00a0\u00bb4.17.0&Prime; _module_preset=\u00a0\u00bbdefault\u00a0\u00bb global_colors_info=\u00a0\u00bb{}\u00a0\u00bb]<\/p>\n<p>Cr\u00e9dit photo: Ville de Montr\u00e9al<\/p>\n<p>[\/et_pb_text][\/et_pb_column][et_pb_column type=\u00a0\u00bb1_2&Prime; _builder_version=\u00a0\u00bb4.16&Prime; global_colors_info=\u00a0\u00bb{}\u00a0\u00bb][et_pb_text admin_label=\u00a0\u00bbBloc de texte\u00a0\u00bb _builder_version=\u00a0\u00bb4.16&Prime; global_colors_info=\u00a0\u00bb{}\u00a0\u00bb]<\/p>\n<p>Cette section vous propose un catalogue d\u2019outils sp\u00e9cialement s\u00e9lectionn\u00e9s <strong>pour vous guider de la r\u00e9flexion \u00e0 la r\u00e9alisation de vos projets de GDEP<\/strong>.<\/p>\n<p>Ils sont organis\u00e9s en <strong>trois (3) cat\u00e9gories distinctes<\/strong> :<\/p>\n<ul>\n<li>Les outils d\u2019introduction;<\/li>\n<li>Les outils de planification;<\/li>\n<li>Les outils de mise en \u0153uvre.<\/li>\n<\/ul>\n<p>[\/et_pb_text][\/et_pb_column][\/et_pb_row][\/et_pb_section][et_pb_section fb_built=\u00a0\u00bb1&Prime; module_class=\u00a0\u00bbsection-title-h2&Prime; _builder_version=\u00a0\u00bb4.16&Prime; collapsed=\u00a0\u00bboff\u00a0\u00bb global_colors_info=\u00a0\u00bb{}\u00a0\u00bb][et_pb_row _builder_version=\u00a0\u00bb4.16&Prime; global_colors_info=\u00a0\u00bb{}\u00a0\u00bb][et_pb_column type=\u00a0\u00bb4_4&Prime; _builder_version=\u00a0\u00bb4.16&Prime; global_colors_info=\u00a0\u00bb{}\u00a0\u00bb][et_pb_text admin_label=\u00a0\u00bbTitre H2 &#8211; outils d&rsquo;introduction\u00a0\u00bb _builder_version=\u00a0\u00bb4.16&Prime; global_colors_info=\u00a0\u00bb{}\u00a0\u00bb]<\/p>\n<h2>Outils d&rsquo;introduction \u00e0 la GDEP en contexte de changements climatiques<\/h2>\n<p>[\/et_pb_text][\/et_pb_column][\/et_pb_row][\/et_pb_section][et_pb_section fb_built=\u00a0\u00bb1&Prime; module_class=\u00a0\u00bbsection-with-bg section-with-image\u00a0\u00bb _builder_version=\u00a0\u00bb4.16&Prime; collapsed=\u00a0\u00bboff\u00a0\u00bb global_colors_info=\u00a0\u00bb{}\u00a0\u00bb][et_pb_row column_structure=\u00a0\u00bb2_5,3_5&Prime; _builder_version=\u00a0\u00bb4.16&Prime; global_colors_info=\u00a0\u00bb{}\u00a0\u00bb][et_pb_column type=\u00a0\u00bb2_5&Prime; _builder_version=\u00a0\u00bb4.16&Prime; global_colors_info=\u00a0\u00bb{}\u00a0\u00bb][et_pb_image src=\u00a0\u00bbhttps:\/\/robvq.qc.ca\/gdep\/wp-content\/uploads\/2022\/02\/outils_1.jpeg\u00a0\u00bb _builder_version=\u00a0\u00bb4.16&Prime; global_colors_info=\u00a0\u00bb{}\u00a0\u00bb][\/et_pb_image][et_pb_text admin_label=\u00a0\u00bbCr\u00e9dit Photo\u00a0\u00bb module_class=\u00a0\u00bbimage-caption\u00a0\u00bb _builder_version=\u00a0\u00bb4.16&Prime; _module_preset=\u00a0\u00bbdefault\u00a0\u00bb global_colors_info=\u00a0\u00bb{}\u00a0\u00bb]<\/p>\n<p>Cr\u00e9dit photo: adwo-stock.adobe.com<\/p>\n<p>[\/et_pb_text][\/et_pb_column][et_pb_column type=\u00a0\u00bb3_5&Prime; _builder_version=\u00a0\u00bb4.16&Prime; global_colors_info=\u00a0\u00bb{}\u00a0\u00bb][et_pb_text admin_label=\u00a0\u00bbBloc de texte &#8211; outils d&rsquo;introduction\u00a0\u00bb _builder_version=\u00a0\u00bb4.16&Prime; global_colors_info=\u00a0\u00bb{}\u00a0\u00bb]<\/p>\n<p><strong>Cette cat\u00e9gorie d\u2019outils a pour objectif de lancer ou d&rsquo;approfondir la r\u00e9flexion sur la n\u00e9cessit\u00e9 d\u2019implanter des pratiques de GDEP sur votre territoire.<\/strong><\/p>\n<p>Les outils qui s\u2019y trouvent vous permettront d\u2019abord d\u2019\u00e9valuer la vuln\u00e9rabilit\u00e9 de votre localit\u00e9 aux changements climatiques et de cibler les secteurs prioritaires, puis de comprendre de quelle mani\u00e8re la GDEP peut \u00eatre utilis\u00e9e comme strat\u00e9gie d\u2019adaptation \u00e0 ces al\u00e9as.<\/p>\n<p>En consultant ces outils, vous serez en mesure de d\u00e9velopper un argumentaire rigoureux justifiant l\u2019implantation de mesures de GDEP dans votre municipalit\u00e9.<\/p>\n<p>[\/et_pb_text][\/et_pb_column][\/et_pb_row][\/et_pb_section][et_pb_section fb_built=\u00a0\u00bb1&Prime; module_class=\u00a0\u00bbsection-button\u00a0\u00bb _builder_version=\u00a0\u00bb4.16&Prime; global_colors_info=\u00a0\u00bb{}\u00a0\u00bb][et_pb_row _builder_version=\u00a0\u00bb4.16&Prime; global_colors_info=\u00a0\u00bb{}\u00a0\u00bb][et_pb_column type=\u00a0\u00bb4_4&Prime; _builder_version=\u00a0\u00bb4.16&Prime; global_colors_info=\u00a0\u00bb{}\u00a0\u00bb][et_pb_button button_url=\u00a0\u00bb@ET-DC@eyJkeW5hbWljIjp0cnVlLCJjb250ZW50IjoicG9zdF9saW5rX3VybF9wYWdlIiwic2V0dGluZ3MiOnsicG9zdF9pZCI6IjIwNyJ9fQ==@\u00a0\u00bb button_text=\u00a0\u00bbAcc\u00e9der aux outils d&rsquo;introduction\u00a0\u00bb admin_label=\u00a0\u00bbBouton &#8211; outils d&rsquo;introduction\u00a0\u00bb module_class=\u00a0\u00bbdark-button\u00a0\u00bb _builder_version=\u00a0\u00bb4.16&Prime; _dynamic_attributes=\u00a0\u00bbbutton_url\u00a0\u00bb global_colors_info=\u00a0\u00bb{}\u00a0\u00bb][\/et_pb_button][\/et_pb_column][\/et_pb_row][\/et_pb_section][et_pb_section fb_built=\u00a0\u00bb1&Prime; module_class=\u00a0\u00bbsection-title-h2&Prime; _builder_version=\u00a0\u00bb4.16&Prime; global_colors_info=\u00a0\u00bb{}\u00a0\u00bb][et_pb_row _builder_version=\u00a0\u00bb4.16&Prime; global_colors_info=\u00a0\u00bb{}\u00a0\u00bb][et_pb_column type=\u00a0\u00bb4_4&Prime; _builder_version=\u00a0\u00bb4.16&Prime; global_colors_info=\u00a0\u00bb{}\u00a0\u00bb][et_pb_text admin_label=\u00a0\u00bbTitre H2 &#8211; outils de planification\u00a0\u00bb _builder_version=\u00a0\u00bb4.16&Prime; global_colors_info=\u00a0\u00bb{}\u00a0\u00bb]<\/p>\n<h2>Outils de planification<\/h2>\n<p>[\/et_pb_text][\/et_pb_column][\/et_pb_row][\/et_pb_section][et_pb_section fb_built=\u00a0\u00bb1&Prime; module_class=\u00a0\u00bbsection-with-bg section-with-image\u00a0\u00bb _builder_version=\u00a0\u00bb4.16&Prime; global_colors_info=\u00a0\u00bb{}\u00a0\u00bb][et_pb_row column_structure=\u00a0\u00bb2_5,3_5&Prime; _builder_version=\u00a0\u00bb4.16&Prime; global_colors_info=\u00a0\u00bb{}\u00a0\u00bb][et_pb_column type=\u00a0\u00bb2_5&Prime; _builder_version=\u00a0\u00bb4.16&Prime; global_colors_info=\u00a0\u00bb{}\u00a0\u00bb][et_pb_image src=\u00a0\u00bbhttps:\/\/robvq.qc.ca\/gdep\/wp-content\/uploads\/2022\/02\/outils_2.jpeg\u00a0\u00bb _builder_version=\u00a0\u00bb4.16&Prime; global_colors_info=\u00a0\u00bb{}\u00a0\u00bb][\/et_pb_image][et_pb_text admin_label=\u00a0\u00bbCr\u00e9dit Photo\u00a0\u00bb module_class=\u00a0\u00bbimage-caption\u00a0\u00bb _builder_version=\u00a0\u00bb4.16&Prime; _module_preset=\u00a0\u00bbdefault\u00a0\u00bb global_colors_info=\u00a0\u00bb{}\u00a0\u00bb]<\/p>\n<p>Cr\u00e9dit photo: reddogs-stock.adobe.com<\/p>\n<p>[\/et_pb_text][\/et_pb_column][et_pb_column type=\u00a0\u00bb3_5&Prime; _builder_version=\u00a0\u00bb4.16&Prime; global_colors_info=\u00a0\u00bb{}\u00a0\u00bb][et_pb_text admin_label=\u00a0\u00bbBloc de texte &#8211; outils de planification\u00a0\u00bb _builder_version=\u00a0\u00bb4.16&Prime; global_colors_info=\u00a0\u00bb{}\u00a0\u00bb]<\/p>\n<p><strong>Cette cat\u00e9gorie a \u00e9t\u00e9 con\u00e7ue pour vous aider \u00e0 planifier l\u2019implantation de pratiques de GDEP sur votre territoire. <\/strong><\/p>\n<p>Les outils qui y sont pr\u00e9sent\u00e9s vous permettront d\u2019abord de choisir les pratiques de gestion optimales (PGO) pour le contexte sp\u00e9cifique de votre territoire, puis de les r\u00e9partir spatialement.<\/p>\n<p>Certaines r\u00e9f\u00e9rences concernant le cadre l\u00e9gal \u00e0 respecter pour la gestion des eaux pluviales au Qu\u00e9bec sont \u00e9galement mises \u00e0 votre disposition.<\/p>\n<p>[\/et_pb_text][\/et_pb_column][\/et_pb_row][\/et_pb_section][et_pb_section fb_built=\u00a0\u00bb1&Prime; module_class=\u00a0\u00bbsection-button\u00a0\u00bb _builder_version=\u00a0\u00bb4.16&Prime; global_colors_info=\u00a0\u00bb{}\u00a0\u00bb][et_pb_row _builder_version=\u00a0\u00bb4.16&Prime; global_colors_info=\u00a0\u00bb{}\u00a0\u00bb][et_pb_column type=\u00a0\u00bb4_4&Prime; _builder_version=\u00a0\u00bb4.16&Prime; global_colors_info=\u00a0\u00bb{}\u00a0\u00bb][et_pb_button button_url=\u00a0\u00bb@ET-DC@eyJkeW5hbWljIjp0cnVlLCJjb250ZW50IjoicG9zdF9saW5rX3VybF9wYWdlIiwic2V0dGluZ3MiOnsicG9zdF9pZCI6IjMxMiJ9fQ==@\u00a0\u00bb button_text=\u00a0\u00bbAcc\u00e9der aux outils de planification\u00a0\u00bb admin_label=\u00a0\u00bbBouton &#8211; outils de planification\u00a0\u00bb module_class=\u00a0\u00bbdark-button\u00a0\u00bb _builder_version=\u00a0\u00bb4.16&Prime; _dynamic_attributes=\u00a0\u00bbbutton_url\u00a0\u00bb global_colors_info=\u00a0\u00bb{}\u00a0\u00bb][\/et_pb_button][\/et_pb_column][\/et_pb_row][\/et_pb_section][et_pb_section fb_built=\u00a0\u00bb1&Prime; module_class=\u00a0\u00bbsection-title-h2&Prime; _builder_version=\u00a0\u00bb4.16&Prime; global_colors_info=\u00a0\u00bb{}\u00a0\u00bb][et_pb_row _builder_version=\u00a0\u00bb4.16&Prime; global_colors_info=\u00a0\u00bb{}\u00a0\u00bb][et_pb_column type=\u00a0\u00bb4_4&Prime; _builder_version=\u00a0\u00bb4.16&Prime; global_colors_info=\u00a0\u00bb{}\u00a0\u00bb][et_pb_text admin_label=\u00a0\u00bbTitre H2 &#8211; outils de mise en oeuvre\u00a0\u00bb _builder_version=\u00a0\u00bb4.16&Prime; global_colors_info=\u00a0\u00bb{}\u00a0\u00bb]<\/p>\n<h2>Outils de mise en oeuvre<\/h2>\n<p>[\/et_pb_text][\/et_pb_column][\/et_pb_row][\/et_pb_section][et_pb_section fb_built=\u00a0\u00bb1&Prime; module_class=\u00a0\u00bbsection-with-bg section-with-image\u00a0\u00bb _builder_version=\u00a0\u00bb4.16&Prime; global_colors_info=\u00a0\u00bb{}\u00a0\u00bb][et_pb_row column_structure=\u00a0\u00bb2_5,3_5&Prime; _builder_version=\u00a0\u00bb4.16&Prime; global_colors_info=\u00a0\u00bb{}\u00a0\u00bb][et_pb_column type=\u00a0\u00bb2_5&Prime; _builder_version=\u00a0\u00bb4.16&Prime; global_colors_info=\u00a0\u00bb{}\u00a0\u00bb][et_pb_image src=\u00a0\u00bbhttps:\/\/robvq.qc.ca\/gdep\/wp-content\/uploads\/2022\/02\/outils_3.jpg\u00a0\u00bb _builder_version=\u00a0\u00bb4.16&Prime; global_colors_info=\u00a0\u00bb{}\u00a0\u00bb][\/et_pb_image][et_pb_text admin_label=\u00a0\u00bbCr\u00e9dit Photo\u00a0\u00bb module_class=\u00a0\u00bbimage-caption\u00a0\u00bb _builder_version=\u00a0\u00bb4.16&Prime; _module_preset=\u00a0\u00bbdefault\u00a0\u00bb global_colors_info=\u00a0\u00bb{}\u00a0\u00bb]<\/p>\n<p>Cr\u00e9dit photo: Action lac Waterloo<\/p>\n<p>[\/et_pb_text][\/et_pb_column][et_pb_column type=\u00a0\u00bb3_5&Prime; _builder_version=\u00a0\u00bb4.16&Prime; global_colors_info=\u00a0\u00bb{}\u00a0\u00bb][et_pb_text admin_label=\u00a0\u00bbBloc de texte &#8211; outils de mise en oeuvre\u00a0\u00bb _builder_version=\u00a0\u00bb4.16&Prime; global_colors_info=\u00a0\u00bb{}\u00a0\u00bb]<\/p>\n<p><strong>Cette cat\u00e9gorie a pour objectif de vous assister dans la mise en \u0153uvre de vos pratiques de gestion, qu\u2019elles soient structurales ou non. <\/strong><\/p>\n<p>Le premier th\u00e8me abord\u00e9 concerne les <strong>pratiques non structurales<\/strong>. Les r\u00e9f\u00e9rences qui s\u2019y trouvent contiennent des exemples de r\u00e8glements et de politiques de gestion adopt\u00e9es par certaines municipalit\u00e9s et MRC du Qu\u00e9bec et d\u2019ailleurs.<\/p>\n<p>Le second th\u00e8me concerne les <strong>pratiques structurales<\/strong>. On y trouve un dossier complet sur la conception des jardins de pluie ainsi que plusieurs guides de conception d\u2019infrastructures de types vari\u00e9s.<\/p>\n<p>[\/et_pb_text][\/et_pb_column][\/et_pb_row][\/et_pb_section][et_pb_section fb_built=\u00a0\u00bb1&Prime; module_class=\u00a0\u00bbsection-button\u00a0\u00bb _builder_version=\u00a0\u00bb4.16&Prime; global_colors_info=\u00a0\u00bb{}\u00a0\u00bb][et_pb_row _builder_version=\u00a0\u00bb4.16&Prime; global_colors_info=\u00a0\u00bb{}\u00a0\u00bb][et_pb_column type=\u00a0\u00bb4_4&Prime; _builder_version=\u00a0\u00bb4.16&Prime; global_colors_info=\u00a0\u00bb{}\u00a0\u00bb][et_pb_button button_url=\u00a0\u00bb@ET-DC@eyJkeW5hbWljIjp0cnVlLCJjb250ZW50IjoicG9zdF9saW5rX3VybF9wYWdlIiwic2V0dGluZ3MiOnsicG9zdF9pZCI6IjMyMSJ9fQ==@\u00a0\u00bb button_text=\u00a0\u00bbAcc\u00e9der aux outils de mise en oeuvre\u00a0\u00bb admin_label=\u00a0\u00bbBouton &#8211; outils de mise en oeuvre\u00a0\u00bb module_class=\u00a0\u00bbdark-button\u00a0\u00bb _builder_version=\u00a0\u00bb4.16&Prime; _dynamic_attributes=\u00a0\u00bbbutton_url\u00a0\u00bb global_colors_info=\u00a0\u00bb{}\u00a0\u00bb][\/et_pb_button][\/et_pb_column][\/et_pb_row][\/et_pb_section][et_pb_section fb_built=\u00a0\u00bb1&Prime; admin_label=\u00a0\u00bbEntete footer\u00a0\u00bb module_class=\u00a0\u00bbfooter-header\u00a0\u00bb _builder_version=\u00a0\u00bb4.0.11&Prime; background_enable_color=\u00a0\u00bboff\u00a0\u00bb global_module=\u00a0\u00bb65&Prime; saved_tabs=\u00a0\u00bball\u00a0\u00bb global_colors_info=\u00a0\u00bb{}\u00a0\u00bb][et_pb_row column_structure=\u00a0\u00bb3_5,2_5&Prime; _builder_version=\u00a0\u00bb4.16&Prime; global_colors_info=\u00a0\u00bb{}\u00a0\u00bb][et_pb_column type=\u00a0\u00bb3_5&Prime; _builder_version=\u00a0\u00bb4.16&Prime; global_colors_info=\u00a0\u00bb{}\u00a0\u00bb][et_pb_text admin_label=\u00a0\u00bbLes architectes du projet\u00a0\u00bb _builder_version=\u00a0\u00bb4.16&Prime; global_colors_info=\u00a0\u00bb{}\u00a0\u00bb]<\/p>\n<h2>Les architectes du projet<\/h2>\n<p>[\/et_pb_text][\/et_pb_column][et_pb_column type=\u00a0\u00bb2_5&Prime; _builder_version=\u00a0\u00bb4.16&Prime; global_colors_info=\u00a0\u00bb{}\u00a0\u00bb][et_pb_text admin_label=\u00a0\u00bbNous contacter\u00a0\u00bb _builder_version=\u00a0\u00bb4.16&Prime; global_colors_info=\u00a0\u00bb{}\u00a0\u00bb]<\/p>\n<h2>Nous contacter<\/h2>\n<p>[\/et_pb_text][\/et_pb_column][\/et_pb_row][\/et_pb_section]<\/p>\n","protected":false},"excerpt":{"rendered":"<p>S&rsquo;outillerCr\u00e9dit photo: Ville de Montr\u00e9alCette section vous propose un catalogue d\u2019outils sp\u00e9cialement s\u00e9lectionn\u00e9s pour vous guider de la r\u00e9flexion \u00e0 la r\u00e9alisation de vos projets de GDEP. Ils sont organis\u00e9s en trois (3) cat\u00e9gories distinctes : Les outils d\u2019introduction; Les outils de planification; Les outils de mise en \u0153uvre. Outils d&rsquo;introduction \u00e0 la GDEP en [&hellip;]<\/p>\n","protected":false},"author":2,"featured_media":1293,"parent":0,"menu_order":0,"comment_status":"closed","ping_status":"closed","template":"","meta":{"_et_pb_use_builder":"on","_et_pb_old_content":"","_et_gb_content_width":"","footnotes":""},"class_list":["post-34","page","type-page","status-publish","has-post-thumbnail","hentry"],"yoast_head":"<!-- This site is optimized with the Yoast SEO plugin v27.3 - https:\/\/yoast.com\/product\/yoast-seo-wordpress\/ -->\n<title>S&#039;outiller - GDEP - Gestion Des Eaux Pluviales<\/title>\n<meta name=\"robots\" content=\"index, follow, max-snippet:-1, max-image-preview:large, max-video-preview:-1\" \/>\n<link rel=\"canonical\" href=\"https:\/\/robvq.qc.ca\/gdep\/soutiller\/\" \/>\n<meta property=\"og:locale\" content=\"fr_FR\" \/>\n<meta property=\"og:type\" content=\"article\" \/>\n<meta property=\"og:title\" content=\"S&#039;outiller - GDEP - Gestion Des Eaux Pluviales\" \/>\n<meta property=\"og:description\" content=\"S&#039;outillerCr\u00e9dit photo: Ville de Montr\u00e9alCette section vous propose un catalogue d\u2019outils sp\u00e9cialement s\u00e9lectionn\u00e9s pour vous guider de la r\u00e9flexion \u00e0 la r\u00e9alisation de vos projets de GDEP. Ils sont organis\u00e9s en trois (3) cat\u00e9gories distinctes : Les outils d\u2019introduction; Les outils de planification; Les outils de mise en \u0153uvre. Outils d&#039;introduction \u00e0 la GDEP en [&hellip;]\" \/>\n<meta property=\"og:url\" content=\"https:\/\/robvq.qc.ca\/gdep\/soutiller\/\" \/>\n<meta property=\"og:site_name\" content=\"GDEP - Gestion Des Eaux Pluviales\" \/>\n<meta property=\"article:modified_time\" content=\"2022-05-11T19:56:03+00:00\" \/>\n<meta property=\"og:image\" content=\"https:\/\/robvq.qc.ca\/gdep\/wp-content\/uploads\/2022\/05\/Enrochement_du_fosse_AGIRO-1024x768.jpg\" \/>\n\t<meta property=\"og:image:width\" content=\"1024\" \/>\n\t<meta property=\"og:image:height\" content=\"768\" \/>\n\t<meta property=\"og:image:type\" content=\"image\/jpeg\" \/>\n<meta name=\"twitter:card\" content=\"summary_large_image\" \/>\n<meta name=\"twitter:label1\" content=\"Dur\u00e9e de lecture estim\u00e9e\" \/>\n\t<meta name=\"twitter:data1\" content=\"4 minutes\" \/>\n<script type=\"application\/ld+json\" class=\"yoast-schema-graph\">{\"@context\":\"https:\\\/\\\/schema.org\",\"@graph\":[{\"@type\":\"WebPage\",\"@id\":\"https:\\\/\\\/robvq.qc.ca\\\/gdep\\\/soutiller\\\/\",\"url\":\"https:\\\/\\\/robvq.qc.ca\\\/gdep\\\/soutiller\\\/\",\"name\":\"S'outiller - GDEP - Gestion Des Eaux Pluviales\",\"isPartOf\":{\"@id\":\"https:\\\/\\\/robvq.qc.ca\\\/gdep\\\/#website\"},\"primaryImageOfPage\":{\"@id\":\"https:\\\/\\\/robvq.qc.ca\\\/gdep\\\/soutiller\\\/#primaryimage\"},\"image\":{\"@id\":\"https:\\\/\\\/robvq.qc.ca\\\/gdep\\\/soutiller\\\/#primaryimage\"},\"thumbnailUrl\":\"https:\\\/\\\/robvq.qc.ca\\\/gdep\\\/wp-content\\\/uploads\\\/2022\\\/05\\\/Enrochement_du_fosse_AGIRO.jpg\",\"datePublished\":\"2022-01-20T16:34:25+00:00\",\"dateModified\":\"2022-05-11T19:56:03+00:00\",\"breadcrumb\":{\"@id\":\"https:\\\/\\\/robvq.qc.ca\\\/gdep\\\/soutiller\\\/#breadcrumb\"},\"inLanguage\":\"fr-FR\",\"potentialAction\":[{\"@type\":\"ReadAction\",\"target\":[\"https:\\\/\\\/robvq.qc.ca\\\/gdep\\\/soutiller\\\/\"]}]},{\"@type\":\"ImageObject\",\"inLanguage\":\"fr-FR\",\"@id\":\"https:\\\/\\\/robvq.qc.ca\\\/gdep\\\/soutiller\\\/#primaryimage\",\"url\":\"https:\\\/\\\/robvq.qc.ca\\\/gdep\\\/wp-content\\\/uploads\\\/2022\\\/05\\\/Enrochement_du_fosse_AGIRO.jpg\",\"contentUrl\":\"https:\\\/\\\/robvq.qc.ca\\\/gdep\\\/wp-content\\\/uploads\\\/2022\\\/05\\\/Enrochement_du_fosse_AGIRO.jpg\",\"width\":2000,\"height\":1500,\"caption\":\"Travaux d'enrochement de foss\u00e9 Source: Agiro\"},{\"@type\":\"BreadcrumbList\",\"@id\":\"https:\\\/\\\/robvq.qc.ca\\\/gdep\\\/soutiller\\\/#breadcrumb\",\"itemListElement\":[{\"@type\":\"ListItem\",\"position\":1,\"name\":\"Accueil\",\"item\":\"https:\\\/\\\/robvq.qc.ca\\\/gdep\\\/\"},{\"@type\":\"ListItem\",\"position\":2,\"name\":\"S&rsquo;outiller\"}]},{\"@type\":\"WebSite\",\"@id\":\"https:\\\/\\\/robvq.qc.ca\\\/gdep\\\/#website\",\"url\":\"https:\\\/\\\/robvq.qc.ca\\\/gdep\\\/\",\"name\":\"GDEP - Gestion Des Eaux Pluviales\",\"description\":\"\",\"potentialAction\":[{\"@type\":\"SearchAction\",\"target\":{\"@type\":\"EntryPoint\",\"urlTemplate\":\"https:\\\/\\\/robvq.qc.ca\\\/gdep\\\/?s={search_term_string}\"},\"query-input\":{\"@type\":\"PropertyValueSpecification\",\"valueRequired\":true,\"valueName\":\"search_term_string\"}}],\"inLanguage\":\"fr-FR\"}]}<\/script>\n<!-- \/ Yoast SEO plugin. -->","yoast_head_json":{"title":"S'outiller - GDEP - Gestion Des Eaux Pluviales","robots":{"index":"index","follow":"follow","max-snippet":"max-snippet:-1","max-image-preview":"max-image-preview:large","max-video-preview":"max-video-preview:-1"},"canonical":"https:\/\/robvq.qc.ca\/gdep\/soutiller\/","og_locale":"fr_FR","og_type":"article","og_title":"S'outiller - GDEP - Gestion Des Eaux Pluviales","og_description":"S'outillerCr\u00e9dit photo: Ville de Montr\u00e9alCette section vous propose un catalogue d\u2019outils sp\u00e9cialement s\u00e9lectionn\u00e9s pour vous guider de la r\u00e9flexion \u00e0 la r\u00e9alisation de vos projets de GDEP. Ils sont organis\u00e9s en trois (3) cat\u00e9gories distinctes : Les outils d\u2019introduction; Les outils de planification; Les outils de mise en \u0153uvre. Outils d'introduction \u00e0 la GDEP en [&hellip;]","og_url":"https:\/\/robvq.qc.ca\/gdep\/soutiller\/","og_site_name":"GDEP - Gestion Des Eaux Pluviales","article_modified_time":"2022-05-11T19:56:03+00:00","og_image":[{"width":1024,"height":768,"url":"https:\/\/robvq.qc.ca\/gdep\/wp-content\/uploads\/2022\/05\/Enrochement_du_fosse_AGIRO-1024x768.jpg","type":"image\/jpeg"}],"twitter_card":"summary_large_image","twitter_misc":{"Dur\u00e9e de lecture estim\u00e9e":"4 minutes"},"schema":{"@context":"https:\/\/schema.org","@graph":[{"@type":"WebPage","@id":"https:\/\/robvq.qc.ca\/gdep\/soutiller\/","url":"https:\/\/robvq.qc.ca\/gdep\/soutiller\/","name":"S'outiller - GDEP - Gestion Des Eaux Pluviales","isPartOf":{"@id":"https:\/\/robvq.qc.ca\/gdep\/#website"},"primaryImageOfPage":{"@id":"https:\/\/robvq.qc.ca\/gdep\/soutiller\/#primaryimage"},"image":{"@id":"https:\/\/robvq.qc.ca\/gdep\/soutiller\/#primaryimage"},"thumbnailUrl":"https:\/\/robvq.qc.ca\/gdep\/wp-content\/uploads\/2022\/05\/Enrochement_du_fosse_AGIRO.jpg","datePublished":"2022-01-20T16:34:25+00:00","dateModified":"2022-05-11T19:56:03+00:00","breadcrumb":{"@id":"https:\/\/robvq.qc.ca\/gdep\/soutiller\/#breadcrumb"},"inLanguage":"fr-FR","potentialAction":[{"@type":"ReadAction","target":["https:\/\/robvq.qc.ca\/gdep\/soutiller\/"]}]},{"@type":"ImageObject","inLanguage":"fr-FR","@id":"https:\/\/robvq.qc.ca\/gdep\/soutiller\/#primaryimage","url":"https:\/\/robvq.qc.ca\/gdep\/wp-content\/uploads\/2022\/05\/Enrochement_du_fosse_AGIRO.jpg","contentUrl":"https:\/\/robvq.qc.ca\/gdep\/wp-content\/uploads\/2022\/05\/Enrochement_du_fosse_AGIRO.jpg","width":2000,"height":1500,"caption":"Travaux d'enrochement de foss\u00e9 Source: Agiro"},{"@type":"BreadcrumbList","@id":"https:\/\/robvq.qc.ca\/gdep\/soutiller\/#breadcrumb","itemListElement":[{"@type":"ListItem","position":1,"name":"Accueil","item":"https:\/\/robvq.qc.ca\/gdep\/"},{"@type":"ListItem","position":2,"name":"S&rsquo;outiller"}]},{"@type":"WebSite","@id":"https:\/\/robvq.qc.ca\/gdep\/#website","url":"https:\/\/robvq.qc.ca\/gdep\/","name":"GDEP - Gestion Des Eaux Pluviales","description":"","potentialAction":[{"@type":"SearchAction","target":{"@type":"EntryPoint","urlTemplate":"https:\/\/robvq.qc.ca\/gdep\/?s={search_term_string}"},"query-input":{"@type":"PropertyValueSpecification","valueRequired":true,"valueName":"search_term_string"}}],"inLanguage":"fr-FR"}]}},"_links":{"self":[{"href":"https:\/\/robvq.qc.ca\/gdep\/wp-json\/wp\/v2\/pages\/34","targetHints":{"allow":["GET"]}}],"collection":[{"href":"https:\/\/robvq.qc.ca\/gdep\/wp-json\/wp\/v2\/pages"}],"about":[{"href":"https:\/\/robvq.qc.ca\/gdep\/wp-json\/wp\/v2\/types\/page"}],"author":[{"embeddable":true,"href":"https:\/\/robvq.qc.ca\/gdep\/wp-json\/wp\/v2\/users\/2"}],"replies":[{"embeddable":true,"href":"https:\/\/robvq.qc.ca\/gdep\/wp-json\/wp\/v2\/comments?post=34"}],"version-history":[{"count":26,"href":"https:\/\/robvq.qc.ca\/gdep\/wp-json\/wp\/v2\/pages\/34\/revisions"}],"predecessor-version":[{"id":1294,"href":"https:\/\/robvq.qc.ca\/gdep\/wp-json\/wp\/v2\/pages\/34\/revisions\/1294"}],"wp:featuredmedia":[{"embeddable":true,"href":"https:\/\/robvq.qc.ca\/gdep\/wp-json\/wp\/v2\/media\/1293"}],"wp:attachment":[{"href":"https:\/\/robvq.qc.ca\/gdep\/wp-json\/wp\/v2\/media?parent=34"}],"curies":[{"name":"wp","href":"https:\/\/api.w.org\/{rel}","templated":true}]}}