{"id":41,"date":"2022-01-20T16:35:27","date_gmt":"2022-01-20T16:35:27","guid":{"rendered":"https:\/\/staging.robvq.qc.ca\/gdep\/?page_id=41"},"modified":"2022-03-29T17:15:02","modified_gmt":"2022-03-29T17:15:02","slug":"gdep","status":"publish","type":"page","link":"https:\/\/robvq.qc.ca\/gdep\/gdep\/","title":{"rendered":"GDEP"},"content":{"rendered":"<p>[et_pb_section fb_built=\u00a0\u00bb1&Prime; admin_label=\u00a0\u00bbTitre H1&Prime; module_class=\u00a0\u00bbsection-title-h1&Prime; _builder_version=\u00a0\u00bb4.15&Prime; global_colors_info=\u00a0\u00bb{}\u00a0\u00bb][et_pb_row _builder_version=\u00a0\u00bb4.15&Prime; global_colors_info=\u00a0\u00bb{}\u00a0\u00bb][et_pb_column type=\u00a0\u00bb4_4&Prime; _builder_version=\u00a0\u00bb4.15&Prime; global_colors_info=\u00a0\u00bb{}\u00a0\u00bb][et_pb_text admin_label=\u00a0\u00bbH1 &#8211; La gestion durable des eaux pluviales: une solution pour soutenir l&rsquo;adaptation aux changements climatiques\u00a0\u00bb _builder_version=\u00a0\u00bb4.15&Prime; global_colors_info=\u00a0\u00bb{}\u00a0\u00bb]<\/p>\n<h1>La gestion durable des eaux pluviales: une solution pour soutenir l&rsquo;adaptation aux changements climatiques<\/h1>\n<p>[\/et_pb_text][\/et_pb_column][\/et_pb_row][\/et_pb_section][et_pb_section fb_built=\u00a0\u00bb1&Prime; module_class=\u00a0\u00bbsection-h1-with-image\u00a0\u00bb _builder_version=\u00a0\u00bb4.15&Prime; global_colors_info=\u00a0\u00bb{}\u00a0\u00bb][et_pb_row column_structure=\u00a0\u00bb1_2,1_2&Prime; _builder_version=\u00a0\u00bb4.15&Prime; global_colors_info=\u00a0\u00bb{}\u00a0\u00bb][et_pb_column type=\u00a0\u00bb1_2&Prime; _builder_version=\u00a0\u00bb4.15&Prime; global_colors_info=\u00a0\u00bb{}\u00a0\u00bb][et_pb_image src=\u00a0\u00bbhttps:\/\/robvq.qc.ca\/gdep\/wp-content\/uploads\/2022\/03\/Carto_zones_ref.jpg\u00a0\u00bb admin_label=\u00a0\u00bbcarte Ouranos\u00a0\u00bb _builder_version=\u00a0\u00bb4.15&Prime; global_colors_info=\u00a0\u00bb{}\u00a0\u00bb][\/et_pb_image][et_pb_text admin_label=\u00a0\u00bbL\u00e9gende\u00a0\u00bb module_class=\u00a0\u00bbsource\u00a0\u00bb _builder_version=\u00a0\u00bb4.15.1&Prime; global_colors_info=\u00a0\u00bb{}\u00a0\u00bb]<\/p>\n<p>Adapt\u00e9e par Julien Tremblay (ROBVQ), de Ouranos (2015). Vers l\u2019adaptation. Synth\u00e8se des connaissances sur les changements climatiques au Qu\u00e9bec. Partie 1 : \u00c9volution climatique au Qu\u00e9bec. \u00c9dition 2015. Montr\u00e9al, Qu\u00e9bec : Ouranos, 114 p.<\/p>\n<p>[\/et_pb_text][\/et_pb_column][et_pb_column type=\u00a0\u00bb1_2&Prime; _builder_version=\u00a0\u00bb4.15&Prime; global_colors_info=\u00a0\u00bb{}\u00a0\u00bb][et_pb_text admin_label=\u00a0\u00bbBloc de texte\u00a0\u00bb _builder_version=\u00a0\u00bb4.15.1&Prime; hover_enabled=\u00a0\u00bb0&Prime; global_colors_info=\u00a0\u00bb{}\u00a0\u00bb sticky_enabled=\u00a0\u00bb0&Prime;]<span style=\"font-weight: 400;\">Il existe, au Qu\u00e9bec, 4 zones correspondant \u00e0 4 climats diff\u00e9rents et pr\u00e9sentant leurs propres particularit\u00e9s. <strong>Toutefois, on observe des tendances g\u00e9n\u00e9rales \u00e0 l&rsquo;\u00e9chelle de la province avec, notamment, une augmentation des temp\u00e9ratures moyennes et des pr\u00e9cipitations, ainsi que des extr\u00eames plus intenses et plus fr\u00e9quents<\/strong>.<sup>1<\/sup><\/span><\/p>\n<p>Concr\u00e8tement ceci prend la forme de:<\/p>\n<ul>\n<li>Arriv\u00e9e plus tardive et une fin plus h\u00e2tive de la saison froide, avec une p\u00e9riode de gel moins longue;<\/li>\n<li>Hivers g\u00e9n\u00e9ralement moins froids avec plus de pr\u00e9cipitations sous forme de pluie;<\/li>\n<li>Une saison chaude plus longue avec plus de journ\u00e9es et de nuits tr\u00e8s chaudes;<\/li>\n<li>\u00c9pisodes extr\u00eames plus intenses et plus fr\u00e9quents (pluies diluviennes, orages, vents violents, s\u00e9cheresse, etc.);<\/li>\n<li>Cycles gel-d\u00e9gel plus fr\u00e9quents.<\/li>\n<\/ul>\n<p>[\/et_pb_text][\/et_pb_column][\/et_pb_row][et_pb_row _builder_version=\u00a0\u00bb4.15&Prime; global_colors_info=\u00a0\u00bb{}\u00a0\u00bb][et_pb_column type=\u00a0\u00bb4_4&Prime; _builder_version=\u00a0\u00bb4.15&Prime; global_colors_info=\u00a0\u00bb{}\u00a0\u00bb][et_pb_text admin_label=\u00a0\u00bbTexte &#8211; Source\u00a0\u00bb module_class=\u00a0\u00bbsource\u00a0\u00bb _builder_version=\u00a0\u00bb4.15.1&Prime; global_colors_info=\u00a0\u00bb{}\u00a0\u00bb]<\/p>\n<hr align=\"left\" noshade=\"noshade\" size=\"1\" width=\"50\" \/>\n<p><sup>\u200b1<\/sup>D&rsquo;apr\u00e8s Ouranos, 2010, Savoir s\u2019adapter aux changements climatiques dans Mon climat, ma sant\u00e9, Pour mieux s\u2019adapter aux changements climatiques (INSPQ).<\/p>\n<p>[\/et_pb_text][\/et_pb_column][\/et_pb_row][\/et_pb_section][et_pb_section fb_built=\u00a0\u00bb1&Prime; admin_label=\u00a0\u00bbTitre H2&Prime; module_class=\u00a0\u00bbsection-title-h2&Prime; _builder_version=\u00a0\u00bb4.15&Prime; global_colors_info=\u00a0\u00bb{}\u00a0\u00bb][et_pb_row _builder_version=\u00a0\u00bb4.15&Prime; global_colors_info=\u00a0\u00bb{}\u00a0\u00bb][et_pb_column type=\u00a0\u00bb4_4&Prime; _builder_version=\u00a0\u00bb4.15&Prime; global_colors_info=\u00a0\u00bb{}\u00a0\u00bb][et_pb_text admin_label=\u00a0\u00bbH2 &#8211; De r\u00e9els impacts pour les municipalit\u00e9s\u00a0\u00bb _builder_version=\u00a0\u00bb4.15&Prime; global_colors_info=\u00a0\u00bb{}\u00a0\u00bb]<\/p>\n<h2>De r\u00e9els impacts pour les municipalit\u00e9s<\/h2>\n<p>[\/et_pb_text][\/et_pb_column][\/et_pb_row][\/et_pb_section][et_pb_section fb_built=\u00a0\u00bb1&Prime; module_class=\u00a0\u00bbsection-with-bg \u00a0\u00bb _builder_version=\u00a0\u00bb4.15&Prime; global_colors_info=\u00a0\u00bb{}\u00a0\u00bb][et_pb_row _builder_version=\u00a0\u00bb4.15&Prime; global_colors_info=\u00a0\u00bb{}\u00a0\u00bb][et_pb_column type=\u00a0\u00bb4_4&Prime; _builder_version=\u00a0\u00bb4.15&Prime; global_colors_info=\u00a0\u00bb{}\u00a0\u00bb][et_pb_text admin_label=\u00a0\u00bbBloc de texte\u00a0\u00bb _builder_version=\u00a0\u00bb4.15.1&Prime; hover_enabled=\u00a0\u00bb0&Prime; global_colors_info=\u00a0\u00bb{}\u00a0\u00bb sticky_enabled=\u00a0\u00bb0&Prime;]<\/p>\n<p><strong>Ces modifications du climat pourraient entra\u00eener des impacts sur certains champs de comp\u00e9tence des municipalit\u00e9s ou encore sur leur attractivit\u00e9 (dynamisme \u00e9conomique)<\/strong> tels que:<\/p>\n<ul>\n<li>Des<a href=\"https:\/\/www.24heures.ca\/2022\/01\/20\/plus-dinondations-en-hiver?fbclid=IwAR2W0y9ZPpGmmR-86tiYx5lT9HFNQBvMculLKLIdAV5jtCRqL1uZ-ektAyM\" target=\"_blank\" rel=\"noopener\"> inondations plus fr\u00e9quentes en hiver<\/a>, notamment, et leurs impacts (r\u00e9sidences isol\u00e9es, inond\u00e9es, routes ferm\u00e9es, bris de service, etc.);<\/li>\n<li>Des <a href=\"https:\/\/www.latribune.ca\/2021\/08\/28\/cours-deau-a-sec--les-faibles-debits-de-cet-ete-risquent-de-se-reproduire-de-plus-en-plus-d54bfe77a2fe482eff8f3af158bd468d\" target=\"_blank\" rel=\"noopener\">difficult\u00e9s d\u2019approvisionnement en eau potable<\/a> \u00e0 cause d\u2019\u00e9tiages plus s\u00e9v\u00e8res et de p\u00e9riodes plus s\u00e8ches et plus chaudes;<\/li>\n<li>La <a href=\"https:\/\/www.quebecscience.qc.ca\/environnement\/eau-potable-quebec-changements-climatiques\/\" target=\"_blank\" rel=\"noopener\">d\u00e9gradation de la qualit\u00e9 de l\u2019eau potable<\/a> caus\u00e9e par l&rsquo;augmentation de la temp\u00e9rature et les \u00e9pisodes de pluies intenses;<\/li>\n<li>La disparition ou la perte de rentabilit\u00e9 de certaines activit\u00e9s de tourisme et de loisirs (<a href=\"https:\/\/lactualite.com\/societe\/les-changements-climatiques-vont-faire-mal-aux-stations-de-ski-dit-une-etude\/\" target=\"_blank\" rel=\"noopener\">ski<\/a>, <a href=\"https:\/\/www.ouranos.ca\/wp-content\/uploads\/Etat_peches_aquaculture2017.pdf#page=63\" target=\"_blank\" rel=\"noopener\">p\u00eache<\/a>, <a href=\"https:\/\/www.ouranos.ca\/wp-content\/uploads\/RapportBourque2008_FR.pdf#page=29\" target=\"_blank\" rel=\"noopener\">baignade<\/a> notamment).<\/li>\n<\/ul>\n<p>Dans un contexte de moyennes annuelles de pr\u00e9cipitations plus importantes, de pluies extr\u00eames plus fr\u00e9quentes et plus intenses et consid\u00e9rant les limites des r\u00e9seaux d\u2019\u00e9gouts qui entra\u00eenent:<\/p>\n<ul>\n<li>Des surverses de plus en plus fr\u00e9quentes;<\/li>\n<li>Des d\u00e9bordements d\u2019\u00e9gouts;<\/li>\n<li>Des inondations de routes notamment lors de pluies diluviennes;<\/li>\n<li>Des difficult\u00e9s d\u2019approvisionnement en eau potable caus\u00e9es par l\u2019amplification des \u00e9tiages;<\/li>\n<li>Etc.<\/li>\n<\/ul>\n<p>Et qui, m\u00eame moyennant des investissements de mise aux normes faramineux, s&rsquo;av\u00e9reront de nouveau, d\u2019ici quelques ann\u00e9es, inefficaces.<\/p>\n<p>[\/et_pb_text][et_pb_text admin_label=\u00a0\u00bbTexte &#8211; bloc vert\u00a0\u00bb module_class=\u00a0\u00bbhighlight\u00a0\u00bb _builder_version=\u00a0\u00bb4.15.1&Prime; hover_enabled=\u00a0\u00bb0&Prime; global_colors_info=\u00a0\u00bb{}\u00a0\u00bb sticky_enabled=\u00a0\u00bb0&Prime;]<\/p>\n<p><span style=\"font-weight: 400;\">La gestion durable des eaux pluviales (GDEP) se pr\u00e9sente comme une option pertinente permettant de r\u00e9duire efficacement et \u00e0 moindres co\u00fbts les impacts de tels al\u00e9as climatiques.\u00a0<\/span><\/p>\n<p>[\/et_pb_text][\/et_pb_column][\/et_pb_row][\/et_pb_section][et_pb_section fb_built=\u00a0\u00bb1&Prime; admin_label=\u00a0\u00bbTitre H2&Prime; module_class=\u00a0\u00bbsection-title-h2&Prime; _builder_version=\u00a0\u00bb4.15&Prime; global_colors_info=\u00a0\u00bb{}\u00a0\u00bb][et_pb_row admin_label=\u00a0\u00bbLigne\u00a0\u00bb _builder_version=\u00a0\u00bb4.15&Prime; global_colors_info=\u00a0\u00bb{}\u00a0\u00bb][et_pb_column type=\u00a0\u00bb4_4&Prime; _builder_version=\u00a0\u00bb4.15&Prime; global_colors_info=\u00a0\u00bb{}\u00a0\u00bb][et_pb_text admin_label=\u00a0\u00bbH2 &#8211; Une plateforme d\u00e9di\u00e9e\u00a0\u00bb _builder_version=\u00a0\u00bb4.15&Prime; global_colors_info=\u00a0\u00bb{}\u00a0\u00bb]<\/p>\n<h2>Une plateforme d\u00e9di\u00e9e<\/h2>\n<p>[\/et_pb_text][\/et_pb_column][\/et_pb_row][\/et_pb_section][et_pb_section fb_built=\u00a0\u00bb1&Prime; module_class=\u00a0\u00bbsection-with-bg \u00a0\u00bb _builder_version=\u00a0\u00bb4.15&Prime; global_colors_info=\u00a0\u00bb{}\u00a0\u00bb][et_pb_row _builder_version=\u00a0\u00bb4.15&Prime; global_colors_info=\u00a0\u00bb{}\u00a0\u00bb][et_pb_column type=\u00a0\u00bb4_4&Prime; _builder_version=\u00a0\u00bb4.15&Prime; global_colors_info=\u00a0\u00bb{}\u00a0\u00bb][et_pb_text admin_label=\u00a0\u00bbBloc de texte\u00a0\u00bb _builder_version=\u00a0\u00bb4.15&Prime; global_colors_info=\u00a0\u00bb{}\u00a0\u00bb]<\/p>\n<p>Consid\u00e9rant que les municipalit\u00e9s sont aux premi\u00e8res loges des impacts de tels \u00e9v\u00e8nements, nous avons con\u00e7u cette plateforme pour <strong>centraliser en un m\u00eame espace diff\u00e9rents types d\u2019information pertinents sur la gestion durable des eaux pluviales.\u00a0<\/strong>Elle concentre plusieurs outils:<\/p>\n<p>[\/et_pb_text][\/et_pb_column][\/et_pb_row][et_pb_row column_structure=\u00a0\u00bb1_3,1_3,1_3&Prime; make_equal=\u00a0\u00bbon\u00a0\u00bb _builder_version=\u00a0\u00bb4.15&Prime; custom_css_main_element=\u00a0\u00bbpadding-top:0;\u00a0\u00bb global_colors_info=\u00a0\u00bb{}\u00a0\u00bb][et_pb_column type=\u00a0\u00bb1_3&Prime; _builder_version=\u00a0\u00bb4.15&Prime; global_colors_info=\u00a0\u00bb{}\u00a0\u00bb][et_pb_blurb title=\u00a0\u00bbPOUR S&rsquo;INSPIRER\u00a0\u00bb use_icon=\u00a0\u00bbon\u00a0\u00bb font_icon=\u00a0\u00bb&#xe072;||divi||400&Prime; admin_label=\u00a0\u00bbpour s&rsquo;inspirer\u00a0\u00bb module_class=\u00a0\u00bbblock-icon\u00a0\u00bb _builder_version=\u00a0\u00bb4.15.1&Prime; _dynamic_attributes=\u00a0\u00bblink_option_url\u00a0\u00bb link_option_url=\u00a0\u00bb@ET-DC@eyJkeW5hbWljIjp0cnVlLCJjb250ZW50IjoicG9zdF9saW5rX3VybF9wYWdlIiwic2V0dGluZ3MiOnsicG9zdF9pZCI6IjMwIn19@\u00a0\u00bb hover_enabled=\u00a0\u00bb0&Prime; global_colors_info=\u00a0\u00bb{}\u00a0\u00bb sticky_enabled=\u00a0\u00bb0&Prime;]<\/p>\n<p>Des <a href=\"https:\/\/robvq.qc.ca\/gdep\/index.php\/sinspirer\/\">fiches et vid\u00e9os<\/a> illustrant des projets de GDEP de diff\u00e9rentes nature et ampleur r\u00e9alis\u00e9s au Qu\u00e9bec<\/p>\n<p>[\/et_pb_blurb][\/et_pb_column][et_pb_column type=\u00a0\u00bb1_3&Prime; _builder_version=\u00a0\u00bb4.15&Prime; global_colors_info=\u00a0\u00bb{}\u00a0\u00bb][et_pb_blurb title=\u00a0\u00bbPOUR S&rsquo;\u00c9VALUER\u00a0\u00bb use_icon=\u00a0\u00bbon\u00a0\u00bb font_icon=\u00a0\u00bb&#x6a;||divi||400&Prime; admin_label=\u00a0\u00bbpour s&rsquo;\u00e9valuer\u00a0\u00bb module_class=\u00a0\u00bbblock-icon\u00a0\u00bb _builder_version=\u00a0\u00bb4.15&Prime; _dynamic_attributes=\u00a0\u00bblink_option_url\u00a0\u00bb link_option_url=\u00a0\u00bb@ET-DC@eyJkeW5hbWljIjp0cnVlLCJjb250ZW50IjoicG9zdF9saW5rX3VybF9wYWdlIiwic2V0dGluZ3MiOnsicG9zdF9pZCI6IjM4In19@\u00a0\u00bb global_colors_info=\u00a0\u00bb{}\u00a0\u00bb]<\/p>\n<p>Une version web automatis\u00e9e de l&rsquo;<a href=\"https:\/\/robvq.qc.ca\/gdep\/index.php\/sevaluer\/\">autodiagnostic municipal de gestion durable des eaux pluviales<\/a> et l\u2019acc\u00e8s facilit\u00e9 aux suggestions relatives \u00e0 ces r\u00e9sultats<\/p>\n<p>[\/et_pb_blurb][\/et_pb_column][et_pb_column type=\u00a0\u00bb1_3&Prime; _builder_version=\u00a0\u00bb4.15&Prime; global_colors_info=\u00a0\u00bb{}\u00a0\u00bb][et_pb_blurb title=\u00a0\u00bbPOUR S&rsquo;OUTILLER\u00a0\u00bb use_icon=\u00a0\u00bbon\u00a0\u00bb font_icon=\u00a0\u00bb&#xe035;||divi||400&Prime; admin_label=\u00a0\u00bbpour s&rsquo;outiller\u00a0\u00bb module_class=\u00a0\u00bbblock-icon\u00a0\u00bb _builder_version=\u00a0\u00bb4.15&Prime; _dynamic_attributes=\u00a0\u00bblink_option_url\u00a0\u00bb link_option_url=\u00a0\u00bb@ET-DC@eyJkeW5hbWljIjp0cnVlLCJjb250ZW50IjoicG9zdF9saW5rX3VybF9wYWdlIiwic2V0dGluZ3MiOnsicG9zdF9pZCI6IjM0In19@\u00a0\u00bb global_colors_info=\u00a0\u00bb{}\u00a0\u00bb]<\/p>\n<p>Des <a href=\"https:\/\/robvq.qc.ca\/gdep\/index.php\/soutiller\/\">ressources<\/a> pour r\u00e9pondre \u00e0 vos questions et vous pr\u00e9parer \u00e0 la r\u00e9alisation de projets de GDEP<\/p>\n<p>[\/et_pb_blurb][\/et_pb_column][\/et_pb_row][et_pb_row _builder_version=\u00a0\u00bb4.15&Prime; global_colors_info=\u00a0\u00bb{}\u00a0\u00bb][et_pb_column type=\u00a0\u00bb4_4&Prime; _builder_version=\u00a0\u00bb4.15&Prime; global_colors_info=\u00a0\u00bb{}\u00a0\u00bb][et_pb_text admin_label=\u00a0\u00bbBloc de texte &#8211; Objectifs de la plateforme\u00a0\u00bb _builder_version=\u00a0\u00bb4.15&Prime; global_colors_info=\u00a0\u00bb{}\u00a0\u00bb]<\/p>\n<h3>Objectifs de la plateforme<\/h3>\n<p><strong>Insuffler, aux instances de gestion territoriale, un \u00e9lan favorisant la multiplication d\u2019am\u00e9nagement d\u2019infrastructures vertes<\/strong> et plus globalement d\u2019adoption d\u2019une approche durable de gestion des eaux pluviales par:<\/p>\n<ul>\n<li>La diffusion et la promotion de projets de GDEP r\u00e9alis\u00e9s au Qu\u00e9bec;<\/li>\n<li>L\u2019auto\u00e9valuation de ces m\u00eames instances en mati\u00e8re de GDEP;<\/li>\n<li>La diffusion de documents savamment s\u00e9lectionn\u00e9s pour les aiguiller de fa\u00e7on concr\u00e8te dans la planification de tels projets.<\/li>\n<\/ul>\n<p>[\/et_pb_text][et_pb_text admin_label=\u00a0\u00bbPublic cibl\u00e9 &#8211; bloc vert\u00a0\u00bb module_class=\u00a0\u00bbhighlight\u00a0\u00bb _builder_version=\u00a0\u00bb4.15.1&Prime; hover_enabled=\u00a0\u00bb0&Prime; global_colors_info=\u00a0\u00bb{}\u00a0\u00bb sticky_enabled=\u00a0\u00bb0&Prime;]<\/p>\n<p>PUBLIC CIBL\u00c9<\/p>\n<p>Cette plateforme s\u2019adresse donc \u00e0 toute personne travaillant au sein d\u2019une municipalit\u00e9, d\u2019une ville, d\u2019une MRC ou d\u2019une communaut\u00e9 m\u00e9tropolitaine, pour qui la gestion des eaux pluviales est un enjeu affectant le mandat (urbanistes, conseillers \u00e0 l\u2019environnement, am\u00e9nagistes, travaux publics, ing\u00e9nieurs civils, etc.).<\/p>\n<p>[\/et_pb_text][\/et_pb_column][\/et_pb_row][\/et_pb_section][et_pb_section fb_built=\u00a0\u00bb1&Prime; admin_label=\u00a0\u00bbEntete footer\u00a0\u00bb module_class=\u00a0\u00bbfooter-header\u00a0\u00bb _builder_version=\u00a0\u00bb4.0.11&Prime; background_enable_color=\u00a0\u00bboff\u00a0\u00bb global_module=\u00a0\u00bb65&Prime; saved_tabs=\u00a0\u00bball\u00a0\u00bb global_colors_info=\u00a0\u00bb{}\u00a0\u00bb][et_pb_row column_structure=\u00a0\u00bb3_5,2_5&Prime; _builder_version=\u00a0\u00bb4.15&Prime; global_colors_info=\u00a0\u00bb{}\u00a0\u00bb][et_pb_column type=\u00a0\u00bb3_5&Prime; _builder_version=\u00a0\u00bb4.15&Prime; global_colors_info=\u00a0\u00bb{}\u00a0\u00bb][et_pb_text admin_label=\u00a0\u00bbLes architectes du projet\u00a0\u00bb _builder_version=\u00a0\u00bb4.15&Prime; global_colors_info=\u00a0\u00bb{}\u00a0\u00bb]<\/p>\n<h2>Les architectes du projet<\/h2>\n<p>[\/et_pb_text][\/et_pb_column][et_pb_column type=\u00a0\u00bb2_5&Prime; _builder_version=\u00a0\u00bb4.15&Prime; global_colors_info=\u00a0\u00bb{}\u00a0\u00bb][et_pb_text admin_label=\u00a0\u00bbNous contacter\u00a0\u00bb _builder_version=\u00a0\u00bb4.15&Prime; global_colors_info=\u00a0\u00bb{}\u00a0\u00bb]<\/p>\n<h2>Nous contacter<\/h2>\n<p>[\/et_pb_text][\/et_pb_column][\/et_pb_row][\/et_pb_section]<\/p>\n","protected":false},"excerpt":{"rendered":"<p>La gestion durable des eaux pluviales: une solution pour soutenir l&rsquo;adaptation aux changements climatiquesAdapt\u00e9e par Julien Tremblay (ROBVQ), de Ouranos (2015). Vers l\u2019adaptation. Synth\u00e8se des connaissances sur les changements climatiques au Qu\u00e9bec. Partie 1 : \u00c9volution climatique au Qu\u00e9bec. \u00c9dition 2015. Montr\u00e9al, Qu\u00e9bec : Ouranos, 114 p.Il existe, au Qu\u00e9bec, 4 zones correspondant \u00e0 4 [&hellip;]<\/p>\n","protected":false},"author":2,"featured_media":0,"parent":0,"menu_order":0,"comment_status":"closed","ping_status":"closed","template":"","meta":{"_et_pb_use_builder":"on","_et_pb_old_content":"","_et_gb_content_width":"","footnotes":""},"class_list":["post-41","page","type-page","status-publish","hentry"],"yoast_head":"<!-- This site is optimized with the Yoast SEO plugin v27.3 - https:\/\/yoast.com\/product\/yoast-seo-wordpress\/ -->\n<title>GDEP - GDEP - Gestion Des Eaux Pluviales<\/title>\n<meta name=\"robots\" content=\"index, follow, max-snippet:-1, max-image-preview:large, max-video-preview:-1\" \/>\n<link rel=\"canonical\" href=\"https:\/\/robvq.qc.ca\/gdep\/gdep\/\" \/>\n<meta property=\"og:locale\" content=\"fr_FR\" \/>\n<meta property=\"og:type\" content=\"article\" \/>\n<meta property=\"og:title\" content=\"GDEP - GDEP - Gestion Des Eaux Pluviales\" \/>\n<meta property=\"og:description\" content=\"La gestion durable des eaux pluviales: une solution pour soutenir l&#039;adaptation aux changements climatiquesAdapt\u00e9e par Julien Tremblay (ROBVQ), de Ouranos (2015). Vers l\u2019adaptation. Synth\u00e8se des connaissances sur les changements climatiques au Qu\u00e9bec. Partie 1 : \u00c9volution climatique au Qu\u00e9bec. \u00c9dition 2015. Montr\u00e9al, Qu\u00e9bec : Ouranos, 114 p.Il existe, au Qu\u00e9bec, 4 zones correspondant \u00e0 4 [&hellip;]\" \/>\n<meta property=\"og:url\" content=\"https:\/\/robvq.qc.ca\/gdep\/gdep\/\" \/>\n<meta property=\"og:site_name\" content=\"GDEP - Gestion Des Eaux Pluviales\" \/>\n<meta property=\"article:modified_time\" content=\"2022-03-29T17:15:02+00:00\" \/>\n<meta name=\"twitter:card\" content=\"summary_large_image\" \/>\n<meta name=\"twitter:label1\" content=\"Dur\u00e9e de lecture estim\u00e9e\" \/>\n\t<meta name=\"twitter:data1\" content=\"5 minutes\" \/>\n<script type=\"application\/ld+json\" class=\"yoast-schema-graph\">{\"@context\":\"https:\\\/\\\/schema.org\",\"@graph\":[{\"@type\":\"WebPage\",\"@id\":\"https:\\\/\\\/robvq.qc.ca\\\/gdep\\\/gdep\\\/\",\"url\":\"https:\\\/\\\/robvq.qc.ca\\\/gdep\\\/gdep\\\/\",\"name\":\"GDEP - GDEP - Gestion Des Eaux Pluviales\",\"isPartOf\":{\"@id\":\"https:\\\/\\\/robvq.qc.ca\\\/gdep\\\/#website\"},\"datePublished\":\"2022-01-20T16:35:27+00:00\",\"dateModified\":\"2022-03-29T17:15:02+00:00\",\"breadcrumb\":{\"@id\":\"https:\\\/\\\/robvq.qc.ca\\\/gdep\\\/gdep\\\/#breadcrumb\"},\"inLanguage\":\"fr-FR\",\"potentialAction\":[{\"@type\":\"ReadAction\",\"target\":[\"https:\\\/\\\/robvq.qc.ca\\\/gdep\\\/gdep\\\/\"]}]},{\"@type\":\"BreadcrumbList\",\"@id\":\"https:\\\/\\\/robvq.qc.ca\\\/gdep\\\/gdep\\\/#breadcrumb\",\"itemListElement\":[{\"@type\":\"ListItem\",\"position\":1,\"name\":\"Accueil\",\"item\":\"https:\\\/\\\/robvq.qc.ca\\\/gdep\\\/\"},{\"@type\":\"ListItem\",\"position\":2,\"name\":\"GDEP\"}]},{\"@type\":\"WebSite\",\"@id\":\"https:\\\/\\\/robvq.qc.ca\\\/gdep\\\/#website\",\"url\":\"https:\\\/\\\/robvq.qc.ca\\\/gdep\\\/\",\"name\":\"GDEP - Gestion Des Eaux Pluviales\",\"description\":\"\",\"potentialAction\":[{\"@type\":\"SearchAction\",\"target\":{\"@type\":\"EntryPoint\",\"urlTemplate\":\"https:\\\/\\\/robvq.qc.ca\\\/gdep\\\/?s={search_term_string}\"},\"query-input\":{\"@type\":\"PropertyValueSpecification\",\"valueRequired\":true,\"valueName\":\"search_term_string\"}}],\"inLanguage\":\"fr-FR\"}]}<\/script>\n<!-- \/ Yoast SEO plugin. -->","yoast_head_json":{"title":"GDEP - GDEP - Gestion Des Eaux Pluviales","robots":{"index":"index","follow":"follow","max-snippet":"max-snippet:-1","max-image-preview":"max-image-preview:large","max-video-preview":"max-video-preview:-1"},"canonical":"https:\/\/robvq.qc.ca\/gdep\/gdep\/","og_locale":"fr_FR","og_type":"article","og_title":"GDEP - GDEP - Gestion Des Eaux Pluviales","og_description":"La gestion durable des eaux pluviales: une solution pour soutenir l'adaptation aux changements climatiquesAdapt\u00e9e par Julien Tremblay (ROBVQ), de Ouranos (2015). Vers l\u2019adaptation. Synth\u00e8se des connaissances sur les changements climatiques au Qu\u00e9bec. Partie 1 : \u00c9volution climatique au Qu\u00e9bec. \u00c9dition 2015. Montr\u00e9al, Qu\u00e9bec : Ouranos, 114 p.Il existe, au Qu\u00e9bec, 4 zones correspondant \u00e0 4 [&hellip;]","og_url":"https:\/\/robvq.qc.ca\/gdep\/gdep\/","og_site_name":"GDEP - Gestion Des Eaux Pluviales","article_modified_time":"2022-03-29T17:15:02+00:00","twitter_card":"summary_large_image","twitter_misc":{"Dur\u00e9e de lecture estim\u00e9e":"5 minutes"},"schema":{"@context":"https:\/\/schema.org","@graph":[{"@type":"WebPage","@id":"https:\/\/robvq.qc.ca\/gdep\/gdep\/","url":"https:\/\/robvq.qc.ca\/gdep\/gdep\/","name":"GDEP - GDEP - Gestion Des Eaux Pluviales","isPartOf":{"@id":"https:\/\/robvq.qc.ca\/gdep\/#website"},"datePublished":"2022-01-20T16:35:27+00:00","dateModified":"2022-03-29T17:15:02+00:00","breadcrumb":{"@id":"https:\/\/robvq.qc.ca\/gdep\/gdep\/#breadcrumb"},"inLanguage":"fr-FR","potentialAction":[{"@type":"ReadAction","target":["https:\/\/robvq.qc.ca\/gdep\/gdep\/"]}]},{"@type":"BreadcrumbList","@id":"https:\/\/robvq.qc.ca\/gdep\/gdep\/#breadcrumb","itemListElement":[{"@type":"ListItem","position":1,"name":"Accueil","item":"https:\/\/robvq.qc.ca\/gdep\/"},{"@type":"ListItem","position":2,"name":"GDEP"}]},{"@type":"WebSite","@id":"https:\/\/robvq.qc.ca\/gdep\/#website","url":"https:\/\/robvq.qc.ca\/gdep\/","name":"GDEP - Gestion Des Eaux Pluviales","description":"","potentialAction":[{"@type":"SearchAction","target":{"@type":"EntryPoint","urlTemplate":"https:\/\/robvq.qc.ca\/gdep\/?s={search_term_string}"},"query-input":{"@type":"PropertyValueSpecification","valueRequired":true,"valueName":"search_term_string"}}],"inLanguage":"fr-FR"}]}},"_links":{"self":[{"href":"https:\/\/robvq.qc.ca\/gdep\/wp-json\/wp\/v2\/pages\/41","targetHints":{"allow":["GET"]}}],"collection":[{"href":"https:\/\/robvq.qc.ca\/gdep\/wp-json\/wp\/v2\/pages"}],"about":[{"href":"https:\/\/robvq.qc.ca\/gdep\/wp-json\/wp\/v2\/types\/page"}],"author":[{"embeddable":true,"href":"https:\/\/robvq.qc.ca\/gdep\/wp-json\/wp\/v2\/users\/2"}],"replies":[{"embeddable":true,"href":"https:\/\/robvq.qc.ca\/gdep\/wp-json\/wp\/v2\/comments?post=41"}],"version-history":[{"count":54,"href":"https:\/\/robvq.qc.ca\/gdep\/wp-json\/wp\/v2\/pages\/41\/revisions"}],"predecessor-version":[{"id":1152,"href":"https:\/\/robvq.qc.ca\/gdep\/wp-json\/wp\/v2\/pages\/41\/revisions\/1152"}],"wp:attachment":[{"href":"https:\/\/robvq.qc.ca\/gdep\/wp-json\/wp\/v2\/media?parent=41"}],"curies":[{"name":"wp","href":"https:\/\/api.w.org\/{rel}","templated":true}]}}