{"id":450,"date":"2022-03-10T21:54:23","date_gmt":"2022-03-10T21:54:23","guid":{"rendered":"https:\/\/staging.robvq.qc.ca\/gdep\/?page_id=450"},"modified":"2022-11-16T19:06:58","modified_gmt":"2022-11-16T19:06:58","slug":"victoriaville-amenagements-de-surface-sur-la-rue-godin","status":"publish","type":"page","link":"https:\/\/robvq.qc.ca\/gdep\/victoriaville-amenagements-de-surface-sur-la-rue-godin\/","title":{"rendered":"Victoriaville: am\u00e9nagements de surface sur la rue Godin"},"content":{"rendered":"<p>[et_pb_section fb_built=\u00a0\u00bb1&Prime; module_class=\u00a0\u00bbsection-title-h1&Prime; _builder_version=\u00a0\u00bb4.16&Prime; global_colors_info=\u00a0\u00bb{}\u00a0\u00bb][et_pb_row _builder_version=\u00a0\u00bb4.16&Prime; global_colors_info=\u00a0\u00bb{}\u00a0\u00bb][et_pb_column type=\u00a0\u00bb4_4&Prime; _builder_version=\u00a0\u00bb4.16&Prime; global_colors_info=\u00a0\u00bb{}\u00a0\u00bb][et_pb_text admin_label=\u00a0\u00bbTitre H1&Prime; _builder_version=\u00a0\u00bb4.16&Prime; global_colors_info=\u00a0\u00bb{}\u00a0\u00bb]<\/p>\n<h1>Victoriaville: am\u00e9nagements de surface sur la rue Godin<\/h1>\n<p>[\/et_pb_text][\/et_pb_column][\/et_pb_row][\/et_pb_section][et_pb_section fb_built=\u00a0\u00bb1&Prime; module_class=\u00a0\u00bb section-h1-with-image\u00a0\u00bb _builder_version=\u00a0\u00bb4.16&Prime; global_colors_info=\u00a0\u00bb{}\u00a0\u00bb][et_pb_row column_structure=\u00a0\u00bb1_2,1_2&Prime; _builder_version=\u00a0\u00bb4.16&Prime; global_colors_info=\u00a0\u00bb{}\u00a0\u00bb][et_pb_column type=\u00a0\u00bb1_2&Prime; _builder_version=\u00a0\u00bb4.16&Prime; global_colors_info=\u00a0\u00bb{}\u00a0\u00bb][et_pb_video src=\u00a0\u00bbhttps:\/\/www.youtube.com\/watch?v=boe3PMHUjzA\u00a0\u00bb image_src=\u00a0\u00bbhttps:\/\/robvq.qc.ca\/gdep\/wp-content\/uploads\/2022\/02\/projet_victo.jpeg\u00a0\u00bb thumbnail_overlay_color=\u00a0\u00bbrgba(0,0,0,0.6)\u00a0\u00bb _builder_version=\u00a0\u00bb4.19.0&Prime; global_colors_info=\u00a0\u00bb{}\u00a0\u00bb][\/et_pb_video][\/et_pb_column][et_pb_column type=\u00a0\u00bb1_2&Prime; _builder_version=\u00a0\u00bb4.16&Prime; global_colors_info=\u00a0\u00bb{}\u00a0\u00bb][et_pb_text admin_label=\u00a0\u00bble projet en r\u00e9sum\u00e9\u00a0\u00bb module_class=\u00a0\u00bbproject-intro\u00a0\u00bb _builder_version=\u00a0\u00bb4.18.0&Prime; global_colors_info=\u00a0\u00bb{}\u00a0\u00bb]<\/p>\n<h3>Description du projet<\/h3>\n<p>Remplacement des conduites d\u2019\u00e9gouts de la rue Godin et ajout d\u2019un poste de pompage, d\u2019infrastructures vertes (pav\u00e9s perm\u00e9ables engazonn\u00e9s, \u00eelot de bior\u00e9tention, mat\u00e9riaux granulaires sous la rue) et r\u00e9duction des surfaces imperm\u00e9ables.<\/p>\n<p class=\"video-delay\">Dur\u00e9e de la vid\u00e9o: 00:03:39<\/p>\n<p>Source: ROBVQ, en collaboration avec le gouvernement du Qu\u00e9bec, la ville de Victoriaville, et VINCI CONSULTANTS.<\/p>\n<p>[\/et_pb_text][\/et_pb_column][\/et_pb_row][\/et_pb_section][et_pb_section fb_built=\u00a0\u00bb1&Prime; module_class=\u00a0\u00bbsection-title-h2&Prime; _builder_version=\u00a0\u00bb4.16&Prime; global_colors_info=\u00a0\u00bb{}\u00a0\u00bb][et_pb_row _builder_version=\u00a0\u00bb4.16&Prime; global_colors_info=\u00a0\u00bb{}\u00a0\u00bb][et_pb_column type=\u00a0\u00bb4_4&Prime; _builder_version=\u00a0\u00bb4.16&Prime; global_colors_info=\u00a0\u00bb{}\u00a0\u00bb][et_pb_text admin_label=\u00a0\u00bbTitre H2 &#8211; Le projet en d\u00e9tails\u00a0\u00bb _builder_version=\u00a0\u00bb4.19.0&Prime; global_colors_info=\u00a0\u00bb{}\u00a0\u00bb]<\/p>\n<h2>Le projet en d\u00e9tails<\/h2>\n<p>[\/et_pb_text][\/et_pb_column][\/et_pb_row][\/et_pb_section][et_pb_section fb_built=\u00a0\u00bb1&Prime; module_class=\u00a0\u00bbsection-with-bg\u00a0\u00bb _builder_version=\u00a0\u00bb4.16&Prime; global_colors_info=\u00a0\u00bb{}\u00a0\u00bb][et_pb_row column_structure=\u00a0\u00bb3_5,2_5&Prime; _builder_version=\u00a0\u00bb4.16&Prime; global_colors_info=\u00a0\u00bb{}\u00a0\u00bb][et_pb_column type=\u00a0\u00bb3_5&Prime; _builder_version=\u00a0\u00bb4.16&Prime; global_colors_info=\u00a0\u00bb{}\u00a0\u00bb][et_pb_text admin_label=\u00a0\u00bbContexte\u00a0\u00bb _builder_version=\u00a0\u00bb4.19.0&Prime; global_colors_info=\u00a0\u00bb{}\u00a0\u00bb]<\/p>\n<h3>Contexte<\/h3>\n<p>Travaux de mise aux normes du collecteur Saint-Henri permettant de diriger les eaux du parc industriel directement vers l\u2019usine d\u2019\u00e9puration Achille-Gagnon et donc d\u2019\u00e9viter les d\u00e9bordements dans la rivi\u00e8re Nicolet lors de pluies importantes ou de la fonte des neiges.<\/p>\n<p><strong>Il s\u2019agit du plus important projet d&rsquo;infrastructure de la ville des 25 derni\u00e8res ann\u00e9es (12 millions de dollars)<\/strong>.\u00a0Ces travaux ont par ailleurs men\u00e9 au r\u00e9am\u00e9nagement complet de plusieurs rues du quartier dont la rue Godin.<\/p>\n<p>[\/et_pb_text][\/et_pb_column][et_pb_column type=\u00a0\u00bb2_5&Prime; _builder_version=\u00a0\u00bb4.16&Prime; global_colors_info=\u00a0\u00bb{}\u00a0\u00bb][et_pb_text admin_label=\u00a0\u00bbChiffres et partenaires\u00a0\u00bb module_class=\u00a0\u00bbsheet-project-data\u00a0\u00bb _builder_version=\u00a0\u00bb4.18.0&Prime; global_colors_info=\u00a0\u00bb{}\u00a0\u00bb]<\/p>\n<p class=\"cost\">Co\u00fbt des travaux<\/p>\n<p>1,5 M $ issus du Programme de la taxe sur l\u2019essence et de la contribution du Qu\u00e9bec 2019-2023 (TECQ).<\/p>\n<p class=\"time\">\u00c9ch\u00e9ancier<\/p>\n<p>3 mois<\/p>\n<p class=\"partner\">Partenaires<\/p>\n<ul>\n<li>Municipalit\u00e9 de Victoriaville<\/li>\n<li>EXP pour la conception de la rue<\/li>\n<li>VINCI CONSULTANTS pour la conception de l\u2019\u00eelot de bior\u00e9tention<\/li>\n<li>Les citoyens (riverains de la rue Godin) pour le choix de l\u2019infrastructure verte<\/li>\n<\/ul>\n<p>[\/et_pb_text][\/et_pb_column][\/et_pb_row][et_pb_row _builder_version=\u00a0\u00bb4.16&Prime; global_colors_info=\u00a0\u00bb{}\u00a0\u00bb][et_pb_column type=\u00a0\u00bb4_4&Prime; _builder_version=\u00a0\u00bb4.16&Prime; global_colors_info=\u00a0\u00bb{}\u00a0\u00bb][et_pb_text admin_label=\u00a0\u00bbB\u00e9n\u00e9fices\u00a0\u00bb module_class=\u00a0\u00bbhighlight\u00a0\u00bb _builder_version=\u00a0\u00bb4.19.0&Prime; global_colors_info=\u00a0\u00bb{}\u00a0\u00bb]<\/p>\n<h3>B\u00e9n\u00e9fices<\/h3>\n<ul>\n<li>R\u00e9duction de la pression sur le r\u00e9seau d&rsquo;\u00e9gouts;<\/li>\n<li>R\u00e9duction des flaques d\u2019eau sur la rue, les trottoirs et aux abords des propri\u00e9t\u00e9s (meilleure infiltration naturelle de l\u2019eau);<\/li>\n<li>R\u00e9duction des \u00eelots de chaleur;<\/li>\n<li>Am\u00e9lioration de la qualit\u00e9 visuelle de la rue (fonction paysag\u00e8re);<\/li>\n<li>\u00c9conomies: canalisations plus petites et r\u00e9duction des quantit\u00e9s d\u2019eau \u00e0 traiter.<\/li>\n<\/ul>\n<p>[\/et_pb_text][\/et_pb_column][\/et_pb_row][et_pb_row _builder_version=\u00a0\u00bb4.16&Prime; global_colors_info=\u00a0\u00bb{}\u00a0\u00bb][et_pb_column type=\u00a0\u00bb4_4&Prime; _builder_version=\u00a0\u00bb4.16&Prime; global_colors_info=\u00a0\u00bb{}\u00a0\u00bb][et_pb_text admin_label=\u00a0\u00bbParticularit\u00e9s\u00a0\u00bb _builder_version=\u00a0\u00bb4.19.0&Prime; global_colors_info=\u00a0\u00bb{}\u00a0\u00bb]<\/p>\n<h3>Particularit\u00e9s du projet<\/h3>\n<ul>\n<li>Pas d\u2019augmentation du diam\u00e8tre des canalisations;<\/li>\n<li>R\u00e9pondre aux besoins des citoyens (participation citoyenne):\n<ul>\n<li>Maintenir des espaces de stationnement sur la rue;<\/li>\n<li>Fournir des infrastructures ad\u00e9quates aux personnes \u00e0 mobilit\u00e9 r\u00e9duite et \u00e0 tous types de mobilit\u00e9 (pi\u00e9tons, cyclistes,etc.).<\/li>\n<\/ul>\n<\/li>\n<\/ul>\n<p>[\/et_pb_text][\/et_pb_column][\/et_pb_row][et_pb_row _builder_version=\u00a0\u00bb4.16&Prime; custom_css_main_element=\u00a0\u00bbpadding-bottom:0;||padding-top:0;\u00a0\u00bb global_colors_info=\u00a0\u00bb{}\u00a0\u00bb][et_pb_column type=\u00a0\u00bb4_4&Prime; _builder_version=\u00a0\u00bb4.16&Prime; global_colors_info=\u00a0\u00bb{}\u00a0\u00bb][et_pb_text admin_label=\u00a0\u00bbTitre\u00a0\u00bb _builder_version=\u00a0\u00bb4.16&Prime; global_colors_info=\u00a0\u00bb{}\u00a0\u00bb]<\/p>\n<h3>En images<\/h3>\n<p>[\/et_pb_text][\/et_pb_column][\/et_pb_row][et_pb_row column_structure=\u00a0\u00bb1_2,1_2&Prime; _builder_version=\u00a0\u00bb4.16&Prime; global_colors_info=\u00a0\u00bb{}\u00a0\u00bb][et_pb_column type=\u00a0\u00bb1_2&Prime; _builder_version=\u00a0\u00bb4.16&Prime; global_colors_info=\u00a0\u00bb{}\u00a0\u00bb][et_pb_gallery gallery_ids=\u00a0\u00bb570,545,571,546&Prime; fullwidth=\u00a0\u00bbon\u00a0\u00bb admin_label=\u00a0\u00bbGalerie avant\/apr\u00e8s\u00a0\u00bb module_class=\u00a0\u00bbproject-gallery\u00a0\u00bb _builder_version=\u00a0\u00bb4.16&Prime; global_colors_info=\u00a0\u00bb{}\u00a0\u00bb][\/et_pb_gallery][et_pb_text admin_label=\u00a0\u00bbl\u00e9gende avant\/apres\u00a0\u00bb module_class=\u00a0\u00bbproject-gallery-caption\u00a0\u00bb _builder_version=\u00a0\u00bb4.16&Prime; global_colors_info=\u00a0\u00bb{}\u00a0\u00bb]<\/p>\n<p>Avant\/apr\u00e8s de la rue Godin &#8211; Pav\u00e9s perm\u00e9ables engazonn\u00e9s<br \/>Cr\u00e9dit photo: Ville de Victoriaville<\/p>\n<p>[\/et_pb_text][\/et_pb_column][et_pb_column type=\u00a0\u00bb1_2&Prime; _builder_version=\u00a0\u00bb4.16&Prime; global_colors_info=\u00a0\u00bb{}\u00a0\u00bb][et_pb_gallery gallery_ids=\u00a0\u00bb559,560,561,562,563,564,565,566,567&Prime; fullwidth=\u00a0\u00bbon\u00a0\u00bb module_class=\u00a0\u00bbproject-gallery\u00a0\u00bb _builder_version=\u00a0\u00bb4.16&Prime; global_colors_info=\u00a0\u00bb{}\u00a0\u00bb][\/et_pb_gallery][et_pb_text admin_label=\u00a0\u00bbl\u00e9gende ilot de bioretention\u00a0\u00bb module_class=\u00a0\u00bbproject-gallery-caption\u00a0\u00bb _builder_version=\u00a0\u00bb4.16&Prime; global_colors_info=\u00a0\u00bb{}\u00a0\u00bb]<\/p>\n<p>Il\u00f4t de bior\u00e9tention<br \/>Cr\u00e9dit photo: Ville de Victoriaville<\/p>\n<p>[\/et_pb_text][\/et_pb_column][\/et_pb_row][\/et_pb_section][et_pb_section fb_built=\u00a0\u00bb1&Prime; admin_label=\u00a0\u00bbEntete footer\u00a0\u00bb module_class=\u00a0\u00bbfooter-header\u00a0\u00bb _builder_version=\u00a0\u00bb4.0.11&Prime; background_enable_color=\u00a0\u00bboff\u00a0\u00bb global_module=\u00a0\u00bb65&Prime; saved_tabs=\u00a0\u00bball\u00a0\u00bb global_colors_info=\u00a0\u00bb{}\u00a0\u00bb][et_pb_row column_structure=\u00a0\u00bb3_5,2_5&Prime; _builder_version=\u00a0\u00bb4.16&Prime; global_colors_info=\u00a0\u00bb{}\u00a0\u00bb][et_pb_column type=\u00a0\u00bb3_5&Prime; _builder_version=\u00a0\u00bb4.16&Prime; global_colors_info=\u00a0\u00bb{}\u00a0\u00bb][et_pb_text admin_label=\u00a0\u00bbLes architectes du projet\u00a0\u00bb _builder_version=\u00a0\u00bb4.16&Prime; global_colors_info=\u00a0\u00bb{}\u00a0\u00bb]<\/p>\n<h2>Les architectes du projet<\/h2>\n<p>[\/et_pb_text][\/et_pb_column][et_pb_column type=\u00a0\u00bb2_5&Prime; _builder_version=\u00a0\u00bb4.16&Prime; global_colors_info=\u00a0\u00bb{}\u00a0\u00bb][et_pb_text admin_label=\u00a0\u00bbNous contacter\u00a0\u00bb _builder_version=\u00a0\u00bb4.16&Prime; global_colors_info=\u00a0\u00bb{}\u00a0\u00bb]<\/p>\n<h2>Nous contacter<\/h2>\n<p>[\/et_pb_text][\/et_pb_column][\/et_pb_row][\/et_pb_section]<\/p>\n","protected":false},"excerpt":{"rendered":"<p>Victoriaville: am\u00e9nagements de surface sur la rue GodinDescription du projet Remplacement des conduites d\u2019\u00e9gouts de la rue Godin et ajout d\u2019un poste de pompage, d\u2019infrastructures vertes (pav\u00e9s perm\u00e9ables engazonn\u00e9s, \u00eelot de bior\u00e9tention, mat\u00e9riaux granulaires sous la rue) et r\u00e9duction des surfaces imperm\u00e9ables. Dur\u00e9e de la vid\u00e9o: 00:03:39 Source: ROBVQ, en collaboration avec le gouvernement du [&hellip;]<\/p>\n","protected":false},"author":2,"featured_media":0,"parent":0,"menu_order":0,"comment_status":"closed","ping_status":"closed","template":"","meta":{"_et_pb_use_builder":"on","_et_pb_old_content":"","_et_gb_content_width":"","footnotes":""},"class_list":["post-450","page","type-page","status-publish","hentry"],"yoast_head":"<!-- This site is optimized with the Yoast SEO plugin v27.3 - https:\/\/yoast.com\/product\/yoast-seo-wordpress\/ -->\n<title>Victoriaville: am\u00e9nagements de surface sur la rue Godin - GDEP - Gestion Des Eaux Pluviales<\/title>\n<meta name=\"robots\" content=\"index, follow, max-snippet:-1, max-image-preview:large, max-video-preview:-1\" \/>\n<link rel=\"canonical\" href=\"https:\/\/robvq.qc.ca\/gdep\/victoriaville-amenagements-de-surface-sur-la-rue-godin\/\" \/>\n<meta property=\"og:locale\" content=\"fr_FR\" \/>\n<meta property=\"og:type\" content=\"article\" \/>\n<meta property=\"og:title\" content=\"Victoriaville: am\u00e9nagements de surface sur la rue Godin - GDEP - Gestion Des Eaux Pluviales\" \/>\n<meta property=\"og:description\" content=\"Victoriaville: am\u00e9nagements de surface sur la rue GodinDescription du projet Remplacement des conduites d\u2019\u00e9gouts de la rue Godin et ajout d\u2019un poste de pompage, d\u2019infrastructures vertes (pav\u00e9s perm\u00e9ables engazonn\u00e9s, \u00eelot de bior\u00e9tention, mat\u00e9riaux granulaires sous la rue) et r\u00e9duction des surfaces imperm\u00e9ables. Dur\u00e9e de la vid\u00e9o: 00:03:39 Source: ROBVQ, en collaboration avec le gouvernement du [&hellip;]\" \/>\n<meta property=\"og:url\" content=\"https:\/\/robvq.qc.ca\/gdep\/victoriaville-amenagements-de-surface-sur-la-rue-godin\/\" \/>\n<meta property=\"og:site_name\" content=\"GDEP - Gestion Des Eaux Pluviales\" \/>\n<meta property=\"article:modified_time\" content=\"2022-11-16T19:06:58+00:00\" \/>\n<meta name=\"twitter:card\" content=\"summary_large_image\" \/>\n<meta name=\"twitter:label1\" content=\"Dur\u00e9e de lecture estim\u00e9e\" \/>\n\t<meta name=\"twitter:data1\" content=\"3 minutes\" \/>\n<script type=\"application\/ld+json\" class=\"yoast-schema-graph\">{\"@context\":\"https:\\\/\\\/schema.org\",\"@graph\":[{\"@type\":\"WebPage\",\"@id\":\"https:\\\/\\\/robvq.qc.ca\\\/gdep\\\/victoriaville-amenagements-de-surface-sur-la-rue-godin\\\/\",\"url\":\"https:\\\/\\\/robvq.qc.ca\\\/gdep\\\/victoriaville-amenagements-de-surface-sur-la-rue-godin\\\/\",\"name\":\"Victoriaville: am\u00e9nagements de surface sur la rue Godin - GDEP - Gestion Des Eaux Pluviales\",\"isPartOf\":{\"@id\":\"https:\\\/\\\/robvq.qc.ca\\\/gdep\\\/#website\"},\"datePublished\":\"2022-03-10T21:54:23+00:00\",\"dateModified\":\"2022-11-16T19:06:58+00:00\",\"breadcrumb\":{\"@id\":\"https:\\\/\\\/robvq.qc.ca\\\/gdep\\\/victoriaville-amenagements-de-surface-sur-la-rue-godin\\\/#breadcrumb\"},\"inLanguage\":\"fr-FR\",\"potentialAction\":[{\"@type\":\"ReadAction\",\"target\":[\"https:\\\/\\\/robvq.qc.ca\\\/gdep\\\/victoriaville-amenagements-de-surface-sur-la-rue-godin\\\/\"]}]},{\"@type\":\"BreadcrumbList\",\"@id\":\"https:\\\/\\\/robvq.qc.ca\\\/gdep\\\/victoriaville-amenagements-de-surface-sur-la-rue-godin\\\/#breadcrumb\",\"itemListElement\":[{\"@type\":\"ListItem\",\"position\":1,\"name\":\"Accueil\",\"item\":\"https:\\\/\\\/robvq.qc.ca\\\/gdep\\\/\"},{\"@type\":\"ListItem\",\"position\":2,\"name\":\"Victoriaville: am\u00e9nagements de surface sur la rue Godin\"}]},{\"@type\":\"WebSite\",\"@id\":\"https:\\\/\\\/robvq.qc.ca\\\/gdep\\\/#website\",\"url\":\"https:\\\/\\\/robvq.qc.ca\\\/gdep\\\/\",\"name\":\"GDEP - Gestion Des Eaux Pluviales\",\"description\":\"\",\"potentialAction\":[{\"@type\":\"SearchAction\",\"target\":{\"@type\":\"EntryPoint\",\"urlTemplate\":\"https:\\\/\\\/robvq.qc.ca\\\/gdep\\\/?s={search_term_string}\"},\"query-input\":{\"@type\":\"PropertyValueSpecification\",\"valueRequired\":true,\"valueName\":\"search_term_string\"}}],\"inLanguage\":\"fr-FR\"}]}<\/script>\n<!-- \/ Yoast SEO plugin. -->","yoast_head_json":{"title":"Victoriaville: am\u00e9nagements de surface sur la rue Godin - GDEP - Gestion Des Eaux Pluviales","robots":{"index":"index","follow":"follow","max-snippet":"max-snippet:-1","max-image-preview":"max-image-preview:large","max-video-preview":"max-video-preview:-1"},"canonical":"https:\/\/robvq.qc.ca\/gdep\/victoriaville-amenagements-de-surface-sur-la-rue-godin\/","og_locale":"fr_FR","og_type":"article","og_title":"Victoriaville: am\u00e9nagements de surface sur la rue Godin - GDEP - Gestion Des Eaux Pluviales","og_description":"Victoriaville: am\u00e9nagements de surface sur la rue GodinDescription du projet Remplacement des conduites d\u2019\u00e9gouts de la rue Godin et ajout d\u2019un poste de pompage, d\u2019infrastructures vertes (pav\u00e9s perm\u00e9ables engazonn\u00e9s, \u00eelot de bior\u00e9tention, mat\u00e9riaux granulaires sous la rue) et r\u00e9duction des surfaces imperm\u00e9ables. Dur\u00e9e de la vid\u00e9o: 00:03:39 Source: ROBVQ, en collaboration avec le gouvernement du [&hellip;]","og_url":"https:\/\/robvq.qc.ca\/gdep\/victoriaville-amenagements-de-surface-sur-la-rue-godin\/","og_site_name":"GDEP - Gestion Des Eaux Pluviales","article_modified_time":"2022-11-16T19:06:58+00:00","twitter_card":"summary_large_image","twitter_misc":{"Dur\u00e9e de lecture estim\u00e9e":"3 minutes"},"schema":{"@context":"https:\/\/schema.org","@graph":[{"@type":"WebPage","@id":"https:\/\/robvq.qc.ca\/gdep\/victoriaville-amenagements-de-surface-sur-la-rue-godin\/","url":"https:\/\/robvq.qc.ca\/gdep\/victoriaville-amenagements-de-surface-sur-la-rue-godin\/","name":"Victoriaville: am\u00e9nagements de surface sur la rue Godin - GDEP - Gestion Des Eaux Pluviales","isPartOf":{"@id":"https:\/\/robvq.qc.ca\/gdep\/#website"},"datePublished":"2022-03-10T21:54:23+00:00","dateModified":"2022-11-16T19:06:58+00:00","breadcrumb":{"@id":"https:\/\/robvq.qc.ca\/gdep\/victoriaville-amenagements-de-surface-sur-la-rue-godin\/#breadcrumb"},"inLanguage":"fr-FR","potentialAction":[{"@type":"ReadAction","target":["https:\/\/robvq.qc.ca\/gdep\/victoriaville-amenagements-de-surface-sur-la-rue-godin\/"]}]},{"@type":"BreadcrumbList","@id":"https:\/\/robvq.qc.ca\/gdep\/victoriaville-amenagements-de-surface-sur-la-rue-godin\/#breadcrumb","itemListElement":[{"@type":"ListItem","position":1,"name":"Accueil","item":"https:\/\/robvq.qc.ca\/gdep\/"},{"@type":"ListItem","position":2,"name":"Victoriaville: am\u00e9nagements de surface sur la rue Godin"}]},{"@type":"WebSite","@id":"https:\/\/robvq.qc.ca\/gdep\/#website","url":"https:\/\/robvq.qc.ca\/gdep\/","name":"GDEP - Gestion Des Eaux Pluviales","description":"","potentialAction":[{"@type":"SearchAction","target":{"@type":"EntryPoint","urlTemplate":"https:\/\/robvq.qc.ca\/gdep\/?s={search_term_string}"},"query-input":{"@type":"PropertyValueSpecification","valueRequired":true,"valueName":"search_term_string"}}],"inLanguage":"fr-FR"}]}},"_links":{"self":[{"href":"https:\/\/robvq.qc.ca\/gdep\/wp-json\/wp\/v2\/pages\/450","targetHints":{"allow":["GET"]}}],"collection":[{"href":"https:\/\/robvq.qc.ca\/gdep\/wp-json\/wp\/v2\/pages"}],"about":[{"href":"https:\/\/robvq.qc.ca\/gdep\/wp-json\/wp\/v2\/types\/page"}],"author":[{"embeddable":true,"href":"https:\/\/robvq.qc.ca\/gdep\/wp-json\/wp\/v2\/users\/2"}],"replies":[{"embeddable":true,"href":"https:\/\/robvq.qc.ca\/gdep\/wp-json\/wp\/v2\/comments?post=450"}],"version-history":[{"count":52,"href":"https:\/\/robvq.qc.ca\/gdep\/wp-json\/wp\/v2\/pages\/450\/revisions"}],"predecessor-version":[{"id":1339,"href":"https:\/\/robvq.qc.ca\/gdep\/wp-json\/wp\/v2\/pages\/450\/revisions\/1339"}],"wp:attachment":[{"href":"https:\/\/robvq.qc.ca\/gdep\/wp-json\/wp\/v2\/media?parent=450"}],"curies":[{"name":"wp","href":"https:\/\/api.w.org\/{rel}","templated":true}]}}