{"id":905,"date":"2022-03-26T19:45:25","date_gmt":"2022-03-26T19:45:25","guid":{"rendered":"https:\/\/staging.robvq.qc.ca\/gdep\/?page_id=905"},"modified":"2022-03-29T20:41:21","modified_gmt":"2022-03-29T20:41:21","slug":"schema-damenagement-et-de-developpement-de-la-ville-de-gatineau-integration-de-mesures-de-protection-des-milieux-humides","status":"publish","type":"page","link":"https:\/\/robvq.qc.ca\/gdep\/schema-damenagement-et-de-developpement-de-la-ville-de-gatineau-integration-de-mesures-de-protection-des-milieux-humides\/","title":{"rendered":"Sch\u00e9ma d\u2019am\u00e9nagement et de d\u00e9veloppement de la ville de Gatineau: Int\u00e9gration de mesures de protection des milieux humides"},"content":{"rendered":"<p>[et_pb_section fb_built=\u00a0\u00bb1&Prime; module_class=\u00a0\u00bbsection-title-h1&Prime; _builder_version=\u00a0\u00bb4.15&Prime; global_colors_info=\u00a0\u00bb{}\u00a0\u00bb][et_pb_row _builder_version=\u00a0\u00bb4.15&Prime; global_colors_info=\u00a0\u00bb{}\u00a0\u00bb][et_pb_column type=\u00a0\u00bb4_4&Prime; _builder_version=\u00a0\u00bb4.15&Prime; global_colors_info=\u00a0\u00bb{}\u00a0\u00bb][et_pb_text admin_label=\u00a0\u00bbTitre H1&Prime; _builder_version=\u00a0\u00bb4.15.1&Prime; global_colors_info=\u00a0\u00bb{}\u00a0\u00bb]<\/p>\n<h1>Sch\u00e9ma d\u2019am\u00e9nagement et de d\u00e9veloppement de la ville de Gatineau: Int\u00e9gration de mesures de protection des milieux humides <\/h1>\n<p>[\/et_pb_text][\/et_pb_column][\/et_pb_row][\/et_pb_section][et_pb_section fb_built=\u00a0\u00bb1&Prime; module_class=\u00a0\u00bb section-h1-with-image\u00a0\u00bb _builder_version=\u00a0\u00bb4.15&Prime; global_colors_info=\u00a0\u00bb{}\u00a0\u00bb][et_pb_row column_structure=\u00a0\u00bb1_2,1_2&Prime; _builder_version=\u00a0\u00bb4.15&Prime; global_colors_info=\u00a0\u00bb{}\u00a0\u00bb][et_pb_column type=\u00a0\u00bb1_2&Prime; _builder_version=\u00a0\u00bb4.15&Prime; global_colors_info=\u00a0\u00bb{}\u00a0\u00bb][et_pb_image src=\u00a0\u00bbhttps:\/\/robvq.qc.ca\/gdep\/wp-content\/uploads\/2022\/02\/projet_gatineau.jpg\u00a0\u00bb title_text=\u00a0\u00bbprojet_gatineau\u00a0\u00bb _builder_version=\u00a0\u00bb4.15.1&Prime; _module_preset=\u00a0\u00bbdefault\u00a0\u00bb global_colors_info=\u00a0\u00bb{}\u00a0\u00bb][\/et_pb_image][\/et_pb_column][et_pb_column type=\u00a0\u00bb1_2&Prime; _builder_version=\u00a0\u00bb4.15&Prime; global_colors_info=\u00a0\u00bb{}\u00a0\u00bb][et_pb_text admin_label=\u00a0\u00bble projet en r\u00e9sum\u00e9\u00a0\u00bb module_class=\u00a0\u00bbproject-intro\u00a0\u00bb _builder_version=\u00a0\u00bb4.15.1&Prime; hover_enabled=\u00a0\u00bb0&Prime; global_colors_info=\u00a0\u00bb{}\u00a0\u00bb sticky_enabled=\u00a0\u00bb0&Prime;]<\/p>\n<h3>Description du projet<\/h3>\n<p>Pl\u00e9biscit\u00e9es par les citoyens lors des consultations publiques pr\u00e9alables \u00e0 la mise \u00e0 jour de ses outils de planification territoriale, <strong>ces mesures permettent de prot\u00e9ger 96,8 % des 5 293 hectares de milieux humides de la ville<\/strong> (soit 9,8 % de son territoire) pr\u00e9sents dans les \u00e9coterritoires et corridors verts. La Ville impose donc des mesures r\u00e9glementaires qui restreignent les usages de fa\u00e7on \u00e0 favoriser le maintien \u00e0 l\u2019\u00e9tat naturel de ces milieux humides.<\/p>\n<p>[\/et_pb_text][\/et_pb_column][\/et_pb_row][et_pb_row _builder_version=\u00a0\u00bb4.15.1&Prime; _module_preset=\u00a0\u00bbdefault\u00a0\u00bb global_colors_info=\u00a0\u00bb{}\u00a0\u00bb][et_pb_column type=\u00a0\u00bb4_4&Prime; _builder_version=\u00a0\u00bb4.15.1&Prime; _module_preset=\u00a0\u00bbdefault\u00a0\u00bb global_colors_info=\u00a0\u00bb{}\u00a0\u00bb][et_pb_text _builder_version=\u00a0\u00bb4.15.1&Prime; _module_preset=\u00a0\u00bbdefault\u00a0\u00bb hover_enabled=\u00a0\u00bb0&Prime; global_colors_info=\u00a0\u00bb{}\u00a0\u00bb sticky_enabled=\u00a0\u00bb0&Prime;]<\/p>\n<p>\u00ab\u00a0De fa\u00e7on g\u00e9n\u00e9rale, dans le r\u00e9seau vert, les milieux humides devront \u00eatre conserv\u00e9s et les projets seront assujettis \u00e0 des normes d\u2019am\u00e9nagement particuli\u00e8res. Dans les corridors, ils devront pr\u00e9server la connectivit\u00e9 des milieux naturels. Dans les \u00e9coterritoires, ils devront avoir une empreinte \u00e9cologique restreinte et prot\u00e9ger les habitats naturels d\u2019int\u00e9r\u00eat.\u00a0\u00bb<sup>1,<\/sup><sup>2<\/sup><\/p>\n<p>[\/et_pb_text][et_pb_text admin_label=\u00a0\u00bbTexte &#8211; Source\u00a0\u00bb module_class=\u00a0\u00bbsource\u00a0\u00bb _builder_version=\u00a0\u00bb4.15.1&Prime; _module_preset=\u00a0\u00bbdefault\u00a0\u00bb global_colors_info=\u00a0\u00bb{}\u00a0\u00bb]<\/p>\n<hr align=\"left\" noshade=\"noshade\" size=\"1\" width=\"50\" \/>\n<p><sup>1<\/sup><a href=\"https:\/\/www.gatineau.ca\/docs\/guichet_municipal\/reglements_municipaux\/reglements_urbanisme\/docs\/R-2050-2016_schema\/R-2050-2016.pdf#page=118\" target=\"_blank\" rel=\"noopener\">Ville de Gatineau, Sch\u00e9ma d\u2019am\u00e9nagement et de d\u00e9veloppement r\u00e9vis\u00e9, R\u00e8glement num\u00e9ro 2050-2016, Alin\u00e9a 395\u00a0<\/a><\/p>\n<p><sup>2<\/sup> Pour plus de d\u00e9tails, consultez le <a href=\"https:\/\/www.gatineau.ca\/docs\/guichet_municipal\/reglements_municipaux\/reglements_urbanisme\/docs\/R-2050-2016_schema\/R-2050-2016.pdf#page=210\" target=\"_blank\" rel=\"noopener\">chapitre 11.2 portant sur le Plan de gestion des milieux naturels (PGMN) du SADD<\/a><\/p>\n<p>[\/et_pb_text][\/et_pb_column][\/et_pb_row][\/et_pb_section][et_pb_section fb_built=\u00a0\u00bb1&Prime; module_class=\u00a0\u00bbsection-title-h2&Prime; _builder_version=\u00a0\u00bb4.15&Prime; global_colors_info=\u00a0\u00bb{}\u00a0\u00bb][et_pb_row _builder_version=\u00a0\u00bb4.15&Prime; global_colors_info=\u00a0\u00bb{}\u00a0\u00bb][et_pb_column type=\u00a0\u00bb4_4&Prime; _builder_version=\u00a0\u00bb4.15&Prime; global_colors_info=\u00a0\u00bb{}\u00a0\u00bb][et_pb_text admin_label=\u00a0\u00bbTitre H2 &#8211; Le projet en d\u00e9tails\u00a0\u00bb _builder_version=\u00a0\u00bb4.15.1&Prime; global_colors_info=\u00a0\u00bb{}\u00a0\u00bb]<\/p>\n<h2>Le projet en d\u00e9tails<\/h2>\n<p>[\/et_pb_text][\/et_pb_column][\/et_pb_row][\/et_pb_section][et_pb_section fb_built=\u00a0\u00bb1&Prime; module_class=\u00a0\u00bbsection-with-bg\u00a0\u00bb _builder_version=\u00a0\u00bb4.15&Prime; global_colors_info=\u00a0\u00bb{}\u00a0\u00bb][et_pb_row column_structure=\u00a0\u00bb3_5,2_5&Prime; _builder_version=\u00a0\u00bb4.15&Prime; global_colors_info=\u00a0\u00bb{}\u00a0\u00bb][et_pb_column type=\u00a0\u00bb3_5&Prime; _builder_version=\u00a0\u00bb4.15&Prime; global_colors_info=\u00a0\u00bb{}\u00a0\u00bb][et_pb_text admin_label=\u00a0\u00bbContexte\u00a0\u00bb _builder_version=\u00a0\u00bb4.15.1&Prime; global_colors_info=\u00a0\u00bb{}\u00a0\u00bb]<\/p>\n<h3>Contexte<\/h3>\n<p>La Ville de Gatineau a int\u00e9gr\u00e9 des <strong>mesures plus robustes de protection de ses milieux humides dans ses outils de planification territoriale<\/strong> (plan d\u2019urbanisme et sch\u00e9ma d\u2019am\u00e9nagement durable).<\/p>\n<p>[\/et_pb_text][\/et_pb_column][et_pb_column type=\u00a0\u00bb2_5&Prime; _builder_version=\u00a0\u00bb4.15&Prime; global_colors_info=\u00a0\u00bb{}\u00a0\u00bb][et_pb_text admin_label=\u00a0\u00bbChiffres et partenaires\u00a0\u00bb module_class=\u00a0\u00bbsheet-project-data\u00a0\u00bb _builder_version=\u00a0\u00bb4.15.1&Prime; global_colors_info=\u00a0\u00bb{}\u00a0\u00bb]<\/p>\n<p class=\"cost\">Co\u00fbt des travaux<\/p>\n<p>N\/A<\/p>\n<p class=\"time\">\u00c9ch\u00e9ancier<\/p>\n<p>N\/A<\/p>\n<p class=\"partner\">Partenaires<\/p>\n<p>N\/A<\/p>\n<p>[\/et_pb_text][\/et_pb_column][\/et_pb_row][et_pb_row _builder_version=\u00a0\u00bb4.15&Prime; global_colors_info=\u00a0\u00bb{}\u00a0\u00bb][et_pb_column type=\u00a0\u00bb4_4&Prime; _builder_version=\u00a0\u00bb4.15&Prime; global_colors_info=\u00a0\u00bb{}\u00a0\u00bb][et_pb_text admin_label=\u00a0\u00bbB\u00e9n\u00e9fices\u00a0\u00bb module_class=\u00a0\u00bbhighlight\u00a0\u00bb _builder_version=\u00a0\u00bb4.15.1&Prime; global_colors_info=\u00a0\u00bb{}\u00a0\u00bb]<\/p>\n<h3>B\u00e9n\u00e9fices<\/h3>\n<p><strong>Conservation des services \u00e9cologiques rendus par les milieux humides<sup>3<\/sup><\/strong>:<\/p>\n<ul>\n<li><strong>R\u00e9gulation des ph\u00e9nom\u00e8nes naturels<\/strong> : pr\u00e9vention des catastrophes par l\u2019alimentation des nappes d\u2019eau souterraines et des cours d\u2019eau, la r\u00e9gulation des niveaux d\u2019eau, la pr\u00e9vention ou la r\u00e9duction de l\u2019\u00e9rosion;<\/li>\n<li><strong>Maintien de la qualit\u00e9 de l\u2019eau<\/strong> : En filtrant les s\u00e9diments et les nutriments, les milieux humides permettent de lutter contre les algues bleu-vert et de maintenir une qualit\u00e9 d&rsquo;eau appr\u00e9ciable pour les activit\u00e9s aquatiques ou encore pour la production d\u2019eau potable;<\/li>\n<li><strong>R\u00e9serve d\u2019une biodiversit\u00e9 sensible<\/strong>: ils abritent plus de la moiti\u00e9 des esp\u00e8ces (fauniques et floristiques) vuln\u00e9rables ou menac\u00e9es du Qu\u00e9bec.<\/li>\n<\/ul>\n<p class=\"text-source\"><sup>3<\/sup> D\u2019apr\u00e8s, <a href=\"https:\/\/feesp.csn.qc.ca\/wp-content\/uploads\/2018\/08\/2012-milieux-humides-autorisations-env.pdf#page=10\" target=\"_blank\" rel=\"noopener\">MDDEP, 2012. Les milieux humides et l\u2019autorisation environnementale, Minist\u00e8re du D\u00e9veloppement durable, de l\u2019Environnement et des Parcs, Direction du patrimoine \u00e9cologique et des parcs, Direction des politiques de l\u2019eau et P\u00f4le d\u2019expertise hydrique et naturel.<\/a><\/p>\n<p>[\/et_pb_text][\/et_pb_column][\/et_pb_row][et_pb_row _builder_version=\u00a0\u00bb4.15.1&Prime; global_colors_info=\u00a0\u00bb{}\u00a0\u00bb][et_pb_column type=\u00a0\u00bb4_4&Prime; _builder_version=\u00a0\u00bb4.15&Prime; global_colors_info=\u00a0\u00bb{}\u00a0\u00bb][et_pb_text admin_label=\u00a0\u00bbParticularit\u00e9s\u00a0\u00bb _builder_version=\u00a0\u00bb4.15.1&Prime; global_colors_info=\u00a0\u00bb{}\u00a0\u00bb]<\/p>\n<h3>Particularit\u00e9s du projet<\/h3>\n<p>Les villes sont habilit\u00e9es \u00e0 encadrer le d\u00e9veloppement dans les milieux humides pr\u00e9sents sur leur territoire en vertu de la Loi sur l&rsquo;am\u00e9nagement et l\u2019urbanisme.<\/p>\n<p>[\/et_pb_text][\/et_pb_column][\/et_pb_row][et_pb_row _builder_version=\u00a0\u00bb4.15.1&Prime; custom_css_main_element=\u00a0\u00bbpadding-bottom:0;||padding-top:0;\u00a0\u00bb global_colors_info=\u00a0\u00bb{}\u00a0\u00bb][et_pb_column type=\u00a0\u00bb4_4&Prime; _builder_version=\u00a0\u00bb4.15&Prime; global_colors_info=\u00a0\u00bb{}\u00a0\u00bb][et_pb_text admin_label=\u00a0\u00bbTitre\u00a0\u00bb _builder_version=\u00a0\u00bb4.15&Prime; global_colors_info=\u00a0\u00bb{}\u00a0\u00bb]<\/p>\n<h3>En images<\/h3>\n<p>[\/et_pb_text][\/et_pb_column][\/et_pb_row][et_pb_row column_structure=\u00a0\u00bb1_2,1_2&Prime; _builder_version=\u00a0\u00bb4.15&Prime; global_colors_info=\u00a0\u00bb{}\u00a0\u00bb][et_pb_column type=\u00a0\u00bb1_2&Prime; _builder_version=\u00a0\u00bb4.15&Prime; global_colors_info=\u00a0\u00bb{}\u00a0\u00bb][et_pb_image src=\u00a0\u00bbhttps:\/\/robvq.qc.ca\/gdep\/wp-content\/uploads\/2022\/03\/Milieux_humides_COBALI.jpg\u00a0\u00bb title_text=\u00a0\u00bbMilieux_humides_COBALI\u00a0\u00bb _builder_version=\u00a0\u00bb4.15.1&Prime; _module_preset=\u00a0\u00bbdefault\u00a0\u00bb global_colors_info=\u00a0\u00bb{}\u00a0\u00bb][\/et_pb_image][et_pb_text _builder_version=\u00a0\u00bb4.15.1&Prime; _module_preset=\u00a0\u00bbdefault\u00a0\u00bb global_colors_info=\u00a0\u00bb{}\u00a0\u00bb]<\/p>\n<p>Cr\u00e9dit photo: COBALI<\/p>\n<p>[\/et_pb_text][\/et_pb_column][et_pb_column type=\u00a0\u00bb1_2&Prime; _builder_version=\u00a0\u00bb4.15&Prime; global_colors_info=\u00a0\u00bb{}\u00a0\u00bb][et_pb_image src=\u00a0\u00bbhttps:\/\/robvq.qc.ca\/gdep\/wp-content\/uploads\/2022\/03\/Couverture_SADD.png\u00a0\u00bb title_text=\u00a0\u00bbCouverture_SADD\u00a0\u00bb _builder_version=\u00a0\u00bb4.15.1&Prime; _module_preset=\u00a0\u00bbdefault\u00a0\u00bb global_colors_info=\u00a0\u00bb{}\u00a0\u00bb][\/et_pb_image][\/et_pb_column][\/et_pb_row][\/et_pb_section][et_pb_section fb_built=\u00a0\u00bb1&Prime; admin_label=\u00a0\u00bbEntete footer\u00a0\u00bb module_class=\u00a0\u00bbfooter-header\u00a0\u00bb _builder_version=\u00a0\u00bb4.0.11&Prime; background_enable_color=\u00a0\u00bboff\u00a0\u00bb global_module=\u00a0\u00bb65&Prime; saved_tabs=\u00a0\u00bball\u00a0\u00bb global_colors_info=\u00a0\u00bb{}\u00a0\u00bb][et_pb_row column_structure=\u00a0\u00bb3_5,2_5&Prime; _builder_version=\u00a0\u00bb4.15&Prime; global_colors_info=\u00a0\u00bb{}\u00a0\u00bb][et_pb_column type=\u00a0\u00bb3_5&Prime; _builder_version=\u00a0\u00bb4.15&Prime; global_colors_info=\u00a0\u00bb{}\u00a0\u00bb][et_pb_text admin_label=\u00a0\u00bbLes architectes du projet\u00a0\u00bb _builder_version=\u00a0\u00bb4.15&Prime; global_colors_info=\u00a0\u00bb{}\u00a0\u00bb]<\/p>\n<h2>Les architectes du projet<\/h2>\n<p>[\/et_pb_text][\/et_pb_column][et_pb_column type=\u00a0\u00bb2_5&Prime; _builder_version=\u00a0\u00bb4.15&Prime; global_colors_info=\u00a0\u00bb{}\u00a0\u00bb][et_pb_text admin_label=\u00a0\u00bbNous contacter\u00a0\u00bb _builder_version=\u00a0\u00bb4.15&Prime; global_colors_info=\u00a0\u00bb{}\u00a0\u00bb]<\/p>\n<h2>Nous contacter<\/h2>\n<p>[\/et_pb_text][\/et_pb_column][\/et_pb_row][\/et_pb_section]<\/p>\n","protected":false},"excerpt":{"rendered":"<p>Sch\u00e9ma d\u2019am\u00e9nagement et de d\u00e9veloppement de la ville de Gatineau: Int\u00e9gration de mesures de protection des milieux humides Description du projet Pl\u00e9biscit\u00e9es par les citoyens lors des consultations publiques pr\u00e9alables \u00e0 la mise \u00e0 jour de ses outils de planification territoriale, ces mesures permettent de prot\u00e9ger 96,8 % des 5 293 hectares de milieux humides [&hellip;]<\/p>\n","protected":false},"author":2,"featured_media":0,"parent":0,"menu_order":0,"comment_status":"closed","ping_status":"closed","template":"","meta":{"_et_pb_use_builder":"on","_et_pb_old_content":"","_et_gb_content_width":"","footnotes":""},"class_list":["post-905","page","type-page","status-publish","hentry"],"yoast_head":"<!-- This site is optimized with the Yoast SEO plugin v27.5 - https:\/\/yoast.com\/product\/yoast-seo-wordpress\/ -->\n<title>Sch\u00e9ma d\u2019am\u00e9nagement et de d\u00e9veloppement de la ville de Gatineau: Int\u00e9gration de mesures de protection des milieux humides - GDEP - Gestion Des Eaux Pluviales<\/title>\n<meta name=\"robots\" content=\"index, follow, max-snippet:-1, max-image-preview:large, max-video-preview:-1\" \/>\n<link rel=\"canonical\" href=\"https:\/\/robvq.qc.ca\/gdep\/schema-damenagement-et-de-developpement-de-la-ville-de-gatineau-integration-de-mesures-de-protection-des-milieux-humides\/\" \/>\n<meta property=\"og:locale\" content=\"fr_FR\" \/>\n<meta property=\"og:type\" content=\"article\" \/>\n<meta property=\"og:title\" content=\"Sch\u00e9ma d\u2019am\u00e9nagement et de d\u00e9veloppement de la ville de Gatineau: Int\u00e9gration de mesures de protection des milieux humides - GDEP - Gestion Des Eaux Pluviales\" \/>\n<meta property=\"og:description\" content=\"Sch\u00e9ma d\u2019am\u00e9nagement et de d\u00e9veloppement de la ville de Gatineau: Int\u00e9gration de mesures de protection des milieux humides Description du projet Pl\u00e9biscit\u00e9es par les citoyens lors des consultations publiques pr\u00e9alables \u00e0 la mise \u00e0 jour de ses outils de planification territoriale, ces mesures permettent de prot\u00e9ger 96,8 % des 5 293 hectares de milieux humides [&hellip;]\" \/>\n<meta property=\"og:url\" content=\"https:\/\/robvq.qc.ca\/gdep\/schema-damenagement-et-de-developpement-de-la-ville-de-gatineau-integration-de-mesures-de-protection-des-milieux-humides\/\" \/>\n<meta property=\"og:site_name\" content=\"GDEP - Gestion Des Eaux Pluviales\" \/>\n<meta property=\"article:modified_time\" content=\"2022-03-29T20:41:21+00:00\" \/>\n<meta name=\"twitter:card\" content=\"summary_large_image\" \/>\n<meta name=\"twitter:label1\" content=\"Dur\u00e9e de lecture estim\u00e9e\" \/>\n\t<meta name=\"twitter:data1\" content=\"6 minutes\" \/>\n<script type=\"application\/ld+json\" class=\"yoast-schema-graph\">{\"@context\":\"https:\\\/\\\/schema.org\",\"@graph\":[{\"@type\":\"WebPage\",\"@id\":\"https:\\\/\\\/robvq.qc.ca\\\/gdep\\\/schema-damenagement-et-de-developpement-de-la-ville-de-gatineau-integration-de-mesures-de-protection-des-milieux-humides\\\/\",\"url\":\"https:\\\/\\\/robvq.qc.ca\\\/gdep\\\/schema-damenagement-et-de-developpement-de-la-ville-de-gatineau-integration-de-mesures-de-protection-des-milieux-humides\\\/\",\"name\":\"Sch\u00e9ma d\u2019am\u00e9nagement et de d\u00e9veloppement de la ville de Gatineau: Int\u00e9gration de mesures de protection des milieux humides - GDEP - Gestion Des Eaux Pluviales\",\"isPartOf\":{\"@id\":\"https:\\\/\\\/robvq.qc.ca\\\/gdep\\\/#website\"},\"datePublished\":\"2022-03-26T19:45:25+00:00\",\"dateModified\":\"2022-03-29T20:41:21+00:00\",\"breadcrumb\":{\"@id\":\"https:\\\/\\\/robvq.qc.ca\\\/gdep\\\/schema-damenagement-et-de-developpement-de-la-ville-de-gatineau-integration-de-mesures-de-protection-des-milieux-humides\\\/#breadcrumb\"},\"inLanguage\":\"fr-FR\",\"potentialAction\":[{\"@type\":\"ReadAction\",\"target\":[\"https:\\\/\\\/robvq.qc.ca\\\/gdep\\\/schema-damenagement-et-de-developpement-de-la-ville-de-gatineau-integration-de-mesures-de-protection-des-milieux-humides\\\/\"]}]},{\"@type\":\"BreadcrumbList\",\"@id\":\"https:\\\/\\\/robvq.qc.ca\\\/gdep\\\/schema-damenagement-et-de-developpement-de-la-ville-de-gatineau-integration-de-mesures-de-protection-des-milieux-humides\\\/#breadcrumb\",\"itemListElement\":[{\"@type\":\"ListItem\",\"position\":1,\"name\":\"Accueil\",\"item\":\"https:\\\/\\\/robvq.qc.ca\\\/gdep\\\/\"},{\"@type\":\"ListItem\",\"position\":2,\"name\":\"Sch\u00e9ma d\u2019am\u00e9nagement et de d\u00e9veloppement de la ville de Gatineau: Int\u00e9gration de mesures de protection des milieux humides\"}]},{\"@type\":\"WebSite\",\"@id\":\"https:\\\/\\\/robvq.qc.ca\\\/gdep\\\/#website\",\"url\":\"https:\\\/\\\/robvq.qc.ca\\\/gdep\\\/\",\"name\":\"GDEP - Gestion Des Eaux Pluviales\",\"description\":\"\",\"potentialAction\":[{\"@type\":\"SearchAction\",\"target\":{\"@type\":\"EntryPoint\",\"urlTemplate\":\"https:\\\/\\\/robvq.qc.ca\\\/gdep\\\/?s={search_term_string}\"},\"query-input\":{\"@type\":\"PropertyValueSpecification\",\"valueRequired\":true,\"valueName\":\"search_term_string\"}}],\"inLanguage\":\"fr-FR\"}]}<\/script>\n<!-- \/ Yoast SEO plugin. -->","yoast_head_json":{"title":"Sch\u00e9ma d\u2019am\u00e9nagement et de d\u00e9veloppement de la ville de Gatineau: Int\u00e9gration de mesures de protection des milieux humides - GDEP - Gestion Des Eaux Pluviales","robots":{"index":"index","follow":"follow","max-snippet":"max-snippet:-1","max-image-preview":"max-image-preview:large","max-video-preview":"max-video-preview:-1"},"canonical":"https:\/\/robvq.qc.ca\/gdep\/schema-damenagement-et-de-developpement-de-la-ville-de-gatineau-integration-de-mesures-de-protection-des-milieux-humides\/","og_locale":"fr_FR","og_type":"article","og_title":"Sch\u00e9ma d\u2019am\u00e9nagement et de d\u00e9veloppement de la ville de Gatineau: Int\u00e9gration de mesures de protection des milieux humides - GDEP - Gestion Des Eaux Pluviales","og_description":"Sch\u00e9ma d\u2019am\u00e9nagement et de d\u00e9veloppement de la ville de Gatineau: Int\u00e9gration de mesures de protection des milieux humides Description du projet Pl\u00e9biscit\u00e9es par les citoyens lors des consultations publiques pr\u00e9alables \u00e0 la mise \u00e0 jour de ses outils de planification territoriale, ces mesures permettent de prot\u00e9ger 96,8 % des 5 293 hectares de milieux humides [&hellip;]","og_url":"https:\/\/robvq.qc.ca\/gdep\/schema-damenagement-et-de-developpement-de-la-ville-de-gatineau-integration-de-mesures-de-protection-des-milieux-humides\/","og_site_name":"GDEP - Gestion Des Eaux Pluviales","article_modified_time":"2022-03-29T20:41:21+00:00","twitter_card":"summary_large_image","twitter_misc":{"Dur\u00e9e de lecture estim\u00e9e":"6 minutes"},"schema":{"@context":"https:\/\/schema.org","@graph":[{"@type":"WebPage","@id":"https:\/\/robvq.qc.ca\/gdep\/schema-damenagement-et-de-developpement-de-la-ville-de-gatineau-integration-de-mesures-de-protection-des-milieux-humides\/","url":"https:\/\/robvq.qc.ca\/gdep\/schema-damenagement-et-de-developpement-de-la-ville-de-gatineau-integration-de-mesures-de-protection-des-milieux-humides\/","name":"Sch\u00e9ma d\u2019am\u00e9nagement et de d\u00e9veloppement de la ville de Gatineau: Int\u00e9gration de mesures de protection des milieux humides - GDEP - Gestion Des Eaux Pluviales","isPartOf":{"@id":"https:\/\/robvq.qc.ca\/gdep\/#website"},"datePublished":"2022-03-26T19:45:25+00:00","dateModified":"2022-03-29T20:41:21+00:00","breadcrumb":{"@id":"https:\/\/robvq.qc.ca\/gdep\/schema-damenagement-et-de-developpement-de-la-ville-de-gatineau-integration-de-mesures-de-protection-des-milieux-humides\/#breadcrumb"},"inLanguage":"fr-FR","potentialAction":[{"@type":"ReadAction","target":["https:\/\/robvq.qc.ca\/gdep\/schema-damenagement-et-de-developpement-de-la-ville-de-gatineau-integration-de-mesures-de-protection-des-milieux-humides\/"]}]},{"@type":"BreadcrumbList","@id":"https:\/\/robvq.qc.ca\/gdep\/schema-damenagement-et-de-developpement-de-la-ville-de-gatineau-integration-de-mesures-de-protection-des-milieux-humides\/#breadcrumb","itemListElement":[{"@type":"ListItem","position":1,"name":"Accueil","item":"https:\/\/robvq.qc.ca\/gdep\/"},{"@type":"ListItem","position":2,"name":"Sch\u00e9ma d\u2019am\u00e9nagement et de d\u00e9veloppement de la ville de Gatineau: Int\u00e9gration de mesures de protection des milieux humides"}]},{"@type":"WebSite","@id":"https:\/\/robvq.qc.ca\/gdep\/#website","url":"https:\/\/robvq.qc.ca\/gdep\/","name":"GDEP - Gestion Des Eaux Pluviales","description":"","potentialAction":[{"@type":"SearchAction","target":{"@type":"EntryPoint","urlTemplate":"https:\/\/robvq.qc.ca\/gdep\/?s={search_term_string}"},"query-input":{"@type":"PropertyValueSpecification","valueRequired":true,"valueName":"search_term_string"}}],"inLanguage":"fr-FR"}]}},"_links":{"self":[{"href":"https:\/\/robvq.qc.ca\/gdep\/wp-json\/wp\/v2\/pages\/905","targetHints":{"allow":["GET"]}}],"collection":[{"href":"https:\/\/robvq.qc.ca\/gdep\/wp-json\/wp\/v2\/pages"}],"about":[{"href":"https:\/\/robvq.qc.ca\/gdep\/wp-json\/wp\/v2\/types\/page"}],"author":[{"embeddable":true,"href":"https:\/\/robvq.qc.ca\/gdep\/wp-json\/wp\/v2\/users\/2"}],"replies":[{"embeddable":true,"href":"https:\/\/robvq.qc.ca\/gdep\/wp-json\/wp\/v2\/comments?post=905"}],"version-history":[{"count":12,"href":"https:\/\/robvq.qc.ca\/gdep\/wp-json\/wp\/v2\/pages\/905\/revisions"}],"predecessor-version":[{"id":1201,"href":"https:\/\/robvq.qc.ca\/gdep\/wp-json\/wp\/v2\/pages\/905\/revisions\/1201"}],"wp:attachment":[{"href":"https:\/\/robvq.qc.ca\/gdep\/wp-json\/wp\/v2\/media?parent=905"}],"curies":[{"name":"wp","href":"https:\/\/api.w.org\/{rel}","templated":true}]}}