{"id":927,"date":"2022-03-26T20:13:24","date_gmt":"2022-03-26T20:13:24","guid":{"rendered":"https:\/\/staging.robvq.qc.ca\/gdep\/?page_id=927"},"modified":"2022-04-12T19:44:39","modified_gmt":"2022-04-12T19:44:39","slug":"place-des-fleurs-de-macadam","status":"publish","type":"page","link":"https:\/\/robvq.qc.ca\/gdep\/place-des-fleurs-de-macadam\/","title":{"rendered":"Place des Fleurs-de-Macadam"},"content":{"rendered":"<p>[et_pb_section fb_built=\u00a0\u00bb1&Prime; module_class=\u00a0\u00bbsection-title-h1&Prime; _builder_version=\u00a0\u00bb4.16&Prime; global_colors_info=\u00a0\u00bb{}\u00a0\u00bb][et_pb_row _builder_version=\u00a0\u00bb4.16&Prime; global_colors_info=\u00a0\u00bb{}\u00a0\u00bb][et_pb_column type=\u00a0\u00bb4_4&Prime; _builder_version=\u00a0\u00bb4.16&Prime; global_colors_info=\u00a0\u00bb{}\u00a0\u00bb][et_pb_text admin_label=\u00a0\u00bbTitre H1&Prime; _builder_version=\u00a0\u00bb4.16&Prime; global_colors_info=\u00a0\u00bb{}\u00a0\u00bb]<\/p>\n<h1>Place des Fleurs-de-Macadam<\/h1>\n<p>[\/et_pb_text][\/et_pb_column][\/et_pb_row][\/et_pb_section][et_pb_section fb_built=\u00a0\u00bb1&Prime; module_class=\u00a0\u00bb section-h1-with-image\u00a0\u00bb _builder_version=\u00a0\u00bb4.16&Prime; global_colors_info=\u00a0\u00bb{}\u00a0\u00bb][et_pb_row column_structure=\u00a0\u00bb1_2,1_2&Prime; _builder_version=\u00a0\u00bb4.16&Prime; global_colors_info=\u00a0\u00bb{}\u00a0\u00bb][et_pb_column type=\u00a0\u00bb1_2&Prime; _builder_version=\u00a0\u00bb4.16&Prime; global_colors_info=\u00a0\u00bb{}\u00a0\u00bb][et_pb_video src=\u00a0\u00bbhttps:\/\/www.youtube.com\/watch?v=lg65OyuKKJk\u00a0\u00bb image_src=\u00a0\u00bb\/\/i.ytimg.com\/vi\/lg65OyuKKJk\/hqdefault.jpg\u00a0\u00bb thumbnail_overlay_color=\u00a0\u00bbrgba(0,0,0,0.6)\u00a0\u00bb _builder_version=\u00a0\u00bb4.16&Prime; global_colors_info=\u00a0\u00bb{}\u00a0\u00bb][\/et_pb_video][\/et_pb_column][et_pb_column type=\u00a0\u00bb1_2&Prime; _builder_version=\u00a0\u00bb4.16&Prime; global_colors_info=\u00a0\u00bb{}\u00a0\u00bb][et_pb_text admin_label=\u00a0\u00bble projet en r\u00e9sum\u00e9\u00a0\u00bb module_class=\u00a0\u00bbproject-intro\u00a0\u00bb _builder_version=\u00a0\u00bb4.16&Prime; global_colors_info=\u00a0\u00bb{}\u00a0\u00bb]<\/p>\n<h3>Description du projet<\/h3>\n<p>Espace vert multifonctionnel inondable (<em>water square<\/em>) int\u00e9grant des infrastructures vertes et r\u00e9silient aux changements climatiques.<\/p>\n<p class=\"video-delay\">Dur\u00e9e de la vid\u00e9o: 1:00:38<\/p>\n<p>Source: Arrondissement Le Plateau mont-Royal (Montr\u00e9al)<\/p>\n<p>[\/et_pb_text][\/et_pb_column][\/et_pb_row][\/et_pb_section][et_pb_section fb_built=\u00a0\u00bb1&Prime; module_class=\u00a0\u00bbsection-title-h2&Prime; _builder_version=\u00a0\u00bb4.16&Prime; global_colors_info=\u00a0\u00bb{}\u00a0\u00bb][et_pb_row _builder_version=\u00a0\u00bb4.16&Prime; global_colors_info=\u00a0\u00bb{}\u00a0\u00bb][et_pb_column type=\u00a0\u00bb4_4&Prime; _builder_version=\u00a0\u00bb4.16&Prime; global_colors_info=\u00a0\u00bb{}\u00a0\u00bb][et_pb_text admin_label=\u00a0\u00bbTitre H2 &#8211; Le projet en d\u00e9tails\u00a0\u00bb _builder_version=\u00a0\u00bb4.16&Prime; global_colors_info=\u00a0\u00bb{}\u00a0\u00bb]<\/p>\n<h2>Le projet en d\u00e9tails<\/h2>\n<p>[\/et_pb_text][\/et_pb_column][\/et_pb_row][\/et_pb_section][et_pb_section fb_built=\u00a0\u00bb1&Prime; module_class=\u00a0\u00bbsection-with-bg\u00a0\u00bb _builder_version=\u00a0\u00bb4.16&Prime; global_colors_info=\u00a0\u00bb{}\u00a0\u00bb][et_pb_row column_structure=\u00a0\u00bb3_5,2_5&Prime; _builder_version=\u00a0\u00bb4.16&Prime; global_colors_info=\u00a0\u00bb{}\u00a0\u00bb][et_pb_column type=\u00a0\u00bb3_5&Prime; _builder_version=\u00a0\u00bb4.16&Prime; global_colors_info=\u00a0\u00bb{}\u00a0\u00bb][et_pb_text admin_label=\u00a0\u00bbContexte\u00a0\u00bb _builder_version=\u00a0\u00bb4.16&Prime; global_colors_info=\u00a0\u00bb{}\u00a0\u00bb]<\/p>\n<h3>Contexte<\/h3>\n<p>Acquisition (2017), par la ville, du terrain d\u2019une ancienne station-service au 962, avenue du Mont-Royal, pour en faire une place publique.<\/p>\n<p>[\/et_pb_text][et_pb_text admin_label=\u00a0\u00bbB\u00e9n\u00e9fices\u00a0\u00bb module_class=\u00a0\u00bbhighlight\u00a0\u00bb _builder_version=\u00a0\u00bb4.16&Prime; global_colors_info=\u00a0\u00bb{}\u00a0\u00bb]<\/p>\n<h3>B\u00e9n\u00e9fices<\/h3>\n<ul>\n<li>R\u00e9duction de la pression sur le r\u00e9seau d\u2019\u00e9gouts de la ville;<\/li>\n<li>R\u00e9duction de la fr\u00e9quence des \u00e9pisodes de refoulements sur la chauss\u00e9e et les trottoirs lors de fortes pluies;<\/li>\n<li>Aspect \u00e9ducatif par la valorisation du cycle de l\u2019eau;<\/li>\n<li>S\u2019adapte aux saisons (utilisable et int\u00e9ressant visuellement en tout temps);<\/li>\n<li>R\u00e9duction des \u00eelots de chaleur (verdissement, brumisation et r\u00e9duction des surfaces perm\u00e9ables).<\/li>\n<\/ul>\n<p>[\/et_pb_text][\/et_pb_column][et_pb_column type=\u00a0\u00bb2_5&Prime; _builder_version=\u00a0\u00bb4.16&Prime; global_colors_info=\u00a0\u00bb{}\u00a0\u00bb][et_pb_text admin_label=\u00a0\u00bbChiffres et partenaires\u00a0\u00bb module_class=\u00a0\u00bbsheet-project-data\u00a0\u00bb _builder_version=\u00a0\u00bb4.16&Prime; global_colors_info=\u00a0\u00bb{}\u00a0\u00bb]<\/p>\n<p class=\"cost\">Co\u00fbt des travaux<\/p>\n<ul>\n<li>Co\u00fbts totaux d\u2019environ 3 M$;<\/li>\n<li>Co\u00fbts d&rsquo;entretien annuels de 15 900$.<\/li>\n<\/ul>\n<p class=\"time\">\u00c9ch\u00e9ancier<\/p>\n<p>4 ans (2017 \u00e0 2021)<\/p>\n<p class=\"partner\">Partenaires<\/p>\n<ul>\n<li>Ville de Montr\u00e9al;<\/li>\n<li>Minist\u00e8re de l&rsquo;Environnement et de la Lutte contre les changements climatiques (Fonds Vert);<\/li>\n<li>Firme d\u2019ing\u00e9nierie Les Services EXP;<\/li>\n<li>Firme d\u2019architecture de paysage NIP Paysage;<\/li>\n<li>Minist\u00e8re des Affaires municipales et de l&rsquo;Habitation;<\/li>\n<li>F\u00e9d\u00e9ration canadienne des municipalit\u00e9s.<\/li>\n<\/ul>\n<p>[\/et_pb_text][\/et_pb_column][\/et_pb_row][et_pb_row _builder_version=\u00a0\u00bb4.16&Prime; custom_css_main_element=\u00a0\u00bbpadding-top:0;\u00a0\u00bb global_colors_info=\u00a0\u00bb{}\u00a0\u00bb][et_pb_column type=\u00a0\u00bb4_4&Prime; _builder_version=\u00a0\u00bb4.16&Prime; global_colors_info=\u00a0\u00bb{}\u00a0\u00bb][et_pb_text admin_label=\u00a0\u00bbParticularit\u00e9s\u00a0\u00bb _builder_version=\u00a0\u00bb4.16&Prime; global_colors_info=\u00a0\u00bb{}\u00a0\u00bb]<\/p>\n<h3>Particularit\u00e9s du projet<\/h3>\n<ul>\n<li>Participation publique soutenue et active:\n<ul>\n<li>Co-design: consultations publiques ayant permis la r\u00e9alisation de 4 am\u00e9nagements temporaires, qui \u00e0 la suite de leur \u00e9valuation ont permis d\u2019identifier les balises d\u2019am\u00e9nagements souhait\u00e9s et \u00e0 proscrire pour le projet permanent;<\/li>\n<li>Atelier participatif pour nommer la place: Place des Fleurs-de-Macadam. Cette place a \u00e9t\u00e9 nomm\u00e9e ainsi, d\u2019apr\u00e8s la chanson de Jean-Pierre Ferland, en hommage \u00e0 son p\u00e8re Armand qui a exploit\u00e9 la station-service qui se trouvait initialement sur ce terrain.<\/li>\n<\/ul>\n<\/li>\n<li>Ateliers r\u00e9alis\u00e9s avec les cols bleus de l&rsquo;arrondissement pour les sensibiliser aux particularit\u00e9s de la place, \u00e0 l\u2019entretien des diff\u00e9rents am\u00e9nagements pour en favoriser l\u2019acceptation, l\u2019appropriation et ainsi favoriser la p\u00e9rennit\u00e9 des am\u00e9nagements;<\/li>\n<li>Un des premiers <em>water square<\/em> de Montr\u00e9al (ambiance et paysage qui varient en fonction des conditions m\u00e9t\u00e9os);<\/li>\n<li>Le projet combine des approches de bior\u00e9tention et de r\u00e9tention temporaire de l&rsquo;eau sur surfaces min\u00e9rales permettant une gestion in situ des eaux de ruissellement. <\/li>\n<\/ul>\n<p>[\/et_pb_text][\/et_pb_column][\/et_pb_row][et_pb_row _builder_version=\u00a0\u00bb4.16&Prime; custom_css_main_element=\u00a0\u00bbpadding-bottom:0;||padding-top:0;\u00a0\u00bb global_colors_info=\u00a0\u00bb{}\u00a0\u00bb][et_pb_column type=\u00a0\u00bb4_4&Prime; _builder_version=\u00a0\u00bb4.16&Prime; global_colors_info=\u00a0\u00bb{}\u00a0\u00bb][et_pb_text admin_label=\u00a0\u00bbTitre\u00a0\u00bb _builder_version=\u00a0\u00bb4.16&Prime; global_colors_info=\u00a0\u00bb{}\u00a0\u00bb]<\/p>\n<h3>En images<\/h3>\n<p>[\/et_pb_text][\/et_pb_column][\/et_pb_row][et_pb_row column_structure=\u00a0\u00bb1_2,1_2&Prime; _builder_version=\u00a0\u00bb4.16&Prime; global_colors_info=\u00a0\u00bb{}\u00a0\u00bb][et_pb_column type=\u00a0\u00bb1_2&Prime; _builder_version=\u00a0\u00bb4.16&Prime; global_colors_info=\u00a0\u00bb{}\u00a0\u00bb][et_pb_gallery gallery_ids=\u00a0\u00bb933,934,935,936,937,938,939,940,941,942,943,944,945,946&Prime; fullwidth=\u00a0\u00bbon\u00a0\u00bb admin_label=\u00a0\u00bbGalerie\u00a0\u00bb module_class=\u00a0\u00bbproject-gallery\u00a0\u00bb _builder_version=\u00a0\u00bb4.16&Prime; global_colors_info=\u00a0\u00bb{}\u00a0\u00bb][\/et_pb_gallery][et_pb_text disabled_on=\u00a0\u00bboff|off|off\u00a0\u00bb admin_label=\u00a0\u00bbl\u00e9gende \u00a0\u00bb module_class=\u00a0\u00bbproject-gallery-caption\u00a0\u00bb _builder_version=\u00a0\u00bb4.17.0&Prime; hover_enabled=\u00a0\u00bb0&Prime; global_colors_info=\u00a0\u00bb{}\u00a0\u00bb sticky_enabled=\u00a0\u00bb0&Prime;]<\/p>\n<p>Am\u00e9nagements temporaires ayant permis d&rsquo;identifier les besoins et attentes de la place d\u00e9finitive.<br \/>Cr\u00e9dit photo: Ville de Montr\u00e9al<\/p>\n<p>[\/et_pb_text][\/et_pb_column][et_pb_column type=\u00a0\u00bb1_2&Prime; _builder_version=\u00a0\u00bb4.16&Prime; global_colors_info=\u00a0\u00bb{}\u00a0\u00bb][et_pb_gallery gallery_ids=\u00a0\u00bb947,948,949,950&Prime; fullwidth=\u00a0\u00bbon\u00a0\u00bb admin_label=\u00a0\u00bbGalerie 4 saisons\u00a0\u00bb module_class=\u00a0\u00bbproject-gallery\u00a0\u00bb _builder_version=\u00a0\u00bb4.16&Prime; global_colors_info=\u00a0\u00bb{}\u00a0\u00bb][\/et_pb_gallery][et_pb_text disabled_on=\u00a0\u00bboff|off|off\u00a0\u00bb admin_label=\u00a0\u00bbl\u00e9gende \u00a0\u00bb module_class=\u00a0\u00bbproject-gallery-caption\u00a0\u00bb _builder_version=\u00a0\u00bb4.16&Prime; global_colors_info=\u00a0\u00bb{}\u00a0\u00bb]<\/p>\n<p>Rendu 3D<br \/>Cr\u00e9dit photo: NIPPaysage<\/p>\n<p>[\/et_pb_text][\/et_pb_column][\/et_pb_row][\/et_pb_section][et_pb_section fb_built=\u00a0\u00bb1&Prime; admin_label=\u00a0\u00bbEntete footer\u00a0\u00bb module_class=\u00a0\u00bbfooter-header\u00a0\u00bb _builder_version=\u00a0\u00bb4.0.11&Prime; background_enable_color=\u00a0\u00bboff\u00a0\u00bb global_module=\u00a0\u00bb65&Prime; saved_tabs=\u00a0\u00bball\u00a0\u00bb global_colors_info=\u00a0\u00bb{}\u00a0\u00bb][et_pb_row column_structure=\u00a0\u00bb3_5,2_5&Prime; _builder_version=\u00a0\u00bb4.16&Prime; global_colors_info=\u00a0\u00bb{}\u00a0\u00bb][et_pb_column type=\u00a0\u00bb3_5&Prime; _builder_version=\u00a0\u00bb4.16&Prime; global_colors_info=\u00a0\u00bb{}\u00a0\u00bb][et_pb_text admin_label=\u00a0\u00bbLes architectes du projet\u00a0\u00bb _builder_version=\u00a0\u00bb4.16&Prime; global_colors_info=\u00a0\u00bb{}\u00a0\u00bb]<\/p>\n<h2>Les architectes du projet<\/h2>\n<p>[\/et_pb_text][\/et_pb_column][et_pb_column type=\u00a0\u00bb2_5&Prime; _builder_version=\u00a0\u00bb4.16&Prime; global_colors_info=\u00a0\u00bb{}\u00a0\u00bb][et_pb_text admin_label=\u00a0\u00bbNous contacter\u00a0\u00bb _builder_version=\u00a0\u00bb4.16&Prime; global_colors_info=\u00a0\u00bb{}\u00a0\u00bb]<\/p>\n<h2>Nous contacter<\/h2>\n<p>[\/et_pb_text][\/et_pb_column][\/et_pb_row][\/et_pb_section]<\/p>\n","protected":false},"excerpt":{"rendered":"<p>Place des Fleurs-de-MacadamDescription du projet Espace vert multifonctionnel inondable (water square) int\u00e9grant des infrastructures vertes et r\u00e9silient aux changements climatiques. Dur\u00e9e de la vid\u00e9o: 1:00:38 Source: Arrondissement Le Plateau mont-Royal (Montr\u00e9al)Le projet en d\u00e9tailsContexte Acquisition (2017), par la ville, du terrain d\u2019une ancienne station-service au 962, avenue du Mont-Royal, pour en faire une place publique.B\u00e9n\u00e9fices [&hellip;]<\/p>\n","protected":false},"author":2,"featured_media":0,"parent":0,"menu_order":0,"comment_status":"closed","ping_status":"closed","template":"","meta":{"_et_pb_use_builder":"on","_et_pb_old_content":"","_et_gb_content_width":"","footnotes":""},"class_list":["post-927","page","type-page","status-publish","hentry"],"yoast_head":"<!-- This site is optimized with the Yoast SEO plugin v27.3 - https:\/\/yoast.com\/product\/yoast-seo-wordpress\/ -->\n<title>Place des Fleurs-de-Macadam - GDEP - Gestion Des Eaux Pluviales<\/title>\n<meta name=\"robots\" content=\"index, follow, max-snippet:-1, max-image-preview:large, max-video-preview:-1\" \/>\n<link rel=\"canonical\" href=\"https:\/\/robvq.qc.ca\/gdep\/place-des-fleurs-de-macadam\/\" \/>\n<meta property=\"og:locale\" content=\"fr_FR\" \/>\n<meta property=\"og:type\" content=\"article\" \/>\n<meta property=\"og:title\" content=\"Place des Fleurs-de-Macadam - GDEP - Gestion Des Eaux Pluviales\" \/>\n<meta property=\"og:description\" content=\"Place des Fleurs-de-MacadamDescription du projet Espace vert multifonctionnel inondable (water square) int\u00e9grant des infrastructures vertes et r\u00e9silient aux changements climatiques. Dur\u00e9e de la vid\u00e9o: 1:00:38 Source: Arrondissement Le Plateau mont-Royal (Montr\u00e9al)Le projet en d\u00e9tailsContexte Acquisition (2017), par la ville, du terrain d\u2019une ancienne station-service au 962, avenue du Mont-Royal, pour en faire une place publique.B\u00e9n\u00e9fices [&hellip;]\" \/>\n<meta property=\"og:url\" content=\"https:\/\/robvq.qc.ca\/gdep\/place-des-fleurs-de-macadam\/\" \/>\n<meta property=\"og:site_name\" content=\"GDEP - Gestion Des Eaux Pluviales\" \/>\n<meta property=\"article:modified_time\" content=\"2022-04-12T19:44:39+00:00\" \/>\n<meta name=\"twitter:card\" content=\"summary_large_image\" \/>\n<meta name=\"twitter:label1\" content=\"Dur\u00e9e de lecture estim\u00e9e\" \/>\n\t<meta name=\"twitter:data1\" content=\"5 minutes\" \/>\n<script type=\"application\/ld+json\" class=\"yoast-schema-graph\">{\"@context\":\"https:\\\/\\\/schema.org\",\"@graph\":[{\"@type\":\"WebPage\",\"@id\":\"https:\\\/\\\/robvq.qc.ca\\\/gdep\\\/place-des-fleurs-de-macadam\\\/\",\"url\":\"https:\\\/\\\/robvq.qc.ca\\\/gdep\\\/place-des-fleurs-de-macadam\\\/\",\"name\":\"Place des Fleurs-de-Macadam - GDEP - Gestion Des Eaux Pluviales\",\"isPartOf\":{\"@id\":\"https:\\\/\\\/robvq.qc.ca\\\/gdep\\\/#website\"},\"datePublished\":\"2022-03-26T20:13:24+00:00\",\"dateModified\":\"2022-04-12T19:44:39+00:00\",\"breadcrumb\":{\"@id\":\"https:\\\/\\\/robvq.qc.ca\\\/gdep\\\/place-des-fleurs-de-macadam\\\/#breadcrumb\"},\"inLanguage\":\"fr-FR\",\"potentialAction\":[{\"@type\":\"ReadAction\",\"target\":[\"https:\\\/\\\/robvq.qc.ca\\\/gdep\\\/place-des-fleurs-de-macadam\\\/\"]}]},{\"@type\":\"BreadcrumbList\",\"@id\":\"https:\\\/\\\/robvq.qc.ca\\\/gdep\\\/place-des-fleurs-de-macadam\\\/#breadcrumb\",\"itemListElement\":[{\"@type\":\"ListItem\",\"position\":1,\"name\":\"Accueil\",\"item\":\"https:\\\/\\\/robvq.qc.ca\\\/gdep\\\/\"},{\"@type\":\"ListItem\",\"position\":2,\"name\":\"Place des Fleurs-de-Macadam\"}]},{\"@type\":\"WebSite\",\"@id\":\"https:\\\/\\\/robvq.qc.ca\\\/gdep\\\/#website\",\"url\":\"https:\\\/\\\/robvq.qc.ca\\\/gdep\\\/\",\"name\":\"GDEP - Gestion Des Eaux Pluviales\",\"description\":\"\",\"potentialAction\":[{\"@type\":\"SearchAction\",\"target\":{\"@type\":\"EntryPoint\",\"urlTemplate\":\"https:\\\/\\\/robvq.qc.ca\\\/gdep\\\/?s={search_term_string}\"},\"query-input\":{\"@type\":\"PropertyValueSpecification\",\"valueRequired\":true,\"valueName\":\"search_term_string\"}}],\"inLanguage\":\"fr-FR\"}]}<\/script>\n<!-- \/ Yoast SEO plugin. -->","yoast_head_json":{"title":"Place des Fleurs-de-Macadam - GDEP - Gestion Des Eaux Pluviales","robots":{"index":"index","follow":"follow","max-snippet":"max-snippet:-1","max-image-preview":"max-image-preview:large","max-video-preview":"max-video-preview:-1"},"canonical":"https:\/\/robvq.qc.ca\/gdep\/place-des-fleurs-de-macadam\/","og_locale":"fr_FR","og_type":"article","og_title":"Place des Fleurs-de-Macadam - GDEP - Gestion Des Eaux Pluviales","og_description":"Place des Fleurs-de-MacadamDescription du projet Espace vert multifonctionnel inondable (water square) int\u00e9grant des infrastructures vertes et r\u00e9silient aux changements climatiques. Dur\u00e9e de la vid\u00e9o: 1:00:38 Source: Arrondissement Le Plateau mont-Royal (Montr\u00e9al)Le projet en d\u00e9tailsContexte Acquisition (2017), par la ville, du terrain d\u2019une ancienne station-service au 962, avenue du Mont-Royal, pour en faire une place publique.B\u00e9n\u00e9fices [&hellip;]","og_url":"https:\/\/robvq.qc.ca\/gdep\/place-des-fleurs-de-macadam\/","og_site_name":"GDEP - Gestion Des Eaux Pluviales","article_modified_time":"2022-04-12T19:44:39+00:00","twitter_card":"summary_large_image","twitter_misc":{"Dur\u00e9e de lecture estim\u00e9e":"5 minutes"},"schema":{"@context":"https:\/\/schema.org","@graph":[{"@type":"WebPage","@id":"https:\/\/robvq.qc.ca\/gdep\/place-des-fleurs-de-macadam\/","url":"https:\/\/robvq.qc.ca\/gdep\/place-des-fleurs-de-macadam\/","name":"Place des Fleurs-de-Macadam - GDEP - Gestion Des Eaux Pluviales","isPartOf":{"@id":"https:\/\/robvq.qc.ca\/gdep\/#website"},"datePublished":"2022-03-26T20:13:24+00:00","dateModified":"2022-04-12T19:44:39+00:00","breadcrumb":{"@id":"https:\/\/robvq.qc.ca\/gdep\/place-des-fleurs-de-macadam\/#breadcrumb"},"inLanguage":"fr-FR","potentialAction":[{"@type":"ReadAction","target":["https:\/\/robvq.qc.ca\/gdep\/place-des-fleurs-de-macadam\/"]}]},{"@type":"BreadcrumbList","@id":"https:\/\/robvq.qc.ca\/gdep\/place-des-fleurs-de-macadam\/#breadcrumb","itemListElement":[{"@type":"ListItem","position":1,"name":"Accueil","item":"https:\/\/robvq.qc.ca\/gdep\/"},{"@type":"ListItem","position":2,"name":"Place des Fleurs-de-Macadam"}]},{"@type":"WebSite","@id":"https:\/\/robvq.qc.ca\/gdep\/#website","url":"https:\/\/robvq.qc.ca\/gdep\/","name":"GDEP - Gestion Des Eaux Pluviales","description":"","potentialAction":[{"@type":"SearchAction","target":{"@type":"EntryPoint","urlTemplate":"https:\/\/robvq.qc.ca\/gdep\/?s={search_term_string}"},"query-input":{"@type":"PropertyValueSpecification","valueRequired":true,"valueName":"search_term_string"}}],"inLanguage":"fr-FR"}]}},"_links":{"self":[{"href":"https:\/\/robvq.qc.ca\/gdep\/wp-json\/wp\/v2\/pages\/927","targetHints":{"allow":["GET"]}}],"collection":[{"href":"https:\/\/robvq.qc.ca\/gdep\/wp-json\/wp\/v2\/pages"}],"about":[{"href":"https:\/\/robvq.qc.ca\/gdep\/wp-json\/wp\/v2\/types\/page"}],"author":[{"embeddable":true,"href":"https:\/\/robvq.qc.ca\/gdep\/wp-json\/wp\/v2\/users\/2"}],"replies":[{"embeddable":true,"href":"https:\/\/robvq.qc.ca\/gdep\/wp-json\/wp\/v2\/comments?post=927"}],"version-history":[{"count":11,"href":"https:\/\/robvq.qc.ca\/gdep\/wp-json\/wp\/v2\/pages\/927\/revisions"}],"predecessor-version":[{"id":1250,"href":"https:\/\/robvq.qc.ca\/gdep\/wp-json\/wp\/v2\/pages\/927\/revisions\/1250"}],"wp:attachment":[{"href":"https:\/\/robvq.qc.ca\/gdep\/wp-json\/wp\/v2\/media?parent=927"}],"curies":[{"name":"wp","href":"https:\/\/api.w.org\/{rel}","templated":true}]}}