{"id":960,"date":"2022-03-26T20:47:33","date_gmt":"2022-03-26T20:47:33","guid":{"rendered":"https:\/\/staging.robvq.qc.ca\/gdep\/?page_id=960"},"modified":"2022-03-30T13:01:00","modified_gmt":"2022-03-30T13:01:00","slug":"jardin-de-pluie-de-waterloo","status":"publish","type":"page","link":"https:\/\/robvq.qc.ca\/gdep\/jardin-de-pluie-de-waterloo\/","title":{"rendered":"Jardin de pluie de Waterloo"},"content":{"rendered":"<p>[et_pb_section fb_built=\u00a0\u00bb1&Prime; module_class=\u00a0\u00bbsection-title-h1&Prime; _builder_version=\u00a0\u00bb4.15&Prime; global_colors_info=\u00a0\u00bb{}\u00a0\u00bb][et_pb_row _builder_version=\u00a0\u00bb4.15&Prime; global_colors_info=\u00a0\u00bb{}\u00a0\u00bb][et_pb_column type=\u00a0\u00bb4_4&Prime; _builder_version=\u00a0\u00bb4.15&Prime; global_colors_info=\u00a0\u00bb{}\u00a0\u00bb][et_pb_text admin_label=\u00a0\u00bbTitre H1&Prime; _builder_version=\u00a0\u00bb4.15.1&Prime; global_colors_info=\u00a0\u00bb{}\u00a0\u00bb]<\/p>\n<h1>Les jardins intelligents de Waterloo<\/h1>\n<p>[\/et_pb_text][\/et_pb_column][\/et_pb_row][\/et_pb_section][et_pb_section fb_built=\u00a0\u00bb1&Prime; module_class=\u00a0\u00bb section-h1-with-image\u00a0\u00bb _builder_version=\u00a0\u00bb4.15&Prime; global_colors_info=\u00a0\u00bb{}\u00a0\u00bb][et_pb_row column_structure=\u00a0\u00bb1_2,1_2&Prime; _builder_version=\u00a0\u00bb4.15&Prime; global_colors_info=\u00a0\u00bb{}\u00a0\u00bb][et_pb_column type=\u00a0\u00bb1_2&Prime; _builder_version=\u00a0\u00bb4.15&Prime; global_colors_info=\u00a0\u00bb{}\u00a0\u00bb][et_pb_video src=\u00a0\u00bbhttps:\/\/www.youtube.com\/watch?v=leVlHx-NgFA\u00a0\u00bb image_src=\u00a0\u00bb\/\/i.ytimg.com\/vi\/leVlHx-NgFA\/hqdefault.jpg\u00a0\u00bb thumbnail_overlay_color=\u00a0\u00bbrgba(0,0,0,0.6)\u00a0\u00bb _builder_version=\u00a0\u00bb4.15.1&Prime; hover_enabled=\u00a0\u00bb0&Prime; global_colors_info=\u00a0\u00bb{}\u00a0\u00bb sticky_enabled=\u00a0\u00bb0&Prime;][\/et_pb_video][\/et_pb_column][et_pb_column type=\u00a0\u00bb1_2&Prime; _builder_version=\u00a0\u00bb4.15&Prime; global_colors_info=\u00a0\u00bb{}\u00a0\u00bb][et_pb_text admin_label=\u00a0\u00bble projet en r\u00e9sum\u00e9\u00a0\u00bb module_class=\u00a0\u00bbproject-intro\u00a0\u00bb _builder_version=\u00a0\u00bb4.15.1&Prime; global_colors_info=\u00a0\u00bb{}\u00a0\u00bb]<\/p>\n<h3>Description du projet<\/h3>\n<p>Am\u00e9nagement de jardins intelligents (ou jardins de pluie) pour favoriser la r\u00e9tention et la filtration des eaux de surface et ainsi diminuer la quantit\u00e9 d&rsquo;eau de ruissellement qui se retrouve dans le r\u00e9seau pluvial et dans le lac Waterloo. Cette initiative vise principalement \u00e0 r\u00e9pondre \u00e0 une probl\u00e9matique d&rsquo;algues bleu-vert dans le lac Waterloo.<\/p>\n<p class=\"video-delay\">Dur\u00e9e de la vid\u00e9o: 00:02:30<\/p>\n<p>Source: Ville de Waterloo, OBV Yamaska, Action lac Waterloo, ROBVQ<\/p>\n<p>[\/et_pb_text][\/et_pb_column][\/et_pb_row][\/et_pb_section][et_pb_section fb_built=\u00a0\u00bb1&Prime; module_class=\u00a0\u00bbsection-title-h2&Prime; _builder_version=\u00a0\u00bb4.15&Prime; global_colors_info=\u00a0\u00bb{}\u00a0\u00bb][et_pb_row _builder_version=\u00a0\u00bb4.15&Prime; global_colors_info=\u00a0\u00bb{}\u00a0\u00bb][et_pb_column type=\u00a0\u00bb4_4&Prime; _builder_version=\u00a0\u00bb4.15&Prime; global_colors_info=\u00a0\u00bb{}\u00a0\u00bb][et_pb_text admin_label=\u00a0\u00bbTitre H2 &#8211; Le projet en d\u00e9tails\u00a0\u00bb _builder_version=\u00a0\u00bb4.15&Prime; global_colors_info=\u00a0\u00bb{}\u00a0\u00bb]<\/p>\n<h2>Le projet en d\u00e9tails<\/h2>\n<p>[\/et_pb_text][\/et_pb_column][\/et_pb_row][\/et_pb_section][et_pb_section fb_built=\u00a0\u00bb1&Prime; module_class=\u00a0\u00bbsection-with-bg\u00a0\u00bb _builder_version=\u00a0\u00bb4.15&Prime; global_colors_info=\u00a0\u00bb{}\u00a0\u00bb][et_pb_row column_structure=\u00a0\u00bb3_5,2_5&Prime; _builder_version=\u00a0\u00bb4.15&Prime; global_colors_info=\u00a0\u00bb{}\u00a0\u00bb][et_pb_column type=\u00a0\u00bb3_5&Prime; _builder_version=\u00a0\u00bb4.15&Prime; global_colors_info=\u00a0\u00bb{}\u00a0\u00bb][et_pb_text admin_label=\u00a0\u00bbContexte\u00a0\u00bb _builder_version=\u00a0\u00bb4.15.1&Prime; global_colors_info=\u00a0\u00bb{}\u00a0\u00bb]<\/p>\n<h3>Contexte<\/h3>\n<p>Depuis 2018, la ville de Waterloo, soutenue par la MRC de La Haute-Yamaska, finance \u00e0 50% l\u2019am\u00e9nagement de jardins de pluie sur les terrains de ses citoyens.<\/p>\n<p>[\/et_pb_text][et_pb_text admin_label=\u00a0\u00bbB\u00e9n\u00e9fices\u00a0\u00bb module_class=\u00a0\u00bbhighlight\u00a0\u00bb _builder_version=\u00a0\u00bb4.15.1&Prime; global_colors_info=\u00a0\u00bb{}\u00a0\u00bb]<\/p>\n<h3>B\u00e9n\u00e9fices<\/h3>\n<ul>\n<li>Am\u00e9nagement paysager esth\u00e9tiquement attrayant;<\/li>\n<li>R\u00e9duction du volume de ruissellement et protection de l\u2019int\u00e9grit\u00e9 des cours d\u2019eau;<\/li>\n<li>Enl\u00e8vement des s\u00e9diments, des nutriments et des contaminants;<\/li>\n<li>Recharge de la nappe phr\u00e9atique.<\/li>\n<\/ul>\n<p>[\/et_pb_text][\/et_pb_column][et_pb_column type=\u00a0\u00bb2_5&Prime; _builder_version=\u00a0\u00bb4.15&Prime; global_colors_info=\u00a0\u00bb{}\u00a0\u00bb][et_pb_text admin_label=\u00a0\u00bbChiffres et partenaires\u00a0\u00bb module_class=\u00a0\u00bbsheet-project-data\u00a0\u00bb _builder_version=\u00a0\u00bb4.15.1&Prime; global_colors_info=\u00a0\u00bb{}\u00a0\u00bb]<\/p>\n<p class=\"cost\">Co\u00fbt des travaux<\/p>\n<p>1 300 $ (financement de 50% de la ville de Waterloo).<\/p>\n<p class=\"time\">\u00c9ch\u00e9ancier<\/p>\n<p>1 journ\u00e9e<\/p>\n<p class=\"partner\">Partenaires<\/p>\n<ul>\n<li>Ville de Waterloo : d\u00e9livrance gratuite de permis, terreau et paillis, remboursement de 50% des frais jusqu&rsquo;\u00e0 concurrence de 750$;<\/li>\n<li>MRC La Haute-Yamaska : fonds de d\u00e9veloppement des communaut\u00e9s;<\/li>\n<li>OBV Yamaska : support technique et mise en relation des acteurs;<\/li>\n<li>Le citoyen : ma\u00eetre d&rsquo;\u0153uvre et b\u00e9n\u00e9ficiaire du projet;<\/li>\n<li>Action lac Waterloo : initiateur du projet.<\/li>\n<\/ul>\n<p>[\/et_pb_text][\/et_pb_column][\/et_pb_row][et_pb_row _builder_version=\u00a0\u00bb4.15.1&Prime; custom_css_main_element=\u00a0\u00bbpadding-top:0;\u00a0\u00bb global_colors_info=\u00a0\u00bb{}\u00a0\u00bb][et_pb_column type=\u00a0\u00bb4_4&Prime; _builder_version=\u00a0\u00bb4.15&Prime; global_colors_info=\u00a0\u00bb{}\u00a0\u00bb][et_pb_text admin_label=\u00a0\u00bbParticularit\u00e9s\u00a0\u00bb _builder_version=\u00a0\u00bb4.15.1&Prime; global_colors_info=\u00a0\u00bb{}\u00a0\u00bb]<\/p>\n<h3>Particularit\u00e9s du projet<\/h3>\n<ul>\n<li>Approche \u00e0 faible co\u00fbt;<\/li>\n<li>Participation citoyenne dans la gestion des eaux pluviales \u00e0 l\u2019\u00e9chelle du bassin versant;<\/li>\n<li>Projet qui se r\u00e9alise en une seule journ\u00e9e, sans enjeu d\u2019acceptabilit\u00e9 sociale et sans entrave \u00e0 la circulation;<\/li>\n<li>Approche faisant appel \u00e0 la concertation de plusieurs acteurs locaux (ville et MRC, organismes locaux et citoyens).<\/li>\n<\/ul>\n<p>[\/et_pb_text][\/et_pb_column][\/et_pb_row][et_pb_row disabled_on=\u00a0\u00bbon|on|on\u00a0\u00bb _builder_version=\u00a0\u00bb4.15.1&Prime; custom_css_main_element=\u00a0\u00bbpadding-bottom:0;\u00a0\u00bb disabled=\u00a0\u00bbon\u00a0\u00bb global_colors_info=\u00a0\u00bb{}\u00a0\u00bb][et_pb_column type=\u00a0\u00bb4_4&Prime; _builder_version=\u00a0\u00bb4.15&Prime; global_colors_info=\u00a0\u00bb{}\u00a0\u00bb][et_pb_text admin_label=\u00a0\u00bbTitre En images\u00a0\u00bb _builder_version=\u00a0\u00bb4.15&Prime; global_colors_info=\u00a0\u00bb{}\u00a0\u00bb]<\/p>\n<h3>En images<\/h3>\n<p>[\/et_pb_text][\/et_pb_column][\/et_pb_row][et_pb_row column_structure=\u00a0\u00bb1_2,1_2&Prime; disabled_on=\u00a0\u00bbon|on|on\u00a0\u00bb admin_label=\u00a0\u00bbGalerie photos\u00a0\u00bb _builder_version=\u00a0\u00bb4.15.1&Prime; disabled=\u00a0\u00bbon\u00a0\u00bb global_colors_info=\u00a0\u00bb{}\u00a0\u00bb][et_pb_column type=\u00a0\u00bb1_2&Prime; _builder_version=\u00a0\u00bb4.15&Prime; global_colors_info=\u00a0\u00bb{}\u00a0\u00bb][et_pb_gallery fullwidth=\u00a0\u00bbon\u00a0\u00bb admin_label=\u00a0\u00bbGalerie \u00a0\u00bb module_class=\u00a0\u00bbproject-gallery\u00a0\u00bb _builder_version=\u00a0\u00bb4.15.1&Prime; global_colors_info=\u00a0\u00bb{}\u00a0\u00bb][\/et_pb_gallery][et_pb_text admin_label=\u00a0\u00bbl\u00e9gende \u00a0\u00bb module_class=\u00a0\u00bbproject-gallery-caption\u00a0\u00bb _builder_version=\u00a0\u00bb4.15.1&Prime; global_colors_info=\u00a0\u00bb{}\u00a0\u00bb]<\/p>\n<p>\u00c0 venir<\/p>\n<p>[\/et_pb_text][\/et_pb_column][et_pb_column type=\u00a0\u00bb1_2&Prime; _builder_version=\u00a0\u00bb4.15&Prime; global_colors_info=\u00a0\u00bb{}\u00a0\u00bb][et_pb_gallery fullwidth=\u00a0\u00bbon\u00a0\u00bb module_class=\u00a0\u00bbproject-gallery\u00a0\u00bb _builder_version=\u00a0\u00bb4.15.1&Prime; global_colors_info=\u00a0\u00bb{}\u00a0\u00bb][\/et_pb_gallery][et_pb_text admin_label=\u00a0\u00bbl\u00e9gende \u00a0\u00bb module_class=\u00a0\u00bbproject-gallery-caption\u00a0\u00bb _builder_version=\u00a0\u00bb4.15.1&Prime; global_colors_info=\u00a0\u00bb{}\u00a0\u00bb]<\/p>\n<p>\u00c0 venir<\/p>\n<p>[\/et_pb_text][\/et_pb_column][\/et_pb_row][\/et_pb_section][et_pb_section fb_built=\u00a0\u00bb1&Prime; admin_label=\u00a0\u00bbEntete footer\u00a0\u00bb module_class=\u00a0\u00bbfooter-header\u00a0\u00bb _builder_version=\u00a0\u00bb4.0.11&Prime; background_enable_color=\u00a0\u00bboff\u00a0\u00bb global_module=\u00a0\u00bb65&Prime; saved_tabs=\u00a0\u00bball\u00a0\u00bb global_colors_info=\u00a0\u00bb{}\u00a0\u00bb][et_pb_row column_structure=\u00a0\u00bb3_5,2_5&Prime; _builder_version=\u00a0\u00bb4.15&Prime; global_colors_info=\u00a0\u00bb{}\u00a0\u00bb][et_pb_column type=\u00a0\u00bb3_5&Prime; _builder_version=\u00a0\u00bb4.15&Prime; global_colors_info=\u00a0\u00bb{}\u00a0\u00bb][et_pb_text admin_label=\u00a0\u00bbLes architectes du projet\u00a0\u00bb _builder_version=\u00a0\u00bb4.15&Prime; global_colors_info=\u00a0\u00bb{}\u00a0\u00bb]<\/p>\n<h2>Les architectes du projet<\/h2>\n<p>[\/et_pb_text][\/et_pb_column][et_pb_column type=\u00a0\u00bb2_5&Prime; _builder_version=\u00a0\u00bb4.15&Prime; global_colors_info=\u00a0\u00bb{}\u00a0\u00bb][et_pb_text admin_label=\u00a0\u00bbNous contacter\u00a0\u00bb _builder_version=\u00a0\u00bb4.15&Prime; global_colors_info=\u00a0\u00bb{}\u00a0\u00bb]<\/p>\n<h2>Nous contacter<\/h2>\n<p>[\/et_pb_text][\/et_pb_column][\/et_pb_row][\/et_pb_section]<\/p>\n","protected":false},"excerpt":{"rendered":"<p>Les jardins intelligents de WaterlooDescription du projet Am\u00e9nagement de jardins intelligents (ou jardins de pluie) pour favoriser la r\u00e9tention et la filtration des eaux de surface et ainsi diminuer la quantit\u00e9 d&rsquo;eau de ruissellement qui se retrouve dans le r\u00e9seau pluvial et dans le lac Waterloo. Cette initiative vise principalement \u00e0 r\u00e9pondre \u00e0 une probl\u00e9matique [&hellip;]<\/p>\n","protected":false},"author":2,"featured_media":0,"parent":0,"menu_order":0,"comment_status":"closed","ping_status":"closed","template":"","meta":{"_et_pb_use_builder":"on","_et_pb_old_content":"","_et_gb_content_width":"","footnotes":""},"class_list":["post-960","page","type-page","status-publish","hentry"],"yoast_head":"<!-- This site is optimized with the Yoast SEO plugin v27.3 - https:\/\/yoast.com\/product\/yoast-seo-wordpress\/ -->\n<title>Jardin de pluie de Waterloo - GDEP - Gestion Des Eaux Pluviales<\/title>\n<meta name=\"robots\" content=\"index, follow, max-snippet:-1, max-image-preview:large, max-video-preview:-1\" \/>\n<link rel=\"canonical\" href=\"https:\/\/robvq.qc.ca\/gdep\/jardin-de-pluie-de-waterloo\/\" \/>\n<meta property=\"og:locale\" content=\"fr_FR\" \/>\n<meta property=\"og:type\" content=\"article\" \/>\n<meta property=\"og:title\" content=\"Jardin de pluie de Waterloo - GDEP - Gestion Des Eaux Pluviales\" \/>\n<meta property=\"og:description\" content=\"Les jardins intelligents de WaterlooDescription du projet Am\u00e9nagement de jardins intelligents (ou jardins de pluie) pour favoriser la r\u00e9tention et la filtration des eaux de surface et ainsi diminuer la quantit\u00e9 d&#039;eau de ruissellement qui se retrouve dans le r\u00e9seau pluvial et dans le lac Waterloo. Cette initiative vise principalement \u00e0 r\u00e9pondre \u00e0 une probl\u00e9matique [&hellip;]\" \/>\n<meta property=\"og:url\" content=\"https:\/\/robvq.qc.ca\/gdep\/jardin-de-pluie-de-waterloo\/\" \/>\n<meta property=\"og:site_name\" content=\"GDEP - Gestion Des Eaux Pluviales\" \/>\n<meta property=\"article:modified_time\" content=\"2022-03-30T13:01:00+00:00\" \/>\n<meta name=\"twitter:card\" content=\"summary_large_image\" \/>\n<meta name=\"twitter:label1\" content=\"Dur\u00e9e de lecture estim\u00e9e\" \/>\n\t<meta name=\"twitter:data1\" content=\"3 minutes\" \/>\n<script type=\"application\/ld+json\" class=\"yoast-schema-graph\">{\"@context\":\"https:\\\/\\\/schema.org\",\"@graph\":[{\"@type\":\"WebPage\",\"@id\":\"https:\\\/\\\/robvq.qc.ca\\\/gdep\\\/jardin-de-pluie-de-waterloo\\\/\",\"url\":\"https:\\\/\\\/robvq.qc.ca\\\/gdep\\\/jardin-de-pluie-de-waterloo\\\/\",\"name\":\"Jardin de pluie de Waterloo - GDEP - Gestion Des Eaux Pluviales\",\"isPartOf\":{\"@id\":\"https:\\\/\\\/robvq.qc.ca\\\/gdep\\\/#website\"},\"datePublished\":\"2022-03-26T20:47:33+00:00\",\"dateModified\":\"2022-03-30T13:01:00+00:00\",\"breadcrumb\":{\"@id\":\"https:\\\/\\\/robvq.qc.ca\\\/gdep\\\/jardin-de-pluie-de-waterloo\\\/#breadcrumb\"},\"inLanguage\":\"fr-FR\",\"potentialAction\":[{\"@type\":\"ReadAction\",\"target\":[\"https:\\\/\\\/robvq.qc.ca\\\/gdep\\\/jardin-de-pluie-de-waterloo\\\/\"]}]},{\"@type\":\"BreadcrumbList\",\"@id\":\"https:\\\/\\\/robvq.qc.ca\\\/gdep\\\/jardin-de-pluie-de-waterloo\\\/#breadcrumb\",\"itemListElement\":[{\"@type\":\"ListItem\",\"position\":1,\"name\":\"Accueil\",\"item\":\"https:\\\/\\\/robvq.qc.ca\\\/gdep\\\/\"},{\"@type\":\"ListItem\",\"position\":2,\"name\":\"Jardin de pluie de Waterloo\"}]},{\"@type\":\"WebSite\",\"@id\":\"https:\\\/\\\/robvq.qc.ca\\\/gdep\\\/#website\",\"url\":\"https:\\\/\\\/robvq.qc.ca\\\/gdep\\\/\",\"name\":\"GDEP - Gestion Des Eaux Pluviales\",\"description\":\"\",\"potentialAction\":[{\"@type\":\"SearchAction\",\"target\":{\"@type\":\"EntryPoint\",\"urlTemplate\":\"https:\\\/\\\/robvq.qc.ca\\\/gdep\\\/?s={search_term_string}\"},\"query-input\":{\"@type\":\"PropertyValueSpecification\",\"valueRequired\":true,\"valueName\":\"search_term_string\"}}],\"inLanguage\":\"fr-FR\"}]}<\/script>\n<!-- \/ Yoast SEO plugin. -->","yoast_head_json":{"title":"Jardin de pluie de Waterloo - GDEP - Gestion Des Eaux Pluviales","robots":{"index":"index","follow":"follow","max-snippet":"max-snippet:-1","max-image-preview":"max-image-preview:large","max-video-preview":"max-video-preview:-1"},"canonical":"https:\/\/robvq.qc.ca\/gdep\/jardin-de-pluie-de-waterloo\/","og_locale":"fr_FR","og_type":"article","og_title":"Jardin de pluie de Waterloo - GDEP - Gestion Des Eaux Pluviales","og_description":"Les jardins intelligents de WaterlooDescription du projet Am\u00e9nagement de jardins intelligents (ou jardins de pluie) pour favoriser la r\u00e9tention et la filtration des eaux de surface et ainsi diminuer la quantit\u00e9 d'eau de ruissellement qui se retrouve dans le r\u00e9seau pluvial et dans le lac Waterloo. Cette initiative vise principalement \u00e0 r\u00e9pondre \u00e0 une probl\u00e9matique [&hellip;]","og_url":"https:\/\/robvq.qc.ca\/gdep\/jardin-de-pluie-de-waterloo\/","og_site_name":"GDEP - Gestion Des Eaux Pluviales","article_modified_time":"2022-03-30T13:01:00+00:00","twitter_card":"summary_large_image","twitter_misc":{"Dur\u00e9e de lecture estim\u00e9e":"3 minutes"},"schema":{"@context":"https:\/\/schema.org","@graph":[{"@type":"WebPage","@id":"https:\/\/robvq.qc.ca\/gdep\/jardin-de-pluie-de-waterloo\/","url":"https:\/\/robvq.qc.ca\/gdep\/jardin-de-pluie-de-waterloo\/","name":"Jardin de pluie de Waterloo - GDEP - Gestion Des Eaux Pluviales","isPartOf":{"@id":"https:\/\/robvq.qc.ca\/gdep\/#website"},"datePublished":"2022-03-26T20:47:33+00:00","dateModified":"2022-03-30T13:01:00+00:00","breadcrumb":{"@id":"https:\/\/robvq.qc.ca\/gdep\/jardin-de-pluie-de-waterloo\/#breadcrumb"},"inLanguage":"fr-FR","potentialAction":[{"@type":"ReadAction","target":["https:\/\/robvq.qc.ca\/gdep\/jardin-de-pluie-de-waterloo\/"]}]},{"@type":"BreadcrumbList","@id":"https:\/\/robvq.qc.ca\/gdep\/jardin-de-pluie-de-waterloo\/#breadcrumb","itemListElement":[{"@type":"ListItem","position":1,"name":"Accueil","item":"https:\/\/robvq.qc.ca\/gdep\/"},{"@type":"ListItem","position":2,"name":"Jardin de pluie de Waterloo"}]},{"@type":"WebSite","@id":"https:\/\/robvq.qc.ca\/gdep\/#website","url":"https:\/\/robvq.qc.ca\/gdep\/","name":"GDEP - Gestion Des Eaux Pluviales","description":"","potentialAction":[{"@type":"SearchAction","target":{"@type":"EntryPoint","urlTemplate":"https:\/\/robvq.qc.ca\/gdep\/?s={search_term_string}"},"query-input":{"@type":"PropertyValueSpecification","valueRequired":true,"valueName":"search_term_string"}}],"inLanguage":"fr-FR"}]}},"_links":{"self":[{"href":"https:\/\/robvq.qc.ca\/gdep\/wp-json\/wp\/v2\/pages\/960","targetHints":{"allow":["GET"]}}],"collection":[{"href":"https:\/\/robvq.qc.ca\/gdep\/wp-json\/wp\/v2\/pages"}],"about":[{"href":"https:\/\/robvq.qc.ca\/gdep\/wp-json\/wp\/v2\/types\/page"}],"author":[{"embeddable":true,"href":"https:\/\/robvq.qc.ca\/gdep\/wp-json\/wp\/v2\/users\/2"}],"replies":[{"embeddable":true,"href":"https:\/\/robvq.qc.ca\/gdep\/wp-json\/wp\/v2\/comments?post=960"}],"version-history":[{"count":10,"href":"https:\/\/robvq.qc.ca\/gdep\/wp-json\/wp\/v2\/pages\/960\/revisions"}],"predecessor-version":[{"id":1209,"href":"https:\/\/robvq.qc.ca\/gdep\/wp-json\/wp\/v2\/pages\/960\/revisions\/1209"}],"wp:attachment":[{"href":"https:\/\/robvq.qc.ca\/gdep\/wp-json\/wp\/v2\/media?parent=960"}],"curies":[{"name":"wp","href":"https:\/\/api.w.org\/{rel}","templated":true}]}}