{"id":999,"date":"2022-03-26T21:15:39","date_gmt":"2022-03-26T21:15:39","guid":{"rendered":"https:\/\/staging.robvq.qc.ca\/gdep\/?page_id=999"},"modified":"2022-03-29T17:44:40","modified_gmt":"2022-03-29T17:44:40","slug":"paar-saint-regis","status":"publish","type":"page","link":"https:\/\/robvq.qc.ca\/gdep\/paar-saint-regis\/","title":{"rendered":"PAAR Saint-R\u00e9gis"},"content":{"rendered":"<p>[et_pb_section fb_built=\u00a0\u00bb1&Prime; module_class=\u00a0\u00bbsection-title-h1&Prime; _builder_version=\u00a0\u00bb4.15&Prime; global_colors_info=\u00a0\u00bb{}\u00a0\u00bb][et_pb_row _builder_version=\u00a0\u00bb4.15&Prime; global_colors_info=\u00a0\u00bb{}\u00a0\u00bb][et_pb_column type=\u00a0\u00bb4_4&Prime; _builder_version=\u00a0\u00bb4.15&Prime; global_colors_info=\u00a0\u00bb{}\u00a0\u00bb][et_pb_text admin_label=\u00a0\u00bbTitre H1&Prime; _builder_version=\u00a0\u00bb4.15.1&Prime; global_colors_info=\u00a0\u00bb{}\u00a0\u00bb]<\/p>\n<h1>PAAR Saint-R\u00e9gis<\/h1>\n<p>[\/et_pb_text][\/et_pb_column][\/et_pb_row][\/et_pb_section][et_pb_section fb_built=\u00a0\u00bb1&Prime; module_class=\u00a0\u00bb section-h1-with-image\u00a0\u00bb _builder_version=\u00a0\u00bb4.15&Prime; global_colors_info=\u00a0\u00bb{}\u00a0\u00bb][et_pb_row column_structure=\u00a0\u00bb1_2,1_2&Prime; _builder_version=\u00a0\u00bb4.15&Prime; global_colors_info=\u00a0\u00bb{}\u00a0\u00bb][et_pb_column type=\u00a0\u00bb1_2&Prime; _builder_version=\u00a0\u00bb4.15&Prime; global_colors_info=\u00a0\u00bb{}\u00a0\u00bb][et_pb_image src=\u00a0\u00bbhttps:\/\/robvq.qc.ca\/gdep\/wp-content\/uploads\/2022\/03\/projet_st_regis.jpg\u00a0\u00bb title_text=\u00a0\u00bbprojet_st_regis\u00a0\u00bb _builder_version=\u00a0\u00bb4.15.1&Prime; _module_preset=\u00a0\u00bbdefault\u00a0\u00bb global_colors_info=\u00a0\u00bb{}\u00a0\u00bb][\/et_pb_image][\/et_pb_column][et_pb_column type=\u00a0\u00bb1_2&Prime; _builder_version=\u00a0\u00bb4.15&Prime; global_colors_info=\u00a0\u00bb{}\u00a0\u00bb][et_pb_text admin_label=\u00a0\u00bble projet en r\u00e9sum\u00e9\u00a0\u00bb module_class=\u00a0\u00bbproject-intro\u00a0\u00bb _builder_version=\u00a0\u00bb4.15.1&Prime; global_colors_info=\u00a0\u00bb{}\u00a0\u00bb]<\/p>\n<h3>Description du projet<\/h3>\n<p>Ce projet vise l\u2019accompagnement des producteurs agricoles vers le changement et l\u2019adoption de bonnes pratiques culturales conservatrices de l\u2019eau et du sol. Les producteurs ont mis en place des pratiques agroenvironnementales soucieuses de la gestion des eaux pluviales en implantant des cultures de couverture, en plantant des bandes riveraines \u00e9largies et en v\u00e9g\u00e9talisant des coul\u00e9es agricoles.<\/p>\n<p><a href=\"http:\/\/scabric.ca\/index.php\/projets\/projets-en-cours\/319-res-alliance-de-la-saint-regis.html\" target=\"_blank\" rel=\"noopener\">Visiter le site web<\/a><\/p>\n<p>Source: Soci\u00e9t\u00e9 de conservation et d\u2019am\u00e9nagement des bassins versants de la Zone Ch\u00e2teauguay (SCABRIC)<\/p>\n<p>[\/et_pb_text][\/et_pb_column][\/et_pb_row][\/et_pb_section][et_pb_section fb_built=\u00a0\u00bb1&Prime; module_class=\u00a0\u00bbsection-title-h2&Prime; _builder_version=\u00a0\u00bb4.15&Prime; global_colors_info=\u00a0\u00bb{}\u00a0\u00bb][et_pb_row _builder_version=\u00a0\u00bb4.15&Prime; global_colors_info=\u00a0\u00bb{}\u00a0\u00bb][et_pb_column type=\u00a0\u00bb4_4&Prime; _builder_version=\u00a0\u00bb4.15&Prime; global_colors_info=\u00a0\u00bb{}\u00a0\u00bb][et_pb_text admin_label=\u00a0\u00bbTitre H2 &#8211; Le projet en d\u00e9tails\u00a0\u00bb _builder_version=\u00a0\u00bb4.15&Prime; global_colors_info=\u00a0\u00bb{}\u00a0\u00bb]<\/p>\n<h2>Le projet en d\u00e9tails<\/h2>\n<p>[\/et_pb_text][\/et_pb_column][\/et_pb_row][\/et_pb_section][et_pb_section fb_built=\u00a0\u00bb1&Prime; module_class=\u00a0\u00bbsection-with-bg\u00a0\u00bb _builder_version=\u00a0\u00bb4.15&Prime; global_colors_info=\u00a0\u00bb{}\u00a0\u00bb][et_pb_row column_structure=\u00a0\u00bb3_5,2_5&Prime; _builder_version=\u00a0\u00bb4.15&Prime; global_colors_info=\u00a0\u00bb{}\u00a0\u00bb][et_pb_column type=\u00a0\u00bb3_5&Prime; _builder_version=\u00a0\u00bb4.15&Prime; global_colors_info=\u00a0\u00bb{}\u00a0\u00bb][et_pb_text admin_label=\u00a0\u00bbContexte\u00a0\u00bb _builder_version=\u00a0\u00bb4.15.1&Prime; hover_enabled=\u00a0\u00bb0&Prime; global_colors_info=\u00a0\u00bb{}\u00a0\u00bb sticky_enabled=\u00a0\u00bb0&Prime;]<\/p>\n<h3>Contexte<\/h3>\n<p>Le projet des producteurs de la St-R\u00e9gis d\u00e9coule d\u2019un projet de plus grande envergure, la R\u00e9sAlliance de la St-R\u00e9gis, une communaut\u00e9 de pratiques d\u2019adaptation aux changements climatiques visant \u00e0 att\u00e9nuer les probl\u00e8mes d\u2019\u00e9rosion, de p\u00e9nurie d\u2019eau souterraine et d\u2019inondation dans le bassin versant.<\/p>\n<p>Sources de financement:<\/p>\n<ul>\n<li>PrimeVert du MAPAQ;<\/li>\n<li>Programme Affluents Maritime;<\/li>\n<li>MRC de Roussillon;<\/li>\n<li>Ville de Saint-Constant;<\/li>\n<li>A30 Express.<\/li>\n<\/ul>\n<p>Les producteurs ont b\u00e9n\u00e9fici\u00e9 d\u2019un financement de 90% des co\u00fbts d&rsquo;implantation des pratiques mises en place gr\u00e2ce au Programme PrimeVert du MAPAQ.<\/p>\n<p>[\/et_pb_text][et_pb_text admin_label=\u00a0\u00bbB\u00e9n\u00e9fices\u00a0\u00bb module_class=\u00a0\u00bbhighlight\u00a0\u00bb _builder_version=\u00a0\u00bb4.15.1&Prime; hover_enabled=\u00a0\u00bb0&Prime; global_colors_info=\u00a0\u00bb{}\u00a0\u00bb sticky_enabled=\u00a0\u00bb0&Prime;]<\/p>\n<h3>B\u00e9n\u00e9fices<\/h3>\n<ul>\n<li>Diminution de l\u2019\u00e9rosion des sols agricoles;<\/li>\n<li>Diminution de l\u2019apport en s\u00e9diments et en nutriments dans le cours d\u2019eau;<\/li>\n<li>Sensibilisation des producteurs et adoption de pratiques agroenvironnementales soucieuses de la GDEP;<\/li>\n<li>Stabilisation des berges;<\/li>\n<li>Cr\u00e9ation d\u2019habitats fauniques riverains.<\/li>\n<\/ul>\n<p>[\/et_pb_text][\/et_pb_column][et_pb_column type=\u00a0\u00bb2_5&Prime; _builder_version=\u00a0\u00bb4.15&Prime; global_colors_info=\u00a0\u00bb{}\u00a0\u00bb][et_pb_text admin_label=\u00a0\u00bbChiffres et partenaires\u00a0\u00bb module_class=\u00a0\u00bbsheet-project-data\u00a0\u00bb _builder_version=\u00a0\u00bb4.15.1&Prime; hover_enabled=\u00a0\u00bb0&Prime; global_colors_info=\u00a0\u00bb{}\u00a0\u00bb sticky_enabled=\u00a0\u00bb0&Prime;]<\/p>\n<p class=\"cost\">Co\u00fbt des travaux<\/p>\n<ul>\n<li>L\u2019ensemble du projet PAAR 2018 \u00e0 2020 : 151 113,94 $<\/li>\n<li>Un seul projet \u201cvitrine\u201d de stabilisation : 97 950,49 $<\/li>\n<\/ul>\n<p class=\"time\">\u00c9ch\u00e9ancier<\/p>\n<p><span style=\"font-weight: 400;\">4 ans, du mois d\u2019ao\u00fbt 2018 \u00e0 f\u00e9vrier 2022<\/span><\/p>\n<p class=\"partner\">Partenaires<\/p>\n<p>Groupe PleinTerre, Datasol, MRC de Roussillon, municipalit\u00e9 de Saint-Isidore, Ville de Saint- Constant, Regroupement Qu\u00e9becOiseaux, UPA Roussillon, MAPAQ, R\u00e9seau AgriConseils, P\u00f4le Expert en Lutte Int\u00e9gr\u00e9 (PELI) du CLD des Jardins-de-Napierville, Logiag, UQAM, L\u2019Oiseaulogue, Conseil qu\u00e9b\u00e9cois des esp\u00e8ces exotiques envahissantes (CQEEE), Daniel Robidoux (producteur agricole), Jean-Guy Villeneuve (repr\u00e9sentant UPA Roussillon), OBV COVABAR, CRRC, Sylvain Legault, Groupe Ambioterra, MELCC \u2013 DGS\u00c9E, Productions Dauphin aventureux, Productions Arc-en-ciel.<\/p>\n<p>[\/et_pb_text][\/et_pb_column][\/et_pb_row][et_pb_row _builder_version=\u00a0\u00bb4.15.1&Prime; global_colors_info=\u00a0\u00bb{}\u00a0\u00bb][et_pb_column type=\u00a0\u00bb4_4&Prime; _builder_version=\u00a0\u00bb4.15&Prime; global_colors_info=\u00a0\u00bb{}\u00a0\u00bb][et_pb_text admin_label=\u00a0\u00bbParticularit\u00e9s\u00a0\u00bb _builder_version=\u00a0\u00bb4.15.1&Prime; hover_enabled=\u00a0\u00bb0&Prime; global_colors_info=\u00a0\u00bb{}\u00a0\u00bb sticky_enabled=\u00a0\u00bb0&Prime;]<\/p>\n<h3>Particularit\u00e9s du projet<\/h3>\n<p>Recrutement et accompagnement de 15 producteurs situ\u00e9s le long de la rivi\u00e8re dans les processus administratifs et techniques pour l\u2019implantation de pratiques agroenvironnementales soucieuses de la gestion des eaux pluviales et visant \u00e0 diminuer l\u2019apport de s\u00e9diments et de nutriments au cours d\u2019eau.<\/p>\n<p>[\/et_pb_text][\/et_pb_column][\/et_pb_row][et_pb_row _builder_version=\u00a0\u00bb4.15.1&Prime; custom_css_main_element=\u00a0\u00bbpadding-bottom:0;||padding-top:0;\u00a0\u00bb global_colors_info=\u00a0\u00bb{}\u00a0\u00bb][et_pb_column type=\u00a0\u00bb4_4&Prime; _builder_version=\u00a0\u00bb4.15&Prime; global_colors_info=\u00a0\u00bb{}\u00a0\u00bb][et_pb_text admin_label=\u00a0\u00bbTitre\u00a0\u00bb _builder_version=\u00a0\u00bb4.15&Prime; global_colors_info=\u00a0\u00bb{}\u00a0\u00bb]<\/p>\n<h3>En images<\/h3>\n<p>[\/et_pb_text][\/et_pb_column][\/et_pb_row][et_pb_row column_structure=\u00a0\u00bb1_2,1_2&Prime; _builder_version=\u00a0\u00bb4.15&Prime; global_colors_info=\u00a0\u00bb{}\u00a0\u00bb][et_pb_column type=\u00a0\u00bb1_2&Prime; _builder_version=\u00a0\u00bb4.15&Prime; global_colors_info=\u00a0\u00bb{}\u00a0\u00bb][et_pb_gallery gallery_ids=\u00a0\u00bb1005,1004,1006,1007,1008,1009,1010&Prime; fullwidth=\u00a0\u00bbon\u00a0\u00bb module_class=\u00a0\u00bbproject-gallery\u00a0\u00bb _builder_version=\u00a0\u00bb4.15.1&Prime; global_colors_info=\u00a0\u00bb{}\u00a0\u00bb][\/et_pb_gallery][et_pb_text admin_label=\u00a0\u00bbl\u00e9gende\u00a0\u00bb module_class=\u00a0\u00bbproject-gallery-caption\u00a0\u00bb _builder_version=\u00a0\u00bb4.15.1&Prime; global_colors_info=\u00a0\u00bb{}\u00a0\u00bb]<\/p>\n<p>Cr\u00e9dit photo: SCABRIC<\/p>\n<p>[\/et_pb_text][\/et_pb_column][et_pb_column type=\u00a0\u00bb1_2&Prime; _builder_version=\u00a0\u00bb4.15&Prime; global_colors_info=\u00a0\u00bb{}\u00a0\u00bb][\/et_pb_column][\/et_pb_row][\/et_pb_section][et_pb_section fb_built=\u00a0\u00bb1&Prime; admin_label=\u00a0\u00bbEntete footer\u00a0\u00bb module_class=\u00a0\u00bbfooter-header\u00a0\u00bb _builder_version=\u00a0\u00bb4.0.11&Prime; background_enable_color=\u00a0\u00bboff\u00a0\u00bb global_module=\u00a0\u00bb65&Prime; saved_tabs=\u00a0\u00bball\u00a0\u00bb global_colors_info=\u00a0\u00bb{}\u00a0\u00bb][et_pb_row column_structure=\u00a0\u00bb3_5,2_5&Prime; _builder_version=\u00a0\u00bb4.15&Prime; global_colors_info=\u00a0\u00bb{}\u00a0\u00bb][et_pb_column type=\u00a0\u00bb3_5&Prime; _builder_version=\u00a0\u00bb4.15&Prime; global_colors_info=\u00a0\u00bb{}\u00a0\u00bb][et_pb_text admin_label=\u00a0\u00bbLes architectes du projet\u00a0\u00bb _builder_version=\u00a0\u00bb4.15&Prime; global_colors_info=\u00a0\u00bb{}\u00a0\u00bb]<\/p>\n<h2>Les architectes du projet<\/h2>\n<p>[\/et_pb_text][\/et_pb_column][et_pb_column type=\u00a0\u00bb2_5&Prime; _builder_version=\u00a0\u00bb4.15&Prime; global_colors_info=\u00a0\u00bb{}\u00a0\u00bb][et_pb_text admin_label=\u00a0\u00bbNous contacter\u00a0\u00bb _builder_version=\u00a0\u00bb4.15&Prime; global_colors_info=\u00a0\u00bb{}\u00a0\u00bb]<\/p>\n<h2>Nous contacter<\/h2>\n<p>[\/et_pb_text][\/et_pb_column][\/et_pb_row][\/et_pb_section]<\/p>\n","protected":false},"excerpt":{"rendered":"<p>PAAR Saint-R\u00e9gisDescription du projet Ce projet vise l\u2019accompagnement des producteurs agricoles vers le changement et l\u2019adoption de bonnes pratiques culturales conservatrices de l\u2019eau et du sol. Les producteurs ont mis en place des pratiques agroenvironnementales soucieuses de la gestion des eaux pluviales en implantant des cultures de couverture, en plantant des bandes riveraines \u00e9largies et [&hellip;]<\/p>\n","protected":false},"author":2,"featured_media":0,"parent":0,"menu_order":0,"comment_status":"closed","ping_status":"closed","template":"","meta":{"_et_pb_use_builder":"on","_et_pb_old_content":"","_et_gb_content_width":"","footnotes":""},"class_list":["post-999","page","type-page","status-publish","hentry"],"yoast_head":"<!-- This site is optimized with the Yoast SEO plugin v27.3 - https:\/\/yoast.com\/product\/yoast-seo-wordpress\/ -->\n<title>PAAR Saint-R\u00e9gis - GDEP - Gestion Des Eaux Pluviales<\/title>\n<meta name=\"robots\" content=\"index, follow, max-snippet:-1, max-image-preview:large, max-video-preview:-1\" \/>\n<link rel=\"canonical\" href=\"https:\/\/robvq.qc.ca\/gdep\/paar-saint-regis\/\" \/>\n<meta property=\"og:locale\" content=\"fr_FR\" \/>\n<meta property=\"og:type\" content=\"article\" \/>\n<meta property=\"og:title\" content=\"PAAR Saint-R\u00e9gis - GDEP - Gestion Des Eaux Pluviales\" \/>\n<meta property=\"og:description\" content=\"PAAR Saint-R\u00e9gisDescription du projet Ce projet vise l\u2019accompagnement des producteurs agricoles vers le changement et l\u2019adoption de bonnes pratiques culturales conservatrices de l\u2019eau et du sol. Les producteurs ont mis en place des pratiques agroenvironnementales soucieuses de la gestion des eaux pluviales en implantant des cultures de couverture, en plantant des bandes riveraines \u00e9largies et [&hellip;]\" \/>\n<meta property=\"og:url\" content=\"https:\/\/robvq.qc.ca\/gdep\/paar-saint-regis\/\" \/>\n<meta property=\"og:site_name\" content=\"GDEP - Gestion Des Eaux Pluviales\" \/>\n<meta property=\"article:modified_time\" content=\"2022-03-29T17:44:40+00:00\" \/>\n<meta name=\"twitter:card\" content=\"summary_large_image\" \/>\n<meta name=\"twitter:label1\" content=\"Dur\u00e9e de lecture estim\u00e9e\" \/>\n\t<meta name=\"twitter:data1\" content=\"5 minutes\" \/>\n<script type=\"application\/ld+json\" class=\"yoast-schema-graph\">{\"@context\":\"https:\\\/\\\/schema.org\",\"@graph\":[{\"@type\":\"WebPage\",\"@id\":\"https:\\\/\\\/robvq.qc.ca\\\/gdep\\\/paar-saint-regis\\\/\",\"url\":\"https:\\\/\\\/robvq.qc.ca\\\/gdep\\\/paar-saint-regis\\\/\",\"name\":\"PAAR Saint-R\u00e9gis - GDEP - Gestion Des Eaux Pluviales\",\"isPartOf\":{\"@id\":\"https:\\\/\\\/robvq.qc.ca\\\/gdep\\\/#website\"},\"datePublished\":\"2022-03-26T21:15:39+00:00\",\"dateModified\":\"2022-03-29T17:44:40+00:00\",\"breadcrumb\":{\"@id\":\"https:\\\/\\\/robvq.qc.ca\\\/gdep\\\/paar-saint-regis\\\/#breadcrumb\"},\"inLanguage\":\"fr-FR\",\"potentialAction\":[{\"@type\":\"ReadAction\",\"target\":[\"https:\\\/\\\/robvq.qc.ca\\\/gdep\\\/paar-saint-regis\\\/\"]}]},{\"@type\":\"BreadcrumbList\",\"@id\":\"https:\\\/\\\/robvq.qc.ca\\\/gdep\\\/paar-saint-regis\\\/#breadcrumb\",\"itemListElement\":[{\"@type\":\"ListItem\",\"position\":1,\"name\":\"Accueil\",\"item\":\"https:\\\/\\\/robvq.qc.ca\\\/gdep\\\/\"},{\"@type\":\"ListItem\",\"position\":2,\"name\":\"PAAR Saint-R\u00e9gis\"}]},{\"@type\":\"WebSite\",\"@id\":\"https:\\\/\\\/robvq.qc.ca\\\/gdep\\\/#website\",\"url\":\"https:\\\/\\\/robvq.qc.ca\\\/gdep\\\/\",\"name\":\"GDEP - Gestion Des Eaux Pluviales\",\"description\":\"\",\"potentialAction\":[{\"@type\":\"SearchAction\",\"target\":{\"@type\":\"EntryPoint\",\"urlTemplate\":\"https:\\\/\\\/robvq.qc.ca\\\/gdep\\\/?s={search_term_string}\"},\"query-input\":{\"@type\":\"PropertyValueSpecification\",\"valueRequired\":true,\"valueName\":\"search_term_string\"}}],\"inLanguage\":\"fr-FR\"}]}<\/script>\n<!-- \/ Yoast SEO plugin. -->","yoast_head_json":{"title":"PAAR Saint-R\u00e9gis - GDEP - Gestion Des Eaux Pluviales","robots":{"index":"index","follow":"follow","max-snippet":"max-snippet:-1","max-image-preview":"max-image-preview:large","max-video-preview":"max-video-preview:-1"},"canonical":"https:\/\/robvq.qc.ca\/gdep\/paar-saint-regis\/","og_locale":"fr_FR","og_type":"article","og_title":"PAAR Saint-R\u00e9gis - GDEP - Gestion Des Eaux Pluviales","og_description":"PAAR Saint-R\u00e9gisDescription du projet Ce projet vise l\u2019accompagnement des producteurs agricoles vers le changement et l\u2019adoption de bonnes pratiques culturales conservatrices de l\u2019eau et du sol. Les producteurs ont mis en place des pratiques agroenvironnementales soucieuses de la gestion des eaux pluviales en implantant des cultures de couverture, en plantant des bandes riveraines \u00e9largies et [&hellip;]","og_url":"https:\/\/robvq.qc.ca\/gdep\/paar-saint-regis\/","og_site_name":"GDEP - Gestion Des Eaux Pluviales","article_modified_time":"2022-03-29T17:44:40+00:00","twitter_card":"summary_large_image","twitter_misc":{"Dur\u00e9e de lecture estim\u00e9e":"5 minutes"},"schema":{"@context":"https:\/\/schema.org","@graph":[{"@type":"WebPage","@id":"https:\/\/robvq.qc.ca\/gdep\/paar-saint-regis\/","url":"https:\/\/robvq.qc.ca\/gdep\/paar-saint-regis\/","name":"PAAR Saint-R\u00e9gis - GDEP - Gestion Des Eaux Pluviales","isPartOf":{"@id":"https:\/\/robvq.qc.ca\/gdep\/#website"},"datePublished":"2022-03-26T21:15:39+00:00","dateModified":"2022-03-29T17:44:40+00:00","breadcrumb":{"@id":"https:\/\/robvq.qc.ca\/gdep\/paar-saint-regis\/#breadcrumb"},"inLanguage":"fr-FR","potentialAction":[{"@type":"ReadAction","target":["https:\/\/robvq.qc.ca\/gdep\/paar-saint-regis\/"]}]},{"@type":"BreadcrumbList","@id":"https:\/\/robvq.qc.ca\/gdep\/paar-saint-regis\/#breadcrumb","itemListElement":[{"@type":"ListItem","position":1,"name":"Accueil","item":"https:\/\/robvq.qc.ca\/gdep\/"},{"@type":"ListItem","position":2,"name":"PAAR Saint-R\u00e9gis"}]},{"@type":"WebSite","@id":"https:\/\/robvq.qc.ca\/gdep\/#website","url":"https:\/\/robvq.qc.ca\/gdep\/","name":"GDEP - Gestion Des Eaux Pluviales","description":"","potentialAction":[{"@type":"SearchAction","target":{"@type":"EntryPoint","urlTemplate":"https:\/\/robvq.qc.ca\/gdep\/?s={search_term_string}"},"query-input":{"@type":"PropertyValueSpecification","valueRequired":true,"valueName":"search_term_string"}}],"inLanguage":"fr-FR"}]}},"_links":{"self":[{"href":"https:\/\/robvq.qc.ca\/gdep\/wp-json\/wp\/v2\/pages\/999","targetHints":{"allow":["GET"]}}],"collection":[{"href":"https:\/\/robvq.qc.ca\/gdep\/wp-json\/wp\/v2\/pages"}],"about":[{"href":"https:\/\/robvq.qc.ca\/gdep\/wp-json\/wp\/v2\/types\/page"}],"author":[{"embeddable":true,"href":"https:\/\/robvq.qc.ca\/gdep\/wp-json\/wp\/v2\/users\/2"}],"replies":[{"embeddable":true,"href":"https:\/\/robvq.qc.ca\/gdep\/wp-json\/wp\/v2\/comments?post=999"}],"version-history":[{"count":12,"href":"https:\/\/robvq.qc.ca\/gdep\/wp-json\/wp\/v2\/pages\/999\/revisions"}],"predecessor-version":[{"id":1174,"href":"https:\/\/robvq.qc.ca\/gdep\/wp-json\/wp\/v2\/pages\/999\/revisions\/1174"}],"wp:attachment":[{"href":"https:\/\/robvq.qc.ca\/gdep\/wp-json\/wp\/v2\/media?parent=999"}],"curies":[{"name":"wp","href":"https:\/\/api.w.org\/{rel}","templated":true}]}}